{"id":9550,"date":"2020-11-05T19:46:23","date_gmt":"2020-11-05T18:46:23","guid":{"rendered":"https:\/\/www.miel-montet.com\/kaspia_new\/product\/sauce-soja-au-jus-de-truffe-noire-tuber-melanosporm-vitt-3-110ml\/"},"modified":"2026-04-22T13:35:20","modified_gmt":"2026-04-22T11:35:20","slug":"salsa-di-soia-con-succo-di-tartufo-nero","status":"publish","type":"product","link":"https:\/\/www.gourmandisedeluxe.com\/it\/sauce-soja-au-jus-de-truffe-noire\/","title":{"rendered":"Salsa di soia con succo di tartufo nero"},"content":{"rendered":"<p>La Sauce Soja au Jus de Truffe Noire est l&#8217;un des mariages les plus surprenants et les plus r\u00e9ussis de la gamme Maison de la Truffe. En conjuguant la sauce soja \u2014 ferment\u00e9e selon les m\u00e9thodes traditionnelles, \u00e0 base d&#8217;eau, soja, bl\u00e9, sel et vinaigre d&#8217;alcool \u2014 avec la finesse du jus de Truffe Noire <em>Melanosporum<\/em>, elle cr\u00e9e une alliance umami qui repousse les fronti\u00e8res des cuisines du monde.<\/p>\n<p>Le r\u00e9sultat est une sauce complexe, profonde, \u00e0 la fois sal\u00e9e, l\u00e9g\u00e8rement sucr\u00e9e et rich en notes terreuses caract\u00e9ristiques de la truffe noire. Elle accompagne avec une \u00e9gale aisance les pr\u00e9parations asiatiques et les recettes europ\u00e9ennes, ce qui en fait un ingr\u00e9dient de fusion particuli\u00e8rement polyvalent dans une cuisine moderne et ouverte.<\/p>\n<p>Utilisez-la comme base d&#8217;une sauce d\u00e9lac\u00e9e pour une entrecote ou un filet de daurade, comme marinade express pour un tataki ou un yakitori, ou simplement en accompagnement de sushis, makis et sashimis. Elle transforme \u00e9galement une vinaigrette classique : quelques gouttes m\u00e9lang\u00e9es \u00e0 de l&#8217;huile de s\u00e9same et du gingembre frais r\u00e2p\u00e9 donnent un assaisonnement d&#8217;une grande personnalit\u00e9.<\/p>\n<p>\u00c0 utiliser avec parcimonie au d\u00e9but pour r\u00e9gler le niveau sal\u00e9 en fonction des recettes. Conserver dans un endroit frais et sec. Apr\u00e8s ouverture, r\u00e9frig\u00e9rer et utiliser dans le mois.<\/p>","protected":false},"excerpt":{"rendered":"<p>Questa salsa pu\u00f2 essere utilizzata come base per salse elaborate, per deglassare carne e pesce e semplicemente per accompagnare sushi e maki. Attenzione alla dipendenza, perch\u00e9 questa salsa \u00e8 il risultato della sottile e riuscita combinazione tra la tradizionale salsa di soia e il delicato sapore del tartufo!<\/p>\n<p><strong>Composizione: salsa di soia (acqua, soia, frumento, sale, aceto di alcool, alcool, zucchero) 95%, succo di tartufo nero (Tuber melanosporum Vitt .) 3%, sale, aroma, conservante: sorbato di potassio.<\/strong><\/p>\n<p><em>Conservazione: Conservare in un luogo fresco e asciutto.<\/em><\/p>\n<p>Quantit\u00e0: 110 ml<br \/>\nPrezzo al litro: 118,18 \u20ac<\/p>","protected":false},"featured_media":16294,"comment_status":"closed","ping_status":"closed","template":"","meta":[],"product_brand":[],"product_cat":[62,68],"product_tag":[],"class_list":{"0":"post-9550","1":"product","2":"type-product","3":"status-publish","4":"has-post-thumbnail","6":"product_cat-epicerie","7":"product_cat-nouveautes","9":"first","10":"outofstock","11":"taxable","12":"shipping-taxable","13":"purchasable","14":"product-type-simple"},"_links":{"self":[{"href":"https:\/\/www.gourmandisedeluxe.com\/it\/wp-json\/wp\/v2\/product\/9550","targetHints":{"allow":["GET"]}}],"collection":[{"href":"https:\/\/www.gourmandisedeluxe.com\/it\/wp-json\/wp\/v2\/product"}],"about":[{"href":"https:\/\/www.gourmandisedeluxe.com\/it\/wp-json\/wp\/v2\/types\/product"}],"replies":[{"embeddable":true,"href":"https:\/\/www.gourmandisedeluxe.com\/it\/wp-json\/wp\/v2\/comments?post=9550"}],"version-history":[{"count":0,"href":"https:\/\/www.gourmandisedeluxe.com\/it\/wp-json\/wp\/v2\/product\/9550\/revisions"}],"wp:featuredmedia":[{"embeddable":true,"href":"https:\/\/www.gourmandisedeluxe.com\/it\/wp-json\/wp\/v2\/media\/16294"}],"wp:attachment":[{"href":"https:\/\/www.gourmandisedeluxe.com\/it\/wp-json\/wp\/v2\/media?parent=9550"}],"wp:term":[{"taxonomy":"product_brand","embeddable":true,"href":"https:\/\/www.gourmandisedeluxe.com\/it\/wp-json\/wp\/v2\/product_brand?post=9550"},{"taxonomy":"product_cat","embeddable":true,"href":"https:\/\/www.gourmandisedeluxe.com\/it\/wp-json\/wp\/v2\/product_cat?post=9550"},{"taxonomy":"product_tag","embeddable":true,"href":"https:\/\/www.gourmandisedeluxe.com\/it\/wp-json\/wp\/v2\/product_tag?post=9550"}],"curies":[{"name":"wp","href":"https:\/\/api.w.org\/{rel}","templated":true}]}}