{"id":9505,"date":"2020-11-05T19:46:23","date_gmt":"2020-11-05T18:46:23","guid":{"rendered":"https:\/\/www.miel-montet.com\/kaspia_new\/product\/presentoir-a-caviar-no-ice-pour-30g-50g-100g-125g-de-caviar\/"},"modified":"2026-04-22T15:05:43","modified_gmt":"2026-04-22T13:05:43","slug":"nessuna-esposizione-di-caviale-di-ghiaccio","status":"publish","type":"product","link":"https:\/\/www.gourmandisedeluxe.com\/it\/presentoir-a-caviar-no-ice\/","title":{"rendered":"Espositore per caviale \u201cNo Ice\u201d"},"content":{"rendered":"<p>Le <strong>Pr\u00e9sentoir \u00e0 Caviar No Ice Kaspia<\/strong> est la r\u00e9ponse de la Maison aux contraintes du service contemporain : plus besoin de glac\u00e9, plus d&#8217;eau de fonte \u00e0 g\u00e9rer, plus de risque de mouiller la nappe ou de voir la glac\u00e9 fondre avant la fin du service. Ce syst\u00e8me innovant maintient la bo\u00eete de caviar \u00e0 la temp\u00e9rature id\u00e9ale sans glac\u00e9, gr\u00e2ce \u00e0 un syst\u00e8me de refroidissement int\u00e9gr\u00e9 et rechargeable.<\/p>\n<p>Aussi \u00e9l\u00e9gant que le pr\u00e9sentoir classique dans ses lignes et sa finition sign\u00e9e Kaspia, il apporte une libert\u00e9 de service suppl\u00e9mentaire : id\u00e9al pour les r\u00e9ceptions debout, les buffets, les dressages de table o\u00f9 l&#8217;absence de glac\u00e9 est un atout esth\u00e9tique. Propos\u00e9 \u00e0 <strong>289\u20ac<\/strong>.<\/p>\n<p>L&#8217;accessoire de service caviar pour les am\u00e9nateurs exigeants qui veulent unir la tradition du service Kaspia \u00e0 la commodit\u00e9 moderne. Cadeau id\u00e9al pour un amateur de caviar \u00e9quip\u00e9, un cadeau d&#8217;entreprise gastronomique haut de gamme ou un investissement personnel dans le rituel de la d\u00e9gustation. Livr\u00e9 avec les instructions de recharge et d&#8217;entretien de la Maison.<\/p>","protected":false},"excerpt":{"rendered":"<p><strong>Caviar Kaspia rivoluziona il modo di gustare il caviale!<\/strong><\/p>\n<p>Come suggerisce il nome, non serve pi\u00f9 il ghiaccio: grazie a una tecnologia brevettata, mantiene il caviale alla temperatura perfetta per tutta la durata della degustazione.<br \/>\nDal design elegante e decisamente contemporaneo, questo espositore in porcellana offre la temperatura ideale per degustare il caviale a regola d'arte.<br \/>\nQuesto espositore pu\u00f2 contenere confezioni da 30 g, 50 g, 100 g, 125 g.<\/p>\n<p><strong>Innovazione tecnologica \u2013 Made in France \u2013 Brevetto depositato dal marchio Mac\u00e9o Paris<\/strong><\/p>\n<p><em>Dimensioni: 13 cm di diametro per 4 cm di altezza<\/em><\/p>\n<p><em>Consigli per l'uso: riporre il supporto nel congelatore o a una temperatura di 0 \u00b0C per almeno 2 ore prima di inserirvi la scatola di caviale al momento di servire. Il prodotto pu\u00f2 essere utilizzato senza limiti di tempo.<\/em><\/p>\n<p><em>Questo espositore \u00e8 venduto nella sua confezione Caviar Kaspia.<br \/>\n<\/em><em>No Ice \u00e8 un marchio registrato da Caviar Kaspia.<\/em><\/p>","protected":false},"featured_media":24436,"comment_status":"closed","ping_status":"closed","template":"","meta":[],"product_brand":[],"product_cat":[104,142,143],"product_tag":[],"class_list":{"0":"post-9505","1":"product","2":"type-product","3":"status-publish","4":"has-post-thumbnail","6":"product_cat-accessoires-kaspia","7":"product_cat-arts-de-la-table-kaspia","8":"product_cat-fetes-kaspia","10":"first","11":"outofstock","12":"taxable","13":"shipping-taxable","14":"purchasable","15":"product-type-simple"},"_links":{"self":[{"href":"https:\/\/www.gourmandisedeluxe.com\/it\/wp-json\/wp\/v2\/product\/9505","targetHints":{"allow":["GET"]}}],"collection":[{"href":"https:\/\/www.gourmandisedeluxe.com\/it\/wp-json\/wp\/v2\/product"}],"about":[{"href":"https:\/\/www.gourmandisedeluxe.com\/it\/wp-json\/wp\/v2\/types\/product"}],"replies":[{"embeddable":true,"href":"https:\/\/www.gourmandisedeluxe.com\/it\/wp-json\/wp\/v2\/comments?post=9505"}],"version-history":[{"count":0,"href":"https:\/\/www.gourmandisedeluxe.com\/it\/wp-json\/wp\/v2\/product\/9505\/revisions"}],"wp:featuredmedia":[{"embeddable":true,"href":"https:\/\/www.gourmandisedeluxe.com\/it\/wp-json\/wp\/v2\/media\/24436"}],"wp:attachment":[{"href":"https:\/\/www.gourmandisedeluxe.com\/it\/wp-json\/wp\/v2\/media?parent=9505"}],"wp:term":[{"taxonomy":"product_brand","embeddable":true,"href":"https:\/\/www.gourmandisedeluxe.com\/it\/wp-json\/wp\/v2\/product_brand?post=9505"},{"taxonomy":"product_cat","embeddable":true,"href":"https:\/\/www.gourmandisedeluxe.com\/it\/wp-json\/wp\/v2\/product_cat?post=9505"},{"taxonomy":"product_tag","embeddable":true,"href":"https:\/\/www.gourmandisedeluxe.com\/it\/wp-json\/wp\/v2\/product_tag?post=9505"}],"curies":[{"name":"wp","href":"https:\/\/api.w.org\/{rel}","templated":true}]}}