{"id":9487,"date":"2020-11-05T19:46:09","date_gmt":"2020-11-05T18:46:09","guid":{"rendered":"https:\/\/www.miel-montet.com\/kaspia_new\/product\/matriochka-tatiana-pour-100-a-125g-de-caviar\/"},"modified":"2026-04-22T15:06:30","modified_gmt":"2026-04-22T13:06:30","slug":"matrioska-tatiana","status":"publish","type":"product","link":"https:\/\/www.gourmandisedeluxe.com\/it\/matriochka-tatiana\/","title":{"rendered":"Matrioska Tatiana"},"content":{"rendered":"<p>La <strong>Matrioska Tatiana<\/strong> est la deuxi\u00e8me de la collection Kaspia, plus grande et plus g\u00e9n\u00e9reuse qu&#8217;Anastasia, avec un niveau de d\u00e9tail et de finesse sup\u00e9rieur dans la peinture et les motifs. Son costume aux tons chauds et ses traits \u00e9labor\u00e9s \u00e0 l&#8217;or fin en font une pi\u00e8ce de collection imm\u00e9diatement remarquable, pos\u00e9e sur une \u00e9tag\u00e8re ou pr\u00e9sent\u00e9e dans son \u00e9crin.<\/p>\n<p>Peinte \u00e0 la main selon les traditions artisanales russes, chaque matriochka Kaspia est une pi\u00e8ce unique dont les d\u00e9tails \u2014 visage, costume, motifs floraux, rehauts dor\u00e9s \u2014 sont ex\u00e9cut\u00e9s par un seul artisan du debut \u00e0 la fin. Le proc\u00e9d\u00e9 de laquage, appliqu\u00e9 en plusieurs couches, garantit une protection durable des couleurs et un fini brillant caract\u00e9ristique. Propos\u00e9e \u00e0 <strong>650\u20ac<\/strong>.<\/p>\n<p>Un cadeau d&#8217;exception pour les collectionneurs d&#8217;art populaire russe, les amateurs de Kaspia qui souhaitent poss\u00e9der un objet de la Maison d&#8217;une dimension artistique r\u00e9elle, ou pour tout grand moment de vie qui m\u00e9rite un cadeau hors du commun. Livr\u00e9e dans son \u00e9crin de la Maison, avec certificate d&#8217;authenticit\u00e9 artisanale.<\/p>","protected":false},"excerpt":{"rendered":"<ul>\n<li>Altezza: 20 cm<\/li>\n<li>Larghezza 14 cm<\/li>\n<\/ul>\n<p>Le Matrioska in porcellana di Limoges, una nuova gamma di espositori per caviale.<\/p>\n<p>La collaborazione tra Caviar Kaspia e Maison Carpenet ha dato vita a una gamma di espositori per caviale originali, rari e preziosi, che con originalit\u00e0 e raffinatezza esaltano il caviale come vuole la tradizione.<\/p>\n<p>Con un cenno alle origini di Kaspia, queste matrioske invitano a un viaggio onirico nel cuore della Russia, tra tradizione e modernit\u00e0. Simboli di famiglia e fertilit\u00e0, rendono ora omaggio alla rarit\u00e0 e all'eccezionalit\u00e0 del caviale della maison Kaspia.<\/p>\n<p>Questa collezione raffinata e delicata, emblematica della pi\u00f9 pura tradizione artigianale francese, \u00e8 stata ideata dal designer Georges Riu. Frutto della combinazione di numerose competenze, queste quattro bambole russe sono veri e propri gioielli fatti a mano, decorati con smalto nero, disegnati con oro fino e incastonati con una chiusura in ottone dorato.<\/p>\n<p><em>* Questo prodotto \u00c3\u0192\u00c2\u00a8 venduto senza caviale.<\/em><\/p>","protected":false},"featured_media":24417,"comment_status":"closed","ping_status":"closed","template":"","meta":[],"product_brand":[],"product_cat":[104,199,142,143],"product_tag":[],"class_list":{"0":"post-9487","1":"product","2":"type-product","3":"status-publish","4":"has-post-thumbnail","6":"product_cat-accessoires-kaspia","7":"product_cat-ads_deco","8":"product_cat-arts-de-la-table-kaspia","9":"product_cat-fetes-kaspia","11":"first","12":"instock","13":"taxable","14":"shipping-taxable","15":"purchasable","16":"product-type-simple"},"_links":{"self":[{"href":"https:\/\/www.gourmandisedeluxe.com\/it\/wp-json\/wp\/v2\/product\/9487","targetHints":{"allow":["GET"]}}],"collection":[{"href":"https:\/\/www.gourmandisedeluxe.com\/it\/wp-json\/wp\/v2\/product"}],"about":[{"href":"https:\/\/www.gourmandisedeluxe.com\/it\/wp-json\/wp\/v2\/types\/product"}],"replies":[{"embeddable":true,"href":"https:\/\/www.gourmandisedeluxe.com\/it\/wp-json\/wp\/v2\/comments?post=9487"}],"version-history":[{"count":0,"href":"https:\/\/www.gourmandisedeluxe.com\/it\/wp-json\/wp\/v2\/product\/9487\/revisions"}],"wp:featuredmedia":[{"embeddable":true,"href":"https:\/\/www.gourmandisedeluxe.com\/it\/wp-json\/wp\/v2\/media\/24417"}],"wp:attachment":[{"href":"https:\/\/www.gourmandisedeluxe.com\/it\/wp-json\/wp\/v2\/media?parent=9487"}],"wp:term":[{"taxonomy":"product_brand","embeddable":true,"href":"https:\/\/www.gourmandisedeluxe.com\/it\/wp-json\/wp\/v2\/product_brand?post=9487"},{"taxonomy":"product_cat","embeddable":true,"href":"https:\/\/www.gourmandisedeluxe.com\/it\/wp-json\/wp\/v2\/product_cat?post=9487"},{"taxonomy":"product_tag","embeddable":true,"href":"https:\/\/www.gourmandisedeluxe.com\/it\/wp-json\/wp\/v2\/product_tag?post=9487"}],"curies":[{"name":"wp","href":"https:\/\/api.w.org\/{rel}","templated":true}]}}