{"id":9484,"date":"2020-11-05T19:46:09","date_gmt":"2020-11-05T18:46:09","guid":{"rendered":"https:\/\/www.miel-montet.com\/kaspia_new\/product\/matriochka-anastasia-pour-30-a-50g-de-caviar\/"},"modified":"2026-04-22T15:06:30","modified_gmt":"2026-04-22T13:06:30","slug":"matriochka-anastasia","status":"publish","type":"product","link":"https:\/\/www.gourmandisedeluxe.com\/it\/matriochka-anastasia\/","title":{"rendered":"Matrioska Anastasia"},"content":{"rendered":"<p>L&#8217;entr\u00e9e dans la collection Matriochka Kaspia, la <strong>Matrioska Anastasia<\/strong> est d\u00e9j\u00e0 une pi\u00e8ce d&#8217;exception. Peinte \u00e0 la main par des artisans russes selon les techniques traditionnelles h\u00e9rit\u00e9es du village de Semionov, elle repr\u00e9sente une jeune femme dont le visage et le costume sont inspir\u00e9s de l&#8217;esth\u00e9tique Kaspia : raffin\u00e9e, color\u00e9e, charg\u00e9e de symboles gastronomiques et culturels. Cinq poup\u00e9es embo\u00eeted\u00e9es, chacune plus petite et plus d\u00e9taill\u00e9e que la pr\u00e9c\u00e9dente.<\/p>\n<p>Peinte \u00e0 la main selon les traditions artisanales russes, chaque matriochka Kaspia est une pi\u00e8ce unique dont les d\u00e9tails \u2014 visage, costume, motifs floraux, rehauts dor\u00e9s \u2014 sont ex\u00e9cut\u00e9s par un seul artisan du debut \u00e0 la fin. Le proc\u00e9d\u00e9 de laquage, appliqu\u00e9 en plusieurs couches, garantit une protection durable des couleurs et un fini brillant caract\u00e9ristique. Propos\u00e9e \u00e0 <strong>400\u20ac<\/strong>.<\/p>\n<p>Un cadeau d&#8217;exception pour les collectionneurs d&#8217;art populaire russe, les amateurs de Kaspia qui souhaitent poss\u00e9der un objet de la Maison d&#8217;une dimension artistique r\u00e9elle, ou pour tout grand moment de vie qui m\u00e9rite un cadeau hors du commun. Livr\u00e9e dans son \u00e9crin de la Maison, avec certificate d&#8217;authenticit\u00e9 artisanale.<\/p>","protected":false},"excerpt":{"rendered":"<ul>\n<li>Altezza: 13 cm<\/li>\n<li>Larghezza: 10 cm<\/li>\n<\/ul>\n<p>Le Matrioska in porcellana di Limoges, una nuova gamma di espositori per caviale.<\/p>\n<p>La collaborazione tra Caviar Kaspia e Maison Carpenet ha dato vita a una gamma di espositori per caviale originali, rari e preziosi, che con originalit\u00e0 e raffinatezza esaltano il caviale come vuole la tradizione.<\/p>\n<p>Con un cenno alle origini di Kaspia, queste matrioske invitano a un viaggio onirico nel cuore della Russia, tra tradizione e modernit\u00e0. Simboli di famiglia e fertilit\u00e0, rendono ora omaggio alla rarit\u00e0 e all'eccezionalit\u00e0 del caviale della maison Kaspia.<\/p>\n<p>Questa collezione raffinata e delicata, emblematica della pi\u00f9 pura tradizione artigianale francese, \u00e8 stata ideata dal designer Georges Riu. Frutto della combinazione di numerose competenze, queste quattro bambole russe sono veri e propri gioielli fatti a mano, decorati con smalto nero, disegnati con oro fino e incastonati con una chiusura in ottone dorato.<\/p>\n<p><em>* Questo prodotto \u00c3\u0192\u00c2\u00a8 venduto senza caviale.<\/em><\/p>","protected":false},"featured_media":24362,"comment_status":"closed","ping_status":"closed","template":"","meta":[],"product_brand":[],"product_cat":[104,199,142,143],"product_tag":[],"class_list":{"0":"post-9484","1":"product","2":"type-product","3":"status-publish","4":"has-post-thumbnail","6":"product_cat-accessoires-kaspia","7":"product_cat-ads_deco","8":"product_cat-arts-de-la-table-kaspia","9":"product_cat-fetes-kaspia","11":"first","12":"instock","13":"taxable","14":"shipping-taxable","15":"purchasable","16":"product-type-simple"},"_links":{"self":[{"href":"https:\/\/www.gourmandisedeluxe.com\/it\/wp-json\/wp\/v2\/product\/9484","targetHints":{"allow":["GET"]}}],"collection":[{"href":"https:\/\/www.gourmandisedeluxe.com\/it\/wp-json\/wp\/v2\/product"}],"about":[{"href":"https:\/\/www.gourmandisedeluxe.com\/it\/wp-json\/wp\/v2\/types\/product"}],"replies":[{"embeddable":true,"href":"https:\/\/www.gourmandisedeluxe.com\/it\/wp-json\/wp\/v2\/comments?post=9484"}],"version-history":[{"count":0,"href":"https:\/\/www.gourmandisedeluxe.com\/it\/wp-json\/wp\/v2\/product\/9484\/revisions"}],"wp:featuredmedia":[{"embeddable":true,"href":"https:\/\/www.gourmandisedeluxe.com\/it\/wp-json\/wp\/v2\/media\/24362"}],"wp:attachment":[{"href":"https:\/\/www.gourmandisedeluxe.com\/it\/wp-json\/wp\/v2\/media?parent=9484"}],"wp:term":[{"taxonomy":"product_brand","embeddable":true,"href":"https:\/\/www.gourmandisedeluxe.com\/it\/wp-json\/wp\/v2\/product_brand?post=9484"},{"taxonomy":"product_cat","embeddable":true,"href":"https:\/\/www.gourmandisedeluxe.com\/it\/wp-json\/wp\/v2\/product_cat?post=9484"},{"taxonomy":"product_tag","embeddable":true,"href":"https:\/\/www.gourmandisedeluxe.com\/it\/wp-json\/wp\/v2\/product_tag?post=9484"}],"curies":[{"name":"wp","href":"https:\/\/api.w.org\/{rel}","templated":true}]}}