{"id":9361,"date":"2020-11-05T19:45:42","date_gmt":"2020-11-05T18:45:42","guid":{"rendered":"https:\/\/www.miel-montet.com\/kaspia_new\/product\/preparation-culinaire-a-base-de-vinaigre-balsamique-de-modene-igp-et-jus-de-truffe-tuber-melanosporum-et-tuber-brumale-3-100ml\/"},"modified":"2026-04-22T14:18:30","modified_gmt":"2026-04-22T12:18:30","slug":"vinaigre-balsamique-modene-igp-jus-de-truffe","status":"publish","type":"product","link":"https:\/\/www.gourmandisedeluxe.com\/it\/vinaigre-balsamique-modene-igp-jus-de-truffe\/","title":{"rendered":"Preparazione culinaria a base di Aceto Balsamico di Modena IGP e Succo di Tartufo"},"content":{"rendered":"<p>L&#8217;accord entre la truffe et le vinaigre balsamique est l&#8217;un des mariages les plus inattendus et les plus r\u00e9ussis de la gastronomie contemporaine. Cette <strong>pr\u00e9paration culinaire \u00e0 base de Vinaigre Balsamique de Mod\u00e8ne IGP et de Jus de Truffe<\/strong> en est la preuve \u00e9clatante : la douceur caramel\u00e9e et l&#8217;acidit\u00e9 velu\u00e9e du balsamique s&#8217;entrelacent avec la profondeur terreuse de la truffe pour cr\u00e9er un condiment d&#8217;une complexit\u00e9 redoutable.<\/p>\n<p>Le Vinaigre Balsamique de Mod\u00e8ne <strong>IGP<\/strong> \u2014 Indication G\u00e9ographique Prot\u00e9g\u00e9e \u2014 garantit l&#8217;origine et la qualit\u00e9 du vinaigre utilis\u00e9 comme base. Le jus de truffe vient y ajouter une dimension umami suppl\u00e9mentaire qui \u00e9l\u00e8ve ce condiment bien au-del\u00e0 du simple vinaigre de qualit\u00e9. Le flacon de <strong>241 millilitres<\/strong> offre une r\u00e9serve g\u00e9n\u00e9reuse pour de nombreuses pr\u00e9parations.<\/p>\n<p>Filet\u00e9 sur une salade de roquette aux copeaux de parmesan, une burrata grill\u00e9e, un carpaccio de boeuf, des fraises de saison ou un foie gras mi-cuit, il apporte imm\u00e9diatement une note gastronomique \u00e0 n&#8217;importe quel plat. Peut \u00e9galement s&#8217;utiliser en r\u00e9duction pour napper un magret de canard ou un filet de boeuf. Un condiment deux-en-un, rare et versatile, \u00e0 avoir imp\u00e9rativement dans sa cuisine.<\/p>","protected":false},"excerpt":{"rendered":"<p>Utilizzato in una vinaigrette, abbinato ai sapori di un olio d'oliva al tartufo nero, questo aceto balsamico al tartufo conferir\u00e0 un sapore agrodolce e tartufato a tutte le vostre insalate.<\/p>\n<p><strong>Composizione: Aceto Balsamico di Modena IGP (mosto d'uva cotto, aceto di vino) 96%, succo di tartufo (Tuber Melanosporum, Tuber Brumale in proporzione variabile) 3%, aroma.<\/strong><\/p>\n<p><em>Conservazione: In un locale asciutto e fresco, al riparo dalla luce.<\/em><\/p>\n<p><em>Quantit\u00e0: 100 ml<br \/>\n<\/em><em>Prezzo al litro: 165 \u20ac<\/em><\/p>","protected":false},"featured_media":16325,"comment_status":"closed","ping_status":"closed","template":"","meta":[],"product_brand":[],"product_cat":[72,75],"product_tag":[],"class_list":{"0":"post-9361","1":"product","2":"type-product","3":"status-publish","4":"has-post-thumbnail","6":"product_cat-epicerie-fine","7":"product_cat-huiles-et-vinaigres","9":"first","10":"instock","11":"taxable","12":"shipping-taxable","13":"purchasable","14":"product-type-simple"},"_links":{"self":[{"href":"https:\/\/www.gourmandisedeluxe.com\/it\/wp-json\/wp\/v2\/product\/9361","targetHints":{"allow":["GET"]}}],"collection":[{"href":"https:\/\/www.gourmandisedeluxe.com\/it\/wp-json\/wp\/v2\/product"}],"about":[{"href":"https:\/\/www.gourmandisedeluxe.com\/it\/wp-json\/wp\/v2\/types\/product"}],"replies":[{"embeddable":true,"href":"https:\/\/www.gourmandisedeluxe.com\/it\/wp-json\/wp\/v2\/comments?post=9361"}],"version-history":[{"count":0,"href":"https:\/\/www.gourmandisedeluxe.com\/it\/wp-json\/wp\/v2\/product\/9361\/revisions"}],"wp:featuredmedia":[{"embeddable":true,"href":"https:\/\/www.gourmandisedeluxe.com\/it\/wp-json\/wp\/v2\/media\/16325"}],"wp:attachment":[{"href":"https:\/\/www.gourmandisedeluxe.com\/it\/wp-json\/wp\/v2\/media?parent=9361"}],"wp:term":[{"taxonomy":"product_brand","embeddable":true,"href":"https:\/\/www.gourmandisedeluxe.com\/it\/wp-json\/wp\/v2\/product_brand?post=9361"},{"taxonomy":"product_cat","embeddable":true,"href":"https:\/\/www.gourmandisedeluxe.com\/it\/wp-json\/wp\/v2\/product_cat?post=9361"},{"taxonomy":"product_tag","embeddable":true,"href":"https:\/\/www.gourmandisedeluxe.com\/it\/wp-json\/wp\/v2\/product_tag?post=9361"}],"curies":[{"name":"wp","href":"https:\/\/api.w.org\/{rel}","templated":true}]}}