{"id":9310,"date":"2020-11-05T19:45:26","date_gmt":"2020-11-05T18:45:26","guid":{"rendered":"https:\/\/www.miel-montet.com\/kaspia_new\/product\/sancerre-selection-kaspia-75cl\/"},"modified":"2026-04-22T14:42:42","modified_gmt":"2026-04-22T12:42:42","slug":"sancerre-selezione-kaspia","status":"publish","type":"product","link":"https:\/\/www.gourmandisedeluxe.com\/it\/sancerre-selection-kaspia\/","title":{"rendered":"Sancerre Selezione Kaspia"},"content":{"rendered":"<p>Le Sancerre est l&#8217;un des grands vins blancs de la Loire \u2014 un AOC de renom dont les expressions min\u00e9rales et aromatiques en font un accord gastronomique de premier ordre. Le <strong>Sancerre Selezione Kaspia<\/strong> est la cuvee choisie par la Maison pour accompagner ses produits de la mer et ses d\u00e9gustations de caviar : une s\u00e9lection qui dit beaucoup de l&#8217;exigence de Kaspia en mati\u00e8re de table.<\/p>\n<p>Issu du Sauvignon Blanc cultiv\u00e9 sur les terroirs argilo-calc\u00e9naires du Sancerrois, ce vin s\u00e9duit par sa franchise et sa pr\u00e9cision : nez d&#8217;agrumes vifs, de groseille \u00e0 maquereau, de silex mouill\u00e9 et de buis. En bouche, l&#8217;acidit\u00e9 est vive et structurant, le corps est \u00e9tir\u00e9 et tendu, la finale est longue et min\u00e9rale. A <strong>38\u20ac<\/strong>, il offre un rapport qualit\u00e9-prix remarquable pour une s\u00e9lection de maison.<\/p>\n<p>L&#8217;accord Sancerre-caviar est une alternative fran\u00e7aise \u00e0 la vodka, moins connue mais tout aussi pertinente : la min\u00e9ralit\u00e9 du vin r\u00e9ponde au go\u00fbt iod\u00e9 du caviar avec une \u00e9l\u00e9gance toute lorraine. Il accompagne \u00e9galement avec bonheur une assiette de fromages de ch\u00e8vre du Centre-Loire, des saint-jacques poel\u00e9es ou un tartare de bar. A servir \u00e0 10-12\u00b0C.<\/p>","protected":false},"excerpt":{"rendered":"<p>Kaspia vi propone il suo Sancerre Cuv\u00e9e Prestige selezionato: i migliori terroir di Sancerre vi offrono questa espressione aromatica del Sauvignon.<\/p>\n<p><strong>L'abuso di alcol \u00e8 pericoloso per la salute. Da consumare con moderazione.<\/strong><\/p>\n<p><i>Quantit\u00e0: 75 cl<br \/>\n<\/i><em>Prezzo al litro: 32 \u20ac<\/em><\/p>","protected":false},"featured_media":24515,"comment_status":"closed","ping_status":"closed","template":"","meta":[],"product_brand":[],"product_cat":[144,143,145],"product_tag":[],"class_list":{"0":"post-9310","1":"product","2":"type-product","3":"status-publish","4":"has-post-thumbnail","6":"product_cat-a-lapero-kaspia","7":"product_cat-fetes-kaspia","8":"product_cat-la-cave-kaspia","10":"first","11":"instock","12":"taxable","13":"shipping-taxable","14":"purchasable","15":"product-type-simple"},"_links":{"self":[{"href":"https:\/\/www.gourmandisedeluxe.com\/it\/wp-json\/wp\/v2\/product\/9310","targetHints":{"allow":["GET"]}}],"collection":[{"href":"https:\/\/www.gourmandisedeluxe.com\/it\/wp-json\/wp\/v2\/product"}],"about":[{"href":"https:\/\/www.gourmandisedeluxe.com\/it\/wp-json\/wp\/v2\/types\/product"}],"replies":[{"embeddable":true,"href":"https:\/\/www.gourmandisedeluxe.com\/it\/wp-json\/wp\/v2\/comments?post=9310"}],"version-history":[{"count":0,"href":"https:\/\/www.gourmandisedeluxe.com\/it\/wp-json\/wp\/v2\/product\/9310\/revisions"}],"wp:featuredmedia":[{"embeddable":true,"href":"https:\/\/www.gourmandisedeluxe.com\/it\/wp-json\/wp\/v2\/media\/24515"}],"wp:attachment":[{"href":"https:\/\/www.gourmandisedeluxe.com\/it\/wp-json\/wp\/v2\/media?parent=9310"}],"wp:term":[{"taxonomy":"product_brand","embeddable":true,"href":"https:\/\/www.gourmandisedeluxe.com\/it\/wp-json\/wp\/v2\/product_brand?post=9310"},{"taxonomy":"product_cat","embeddable":true,"href":"https:\/\/www.gourmandisedeluxe.com\/it\/wp-json\/wp\/v2\/product_cat?post=9310"},{"taxonomy":"product_tag","embeddable":true,"href":"https:\/\/www.gourmandisedeluxe.com\/it\/wp-json\/wp\/v2\/product_tag?post=9310"}],"curies":[{"name":"wp","href":"https:\/\/api.w.org\/{rel}","templated":true}]}}