{"id":9271,"date":"2020-11-05T19:51:26","date_gmt":"2020-11-05T18:51:26","guid":{"rendered":"https:\/\/www.miel-montet.com\/kaspia_new\/product\/caviar-beluga-royal-a-partir-de-30g\/"},"modified":"2025-12-19T22:30:09","modified_gmt":"2025-12-19T21:30:09","slug":"caviale-royal-beluga","status":"publish","type":"product","link":"https:\/\/www.gourmandisedeluxe.com\/it\/caviar-beluga-royal\/","title":{"rendered":"Caviale reale Beluga"},"content":{"rendered":"<h2>Caviale Beluga Royal di Kaspia<\/h2>\n<p>Il beluga \u00e8 il pi\u00f9 grande degli storioni: pu\u00f2 misurare fino a 4 metri e pesare fino a 800 kg. Le sue uova sono le pi\u00f9 grandi che si possano trovare. Questa specie \u00e8 considerata la pi\u00f9 rara e preziosa.<br \/>\nI suoi grossi grani sono morbidi e fondenti, di colore che varia dal grigio chiaro al grigio intenso. Molto persistente al palato, questo caviale \u00e8 cremoso, con note di mandorle leggermente burrose. .<\/p>","protected":false},"excerpt":{"rendered":"<p>Il caviale Beluga Royal ha una grana grossa, morbida e fondente, di colore che varia dal grigio chiaro al grigio intenso. Molto persistente al palato, questo caviale \u00e8 cremoso, con note di mandorle leggermente burrose.<\/p>\n<p><strong>Composizione: uova di storione Huso huso, sale, conservante E285.<\/strong><\/p>\n<p><em>Conservazione: tra -2 \u00b0C e +2 \u00b0C.<\/em><\/p>","protected":false},"featured_media":24387,"comment_status":"closed","ping_status":"closed","template":"","meta":[],"product_brand":[],"product_cat":[194,103,143,108],"product_tag":[],"class_list":{"0":"post-9271","1":"product","2":"type-product","3":"status-publish","4":"has-post-thumbnail","6":"product_cat-ads_fruits-de-mer","7":"product_cat-caviars-caviars","8":"product_cat-fetes-kaspia","9":"product_cat-produits-de-saison","11":"first","12":"instock","13":"taxable","14":"shipping-taxable","15":"purchasable","16":"product-type-variable"},"_links":{"self":[{"href":"https:\/\/www.gourmandisedeluxe.com\/it\/wp-json\/wp\/v2\/product\/9271","targetHints":{"allow":["GET"]}}],"collection":[{"href":"https:\/\/www.gourmandisedeluxe.com\/it\/wp-json\/wp\/v2\/product"}],"about":[{"href":"https:\/\/www.gourmandisedeluxe.com\/it\/wp-json\/wp\/v2\/types\/product"}],"replies":[{"embeddable":true,"href":"https:\/\/www.gourmandisedeluxe.com\/it\/wp-json\/wp\/v2\/comments?post=9271"}],"version-history":[{"count":0,"href":"https:\/\/www.gourmandisedeluxe.com\/it\/wp-json\/wp\/v2\/product\/9271\/revisions"}],"wp:featuredmedia":[{"embeddable":true,"href":"https:\/\/www.gourmandisedeluxe.com\/it\/wp-json\/wp\/v2\/media\/24387"}],"wp:attachment":[{"href":"https:\/\/www.gourmandisedeluxe.com\/it\/wp-json\/wp\/v2\/media?parent=9271"}],"wp:term":[{"taxonomy":"product_brand","embeddable":true,"href":"https:\/\/www.gourmandisedeluxe.com\/it\/wp-json\/wp\/v2\/product_brand?post=9271"},{"taxonomy":"product_cat","embeddable":true,"href":"https:\/\/www.gourmandisedeluxe.com\/it\/wp-json\/wp\/v2\/product_cat?post=9271"},{"taxonomy":"product_tag","embeddable":true,"href":"https:\/\/www.gourmandisedeluxe.com\/it\/wp-json\/wp\/v2\/product_tag?post=9271"}],"curies":[{"name":"wp","href":"https:\/\/api.w.org\/{rel}","templated":true}]}}