{"id":9268,"date":"2020-11-05T19:48:26","date_gmt":"2020-11-05T18:48:26","guid":{"rendered":"https:\/\/www.miel-montet.com\/kaspia_new\/product\/caviar-oscietre-reserve-a-partir-de-30g\/"},"modified":"2026-04-22T13:27:27","modified_gmt":"2026-04-22T11:27:27","slug":"riserva-di-caviale-oscietre","status":"publish","type":"product","link":"https:\/\/www.gourmandisedeluxe.com\/it\/caviar-oscietre-reserve\/","title":{"rendered":"Caviale Osci\u00e8tre Riserva"},"content":{"rendered":"<p>L\u2019Osci\u00e8tre R\u00e9serve Kaspia est le fruit d\u2019une s\u00e9lection rigoureuse men\u00e9e par les experts de la maison\u00a0: seuls les lots pr\u00e9sentant les plus gros grains, les plus beaux, et le caract\u00e8re gustatif le plus affirm\u00e9 sont retenus pour cette cuv\u00e9e d\u2019exception. Issu de l\u2019esturgeon <em>Acipenser gueldenstaedtii<\/em>, l\u2019une des esp\u00e8ces les plus nobles de la famille des acipensers, il incarne la puissance aromatique de l\u2019Osci\u00e8tre dans toute sa splendeur.<\/p>\n<p>Sa robe ambr\u00e9e, d\u2019une profondeur remarquable, annonce d\u00e8s le premier regard un caviar de caract\u00e8re. En bouche, les grains sont fermes, g\u00e9n\u00e9reux, et lib\u00e8rent une explosion de saveurs complexes \u2014 iode franche, notes de noix, touche de noisette torr\u00e9fi\u00e9e \u2014 qui persistent longtemps sur le palais. Une belle longueur en bouche qui distingue l\u2019Osci\u00e8tre R\u00e9serve des s\u00e9lections courantes.<\/p>\n<p>Prodotto con uova di storione <em>Acipenser gueldenstaedtii<\/em>, de sel et de conservateur (E285). \u00c0 conserver entre \u22122\u00b0C et +2\u00b0C. Disponible de 30\u00a0g \u00e0 1\u00a0kg, il conviendra aux amateurs de caviar \u00e0 la personnalit\u00e9 marqu\u00e9e. \u00c0 marier avec un Chablis Premier Cru ou un champagne vineux et structur\u00e9.<\/p>","protected":false},"excerpt":{"rendered":"<p>Il caviale Osci\u00e8tre R\u00e9serve Kaspia \u00e8 una selezione dei grani pi\u00f9 grandi e pregiati di questo storione, effettuata dai nostri esperti, che promette un'esperienza gustativa indimenticabile. Questo caviale dal colore ambrato e dal sapore intenso garantisce una lunga persistenza in bocca.<\/p>\n<p><strong>Composizione: uova di storione Acipencer gueldenstaedtli, sale, conservante E285.<\/strong><\/p>\n<p><em>Conservazione: tra -2 \u00b0C e +2 \u00b0C. \u00a0 \u00a0<\/em><\/p>\n<p><em>Seleziona la quantit\u00e0 desiderata qui sotto<\/em><\/p>","protected":false},"featured_media":24378,"comment_status":"closed","ping_status":"closed","template":"","meta":[],"product_brand":[],"product_cat":[194,103],"product_tag":[],"class_list":{"0":"post-9268","1":"product","2":"type-product","3":"status-publish","4":"has-post-thumbnail","6":"product_cat-ads_fruits-de-mer","7":"product_cat-caviars-caviars","9":"first","10":"instock","11":"taxable","12":"shipping-taxable","13":"purchasable","14":"product-type-variable"},"_links":{"self":[{"href":"https:\/\/www.gourmandisedeluxe.com\/it\/wp-json\/wp\/v2\/product\/9268","targetHints":{"allow":["GET"]}}],"collection":[{"href":"https:\/\/www.gourmandisedeluxe.com\/it\/wp-json\/wp\/v2\/product"}],"about":[{"href":"https:\/\/www.gourmandisedeluxe.com\/it\/wp-json\/wp\/v2\/types\/product"}],"replies":[{"embeddable":true,"href":"https:\/\/www.gourmandisedeluxe.com\/it\/wp-json\/wp\/v2\/comments?post=9268"}],"version-history":[{"count":0,"href":"https:\/\/www.gourmandisedeluxe.com\/it\/wp-json\/wp\/v2\/product\/9268\/revisions"}],"wp:featuredmedia":[{"embeddable":true,"href":"https:\/\/www.gourmandisedeluxe.com\/it\/wp-json\/wp\/v2\/media\/24378"}],"wp:attachment":[{"href":"https:\/\/www.gourmandisedeluxe.com\/it\/wp-json\/wp\/v2\/media?parent=9268"}],"wp:term":[{"taxonomy":"product_brand","embeddable":true,"href":"https:\/\/www.gourmandisedeluxe.com\/it\/wp-json\/wp\/v2\/product_brand?post=9268"},{"taxonomy":"product_cat","embeddable":true,"href":"https:\/\/www.gourmandisedeluxe.com\/it\/wp-json\/wp\/v2\/product_cat?post=9268"},{"taxonomy":"product_tag","embeddable":true,"href":"https:\/\/www.gourmandisedeluxe.com\/it\/wp-json\/wp\/v2\/product_tag?post=9268"}],"curies":[{"name":"wp","href":"https:\/\/api.w.org\/{rel}","templated":true}]}}