{"id":9265,"date":"2020-11-05T19:47:26","date_gmt":"2020-11-05T18:47:26","guid":{"rendered":"https:\/\/www.miel-montet.com\/kaspia_new\/product\/caviar-oscietre-royal-a-partir-de-30g\/"},"modified":"2026-04-22T13:27:27","modified_gmt":"2026-04-22T11:27:27","slug":"caviale-reale-oscietre","status":"publish","type":"product","link":"https:\/\/www.gourmandisedeluxe.com\/it\/caviar-oscietre-royal\/","title":{"rendered":"Caviale Osci\u00e8tre Royal"},"content":{"rendered":"<p>Il Caviale Royal Osci\u00e8tre deve la sua unicit\u00e0 a un metodo di allevamento che gli conferisce una personalit\u00e0 tutta sua nella gamma Kaspia. Prodotto da storione <em>Acipenser gueldenstaedtii<\/em>, Il caviale, un pesce che pu\u00f2 pesare tra i 20 e i 50 kg, viene allevato in condizioni vicine all'ambiente naturale - il cosiddetto allevamento allo stato semibrado - che permette all'animale di sviluppare i suoi sapori in un ambiente meno vincolato. Il risultato \u00e8 un caviale di notevole vivacit\u00e0 e complessit\u00e0 aromatica.<\/p>\n<p>Gli acini sono grandi e sodi, con un palato ricco e sfumato: elegante iodio, note di nocciola e burro fresco, con un tocco di terroir che non si trova nell'invecchiamento intensivo. Ha un finale generoso e persistente, che lascia una firma gustativa memorabile.<\/p>\n<p>Prodotto con uova di storione <em>Acipenser gueldenstaedtii<\/em>, Conservante e sale E285. Conservare tra -2\u00b0C e +2\u00b0C. Disponibile nei formati da 30 g a 1 kg, Osci\u00e8tre Royal rappresenta un notevole equilibrio tra accessibilit\u00e0 ed eccellenza. \u00c8 un'introduzione ideale ai grandi caviali o una scelta sicura per una tavola gourmet. Da servire con un Meursault o uno champagne brut.<\/p>","protected":false},"excerpt":{"rendered":"<p>Il caviale Osci\u00e8tre R\u00e9serve Kaspia \u00e8 una selezione dei grani pi\u00f9 grandi e pregiati di questo storione, effettuata dai nostri esperti, che promette un'esperienza gustativa indimenticabile. Questo caviale dal colore ambrato e dal sapore intenso garantisce una lunga persistenza in bocca.<\/p>\n<p><strong>Composizione: uova di storione Acipencer gueldenstaedtli, sale, conservante E285.<\/strong><\/p>\n<p><em>Conservazione: tra -2 \u00b0C e +2 \u00b0C. \u00a0 \u00a0<\/em><\/p>\n<p><em>Seleziona la quantit\u00e0 desiderata qui sotto<\/em><\/p>","protected":false},"featured_media":24376,"comment_status":"closed","ping_status":"closed","template":"","meta":[],"product_brand":[],"product_cat":[194,103],"product_tag":[],"class_list":{"0":"post-9265","1":"product","2":"type-product","3":"status-publish","4":"has-post-thumbnail","6":"product_cat-ads_fruits-de-mer","7":"product_cat-caviars-caviars","9":"first","10":"instock","11":"taxable","12":"shipping-taxable","13":"purchasable","14":"product-type-variable"},"_links":{"self":[{"href":"https:\/\/www.gourmandisedeluxe.com\/it\/wp-json\/wp\/v2\/product\/9265","targetHints":{"allow":["GET"]}}],"collection":[{"href":"https:\/\/www.gourmandisedeluxe.com\/it\/wp-json\/wp\/v2\/product"}],"about":[{"href":"https:\/\/www.gourmandisedeluxe.com\/it\/wp-json\/wp\/v2\/types\/product"}],"replies":[{"embeddable":true,"href":"https:\/\/www.gourmandisedeluxe.com\/it\/wp-json\/wp\/v2\/comments?post=9265"}],"version-history":[{"count":0,"href":"https:\/\/www.gourmandisedeluxe.com\/it\/wp-json\/wp\/v2\/product\/9265\/revisions"}],"wp:featuredmedia":[{"embeddable":true,"href":"https:\/\/www.gourmandisedeluxe.com\/it\/wp-json\/wp\/v2\/media\/24376"}],"wp:attachment":[{"href":"https:\/\/www.gourmandisedeluxe.com\/it\/wp-json\/wp\/v2\/media?parent=9265"}],"wp:term":[{"taxonomy":"product_brand","embeddable":true,"href":"https:\/\/www.gourmandisedeluxe.com\/it\/wp-json\/wp\/v2\/product_brand?post=9265"},{"taxonomy":"product_cat","embeddable":true,"href":"https:\/\/www.gourmandisedeluxe.com\/it\/wp-json\/wp\/v2\/product_cat?post=9265"},{"taxonomy":"product_tag","embeddable":true,"href":"https:\/\/www.gourmandisedeluxe.com\/it\/wp-json\/wp\/v2\/product_tag?post=9265"}],"curies":[{"name":"wp","href":"https:\/\/api.w.org\/{rel}","templated":true}]}}