{"id":9259,"date":"2020-11-05T19:45:26","date_gmt":"2020-11-05T18:45:26","guid":{"rendered":"https:\/\/www.miel-montet.com\/kaspia_new\/product\/caviar-baeri-a-partir-de-30g\/"},"modified":"2025-12-19T22:13:15","modified_gmt":"2025-12-19T21:13:15","slug":"caviale-baeri","status":"publish","type":"product","link":"https:\/\/www.gourmandisedeluxe.com\/it\/caviar-baeri\/","title":{"rendered":"Caviale Baeri"},"content":{"rendered":"<h2>Caviale Baeri di Kaspia<\/h2>\n<p>Questo caviale eccezionale ha un sapore fresco e un delicato gusto di mare. La principale zona di pesca di questa specie di\u2019<strong>storione<\/strong> Si trova in Russia ed \u00e8 la specie pi\u00f9 diffusa negli allevamenti europei, in particolare in Francia e in Italia. Ogni chicco \u00e8 diverso per aspetto, gusto e consistenza.<br \/>\nLa variet\u00e0 di piatti in cui \u00e8 possibile utilizzare i caviali Baeri \u00e8 infinita. Dalle preparazioni pi\u00f9 semplici (uova, una fetta di pane tostato) alle ricette pi\u00f9 elaborate (tartare di beluga, brik di caviale o stuzzichini fantasiosi).<br \/>\nLe <strong>Caviale Baeri<\/strong> da <strong>Kaspia<\/strong> \u00e8 delicatamente succulento al palato, con un fresco sapore di nocciola. Stupite i vostri ospiti con il Caviale Baeri oggi stesso.<\/p>\n<p>Origine: Italia o Francia.<\/p>","protected":false},"excerpt":{"rendered":"<p>Le <strong>Caviale Baeri Kaspia<\/strong> proviene da una specie di storione che vive in Russia, allevato in Italia o in Bulgaria. Di colore scuro, i suoi grani sono di colore grigio antracite o marrone dorato. Delicati, i piccoli grani del caviale Baeri hanno un sapore decisamente iodato. Un sapore fine e delicato con una nota di nocciola fresca.<\/p>\n<p><strong>Composizione: uova di storione Acipencer baeri, sale, conservante E285.<\/strong><\/p>\n<p><em>Conservazione: tra -2 \u00b0C e +2 \u00b0C.<\/em><\/p>\n<p><em>Seleziona la quantit\u00e0 desiderata qui sotto<\/em><\/p>","protected":false},"featured_media":24369,"comment_status":"closed","ping_status":"closed","template":"","meta":[],"product_brand":[],"product_cat":[194,103,143],"product_tag":[],"class_list":{"0":"post-9259","1":"product","2":"type-product","3":"status-publish","4":"has-post-thumbnail","6":"product_cat-ads_fruits-de-mer","7":"product_cat-caviars-caviars","8":"product_cat-fetes-kaspia","10":"first","11":"instock","12":"taxable","13":"shipping-taxable","14":"purchasable","15":"product-type-variable"},"_links":{"self":[{"href":"https:\/\/www.gourmandisedeluxe.com\/it\/wp-json\/wp\/v2\/product\/9259","targetHints":{"allow":["GET"]}}],"collection":[{"href":"https:\/\/www.gourmandisedeluxe.com\/it\/wp-json\/wp\/v2\/product"}],"about":[{"href":"https:\/\/www.gourmandisedeluxe.com\/it\/wp-json\/wp\/v2\/types\/product"}],"replies":[{"embeddable":true,"href":"https:\/\/www.gourmandisedeluxe.com\/it\/wp-json\/wp\/v2\/comments?post=9259"}],"version-history":[{"count":0,"href":"https:\/\/www.gourmandisedeluxe.com\/it\/wp-json\/wp\/v2\/product\/9259\/revisions"}],"wp:featuredmedia":[{"embeddable":true,"href":"https:\/\/www.gourmandisedeluxe.com\/it\/wp-json\/wp\/v2\/media\/24369"}],"wp:attachment":[{"href":"https:\/\/www.gourmandisedeluxe.com\/it\/wp-json\/wp\/v2\/media?parent=9259"}],"wp:term":[{"taxonomy":"product_brand","embeddable":true,"href":"https:\/\/www.gourmandisedeluxe.com\/it\/wp-json\/wp\/v2\/product_brand?post=9259"},{"taxonomy":"product_cat","embeddable":true,"href":"https:\/\/www.gourmandisedeluxe.com\/it\/wp-json\/wp\/v2\/product_cat?post=9259"},{"taxonomy":"product_tag","embeddable":true,"href":"https:\/\/www.gourmandisedeluxe.com\/it\/wp-json\/wp\/v2\/product_tag?post=9259"}],"curies":[{"name":"wp","href":"https:\/\/api.w.org\/{rel}","templated":true}]}}