{"id":25072,"date":"2026-03-18T15:11:17","date_gmt":"2026-03-18T14:11:17","guid":{"rendered":"https:\/\/www.gourmandisedeluxe.com\/?post_type=product&#038;p=25072"},"modified":"2026-03-18T15:40:37","modified_gmt":"2026-03-18T14:40:37","slug":"truffe-trompe-loeil-lamelles-chocolat-noir","status":"publish","type":"product","link":"https:\/\/www.gourmandisedeluxe.com\/it\/truffe-trompe-loeil-lamelles-chocolat-noir\/","title":{"rendered":"Tartufi di cioccolato fondente a scaglie - Trompe l'\u0152il"},"content":{"rendered":"<p>Una nuova esperienza gastronomica offerta da La Maison de la Truffe per deliziare gli amanti del cioccolato e del tartufo.<\/p>\n<p>Per celebrare la Pasqua, La Maison de la Truffe propone una nuova creazione in collaborazione con Pascal Brunstein Meilleur Ouvrier de France Chocolatier.<\/p>\n<p>Si tratta di sottili fette di tartufo al cioccolato pi\u00f9 grandi del vero, con un diametro di circa 5 cm e uno spessore di 3 mm. Se l'effetto visivo del trompe l'oeil \u00e8 presente, l'esperienza gustativa \u00e8 all'altezza delle sue promesse.<\/p>\n<p>La scelta della variet\u00e0 di cioccolato \u00e8 caduta su un Grand Cru del Messico, le cui caratteristiche note aromatiche di sottobosco si fondono sottilmente con i sapori complessi del Tartufo Nero, che ricordano l'humus e i funghi. La feuillantina e i semi di chia aggiungono croccantezza, mentre un tocco finale di fleur de sel esalta i sapori.<\/p>","protected":false},"excerpt":{"rendered":"<p>Una nuova esperienza gastronomica offerta da La Maison de la Truffe per deliziare gli amanti del cioccolato e del tartufo.<\/p>\n<p>La Maison de la Truffe propone una nuova creazione in collaborazione con Pascal Brunstein Meilleur Ouvrier de France Chocolatier:<\/p>\n<p>Si tratta di sottili fette di tartufo al cioccolato pi\u00f9 grandi del vero, con un diametro di circa 5 cm e uno spessore di 3 mm. Se l'effetto visivo del trompe l'oeil \u00e8 presente, l'esperienza gustativa \u00e8 all'altezza delle sue promesse.<\/p>\n<p>La scelta della variet\u00e0 di cioccolato \u00e8 caduta su un Grand Cru del Messico, le cui caratteristiche note aromatiche di sottobosco si fondono sottilmente con i sapori complessi del Tartufo Nero, che ricordano l'humus e i funghi. La feuillantina e i semi di chia aggiungono croccantezza, mentre un tocco finale di fleur de sel esalta i sapori.<\/p>\n<p>Venduto in sacchetti da 10 strisce<\/p>\n<p><em>Ingredienti: cioccolato Grand Cru messicano, feuillantine setacciate, semi di chia, fleur de sel, aroma di tartufo.<\/em><\/p>\n<p>&nbsp;<\/p>\n<p>&nbsp;<\/p>","protected":false},"featured_media":25076,"comment_status":"open","ping_status":"closed","template":"","meta":[],"product_brand":[],"product_cat":[76,68,65],"product_tag":[],"class_list":{"0":"post-25072","1":"product","2":"type-product","3":"status-publish","4":"has-post-thumbnail","6":"product_cat-douceurs-sucrees","7":"product_cat-nouveautes","8":"product_cat-traiteur","10":"first","11":"instock","12":"taxable","13":"shipping-taxable","14":"purchasable","15":"product-type-simple"},"_links":{"self":[{"href":"https:\/\/www.gourmandisedeluxe.com\/it\/wp-json\/wp\/v2\/product\/25072","targetHints":{"allow":["GET"]}}],"collection":[{"href":"https:\/\/www.gourmandisedeluxe.com\/it\/wp-json\/wp\/v2\/product"}],"about":[{"href":"https:\/\/www.gourmandisedeluxe.com\/it\/wp-json\/wp\/v2\/types\/product"}],"replies":[{"embeddable":true,"href":"https:\/\/www.gourmandisedeluxe.com\/it\/wp-json\/wp\/v2\/comments?post=25072"}],"version-history":[{"count":0,"href":"https:\/\/www.gourmandisedeluxe.com\/it\/wp-json\/wp\/v2\/product\/25072\/revisions"}],"wp:featuredmedia":[{"embeddable":true,"href":"https:\/\/www.gourmandisedeluxe.com\/it\/wp-json\/wp\/v2\/media\/25076"}],"wp:attachment":[{"href":"https:\/\/www.gourmandisedeluxe.com\/it\/wp-json\/wp\/v2\/media?parent=25072"}],"wp:term":[{"taxonomy":"product_brand","embeddable":true,"href":"https:\/\/www.gourmandisedeluxe.com\/it\/wp-json\/wp\/v2\/product_brand?post=25072"},{"taxonomy":"product_cat","embeddable":true,"href":"https:\/\/www.gourmandisedeluxe.com\/it\/wp-json\/wp\/v2\/product_cat?post=25072"},{"taxonomy":"product_tag","embeddable":true,"href":"https:\/\/www.gourmandisedeluxe.com\/it\/wp-json\/wp\/v2\/product_tag?post=25072"}],"curies":[{"name":"wp","href":"https:\/\/api.w.org\/{rel}","templated":true}]}}