{"id":23519,"date":"2025-10-27T14:23:50","date_gmt":"2025-10-27T13:23:50","guid":{"rendered":"https:\/\/www.gourmandisedeluxe.com\/?post_type=product&#038;p=23519"},"modified":"2026-04-22T15:15:59","modified_gmt":"2026-04-22T13:15:59","slug":"plaid-kaspia-x-hotel-de-crillon","status":"publish","type":"product","link":"https:\/\/www.gourmandisedeluxe.com\/it\/plaid-kaspia-x-hotel-de-crillon\/","title":{"rendered":"Coperta \u2013 Edizione limitata Kaspia x H\u00f4tel de Crillon"},"content":{"rendered":"<p>L&#8217;<strong>\u00c9dition limit\u00e9e Plaid Kaspia x H\u00f4tel de Crillon<\/strong> est la version collaborative du plaid signature \u2014 con\u00e7ue \u00e0 l&#8217;occasion de la rencontre entre deux maisons d&#8217;exception de la Place de la Concorde. Les codes graphiques et chromatiques des deux institutions y sont tiss\u00e9s ou brod\u00e9s avec soin, cr\u00e9ant un objet textile qui raconte une histoire \u00e0 deux voix. Propos\u00e9 \u00e0 <strong>390\u20ac<\/strong>.<\/p>\n<p>Un collector textiel pour les fid\u00e8les des deux maisons, ou pour offrir un cadeau homewear d&#8217;un prestige double. \u00c9dition strictement limit\u00e9e.<\/p>","protected":false},"excerpt":{"rendered":"<p>Frutto della collaborazione esclusiva tra <strong data-start=\"270\" data-end=\"287\">Caviale Kaspia<\/strong> e <strong data-start=\"291\" data-end=\"313\">l'Hotel de Crillon<\/strong>, questo plaid  offre una <strong data-start=\"355\" data-end=\"388\">calore morbido e avvolgente<\/strong>, ideale per i momenti di relax pi\u00f9 raffinati.<\/p>\n<p>La sua texture delicata e la sua elegante vestibilit\u00e0 conferiscono un <strong data-start=\"501\" data-end=\"519\">comfort assoluto<\/strong>, mescolando <strong data-start=\"528\" data-end=\"559\">benessere e raffinatezza<\/strong>.<\/p>\n<p>Elemento essenziale di un <strong data-start=\"587\" data-end=\"609\">collezione capsule<\/strong> comprendente anche un <strong data-start=\"634\" data-end=\"644\">felpa con cappuccio<\/strong> e un <strong data-start=\"651\" data-end=\"661\">berretto<\/strong>, incarna un <strong data-start=\"677\" data-end=\"708\">lusso intimo e confortante<\/strong>, fedele allo spirito delle due case<\/p>\n<ul>\n<li>Etichetta ricamata cucita a mano<\/li>\n<li>100%  lana merino extrafine<\/li>\n<li>Toppa ricamata<\/li>\n<li>Dimensioni 130*175 cm<\/li>\n<\/ul>","protected":false},"featured_media":23545,"comment_status":"open","ping_status":"closed","template":"","meta":[],"product_brand":[],"product_cat":[182,185],"product_tag":[],"class_list":{"0":"post-23519","1":"product","2":"type-product","3":"status-publish","4":"has-post-thumbnail","6":"product_cat-collections","7":"product_cat-noel-2025","9":"first","10":"instock","11":"taxable","12":"shipping-taxable","13":"purchasable","14":"product-type-simple"},"_links":{"self":[{"href":"https:\/\/www.gourmandisedeluxe.com\/it\/wp-json\/wp\/v2\/product\/23519","targetHints":{"allow":["GET"]}}],"collection":[{"href":"https:\/\/www.gourmandisedeluxe.com\/it\/wp-json\/wp\/v2\/product"}],"about":[{"href":"https:\/\/www.gourmandisedeluxe.com\/it\/wp-json\/wp\/v2\/types\/product"}],"replies":[{"embeddable":true,"href":"https:\/\/www.gourmandisedeluxe.com\/it\/wp-json\/wp\/v2\/comments?post=23519"}],"version-history":[{"count":0,"href":"https:\/\/www.gourmandisedeluxe.com\/it\/wp-json\/wp\/v2\/product\/23519\/revisions"}],"wp:featuredmedia":[{"embeddable":true,"href":"https:\/\/www.gourmandisedeluxe.com\/it\/wp-json\/wp\/v2\/media\/23545"}],"wp:attachment":[{"href":"https:\/\/www.gourmandisedeluxe.com\/it\/wp-json\/wp\/v2\/media?parent=23519"}],"wp:term":[{"taxonomy":"product_brand","embeddable":true,"href":"https:\/\/www.gourmandisedeluxe.com\/it\/wp-json\/wp\/v2\/product_brand?post=23519"},{"taxonomy":"product_cat","embeddable":true,"href":"https:\/\/www.gourmandisedeluxe.com\/it\/wp-json\/wp\/v2\/product_cat?post=23519"},{"taxonomy":"product_tag","embeddable":true,"href":"https:\/\/www.gourmandisedeluxe.com\/it\/wp-json\/wp\/v2\/product_tag?post=23519"}],"curies":[{"name":"wp","href":"https:\/\/api.w.org\/{rel}","templated":true}]}}