{"id":23502,"date":"2025-10-24T17:48:21","date_gmt":"2025-10-24T15:48:21","guid":{"rendered":"https:\/\/www.gourmandisedeluxe.com\/?post_type=product&#038;p=23502"},"modified":"2026-04-22T15:06:30","modified_gmt":"2026-04-22T13:06:30","slug":"matriochka-tatiana-kaspia-hotel-crillon","status":"publish","type":"product","link":"https:\/\/www.gourmandisedeluxe.com\/it\/matriochka-tatiana-kaspia-hotel-crillon\/","title":{"rendered":"Matrioska Tatiana \u2013 Edizione limitata Caviar Kaspia x H\u00f4tel de Crillon"},"content":{"rendered":"<p>L'edizione limitata <strong>Caviale Kaspia x H\u00f4tel de Crillon<\/strong> \u00e8 una collaborazione tra due importanti hotel parigini: la Maison Kaspia, istituzione gastronomica in Place de la Madeleine dal 1927, e l'H\u00f4tel de Crillon, storico hotel in Place de la Concorde. Per questa edizione, i motivi e i colori della matrioska sono stati rielaborati per incorporare i codici visivi e cromatici delle due case.<\/p>\n<p>La <strong>Matriochka Tatiana \u2014 \u00c9dition limit\u00e9e Caviar Kaspia x H\u00f4tel de Crillon<\/strong> riprende la struttura e il formato della serie classica Kaspia e aggiunge elementi grafici specifici della collaborazione: lo stemma di Crillon, motivi architettonici di Place de la Concorde e una tavolozza di colori esclusiva. Ogni pezzo \u00e8 numerato e viene fornito con un certificato a doppia firma. Disponibile presso <strong>750\u20ac<\/strong>.<\/p>\n<p>Un oggetto da collezione di doppio prestigio, raro e immediatamente riconoscibile dagli intenditori di entrambe le case. Edizione rigorosamente limitata e non rinnovabile. Un regalo eccezionale per gli amanti dell'arte artigianale, per i collezionisti di collaborazioni prestigiose o per gli affezionati clienti di Kaspia e Le Crillon che desiderano possedere un oggetto che testimoni questo incontro unico.<\/p>","protected":false},"excerpt":{"rendered":"<ul>\n<li>Altezza: 20 cm<\/li>\n<li>Larghezza: 14 cm<\/li>\n<\/ul>\n<p data-start=\"352\" data-end=\"618\">Ideato nell'ambito di una collaborazione esclusiva tra <strong data-start=\"411\" data-end=\"428\">Caviale Kaspia<\/strong> e l\u2019<strong data-start=\"434\" data-end=\"454\">Hotel de Crillon<\/strong>, questa <strong data-start=\"462\" data-end=\"501\">Matrioska in porcellana di Limoges<\/strong> incarna la perfetta unione tra <strong data-start=\"530\" data-end=\"565\">saper fare artigianale francese<\/strong> e del <strong data-start=\"572\" data-end=\"598\">raffinatezza senza tempo<\/strong> delle due case.<\/p>\n<p data-start=\"620\" data-end=\"955\">Interamente modellato e decorato a mano dalla <strong data-start=\"669\" data-end=\"688\">Casa Carpenet<\/strong>, si distingue per il suo <strong data-start=\"716\" data-end=\"744\">smaltatura bianca brillante<\/strong>, sublimato da <strong data-start=\"757\" data-end=\"789\">raffinate decorazioni in oro fino<\/strong>. Raffinata e preziosa, questa creazione celebra la <strong data-start=\"835\" data-end=\"845\">purezza<\/strong>, la <strong data-start=\"850\" data-end=\"861\">luce<\/strong> e l\u2019<strong data-start=\"867\" data-end=\"890\">eleganza parigina<\/strong>, rendendo omaggio alle origini di Caviar Kaspia.<\/p>\n<p data-start=\"957\" data-end=\"1232\">Simbolo di <strong data-start=\"968\" data-end=\"1009\">famiglia, trasmissione e rarit\u00e0<\/strong>, la Matrioska diventa qui un vero e proprio <strong data-start=\"1050\" data-end=\"1068\">scatola per caviale<\/strong>, concepito come un'opera d'arte. Illustra perfettamente la filosofia comune di Caviar Kaspia e dell'H\u00f4tel de Crillon: <strong data-start=\"1185\" data-end=\"1229\">elevare ogni dettaglio al rango di eccezione<\/strong>.<\/p>\n<p data-start=\"1234\" data-end=\"1335\"><em data-start=\"1234\" data-end=\"1335\">Pezzo in porcellana di Limoges, smalto bianco e oro fino \u2013 edizione limitata. Prodotto venduto senza caviale.  Tatiana \u00e8 la taglia N2.\u00a0<\/em><\/p>","protected":false},"featured_media":24408,"comment_status":"closed","ping_status":"closed","template":"","meta":[],"product_brand":[],"product_cat":[182,104,142,143],"product_tag":[],"class_list":{"0":"post-23502","1":"product","2":"type-product","3":"status-publish","4":"has-post-thumbnail","6":"product_cat-collections","7":"product_cat-accessoires-kaspia","8":"product_cat-arts-de-la-table-kaspia","9":"product_cat-fetes-kaspia","11":"first","12":"instock","13":"taxable","14":"shipping-taxable","15":"purchasable","16":"product-type-simple"},"_links":{"self":[{"href":"https:\/\/www.gourmandisedeluxe.com\/it\/wp-json\/wp\/v2\/product\/23502","targetHints":{"allow":["GET"]}}],"collection":[{"href":"https:\/\/www.gourmandisedeluxe.com\/it\/wp-json\/wp\/v2\/product"}],"about":[{"href":"https:\/\/www.gourmandisedeluxe.com\/it\/wp-json\/wp\/v2\/types\/product"}],"replies":[{"embeddable":true,"href":"https:\/\/www.gourmandisedeluxe.com\/it\/wp-json\/wp\/v2\/comments?post=23502"}],"version-history":[{"count":0,"href":"https:\/\/www.gourmandisedeluxe.com\/it\/wp-json\/wp\/v2\/product\/23502\/revisions"}],"wp:featuredmedia":[{"embeddable":true,"href":"https:\/\/www.gourmandisedeluxe.com\/it\/wp-json\/wp\/v2\/media\/24408"}],"wp:attachment":[{"href":"https:\/\/www.gourmandisedeluxe.com\/it\/wp-json\/wp\/v2\/media?parent=23502"}],"wp:term":[{"taxonomy":"product_brand","embeddable":true,"href":"https:\/\/www.gourmandisedeluxe.com\/it\/wp-json\/wp\/v2\/product_brand?post=23502"},{"taxonomy":"product_cat","embeddable":true,"href":"https:\/\/www.gourmandisedeluxe.com\/it\/wp-json\/wp\/v2\/product_cat?post=23502"},{"taxonomy":"product_tag","embeddable":true,"href":"https:\/\/www.gourmandisedeluxe.com\/it\/wp-json\/wp\/v2\/product_tag?post=23502"}],"curies":[{"name":"wp","href":"https:\/\/api.w.org\/{rel}","templated":true}]}}