{"id":23220,"date":"2025-07-28T11:15:25","date_gmt":"2025-07-28T09:15:25","guid":{"rendered":"https:\/\/www.gourmandisedeluxe.com\/?post_type=product&#038;p=23220"},"modified":"2026-04-22T13:39:41","modified_gmt":"2026-04-22T11:39:41","slug":"noisettes-torrefiees-saveur-truffe-blanche","status":"publish","type":"product","link":"https:\/\/www.gourmandisedeluxe.com\/it\/noisettes-torrefiees-saveur-truffe-blanche\/","title":{"rendered":"Nocciole tostate al gusto di tartufo bianco"},"content":{"rendered":"<p>Ces Noisettes Torr\u00e9fi\u00e9es \u00e0 la Poudre de Truffe Blanche sont l&#8217;ap\u00e9ritif chic et d\u00e9contract\u00e9 par excellence, celui qui r\u00e9concilie le go\u00fbt du snacking familier avec les exigences du palais gastronomique. Des noisettes soigneusement s\u00e9lectionn\u00e9es, torr\u00e9fi\u00e9es \u00e0 point pour d\u00e9velopper leur go\u00fbt naturel de noisette grill\u00e9e, puis enrob\u00e9es d&#8217;une poudre \u00e0 la truffe blanche qui en amplifie et prolonge la saveur de mani\u00e8re saisissante.<\/p>\n<p>La truffe blanche <em>Tuber Magnatum<\/em> et la noisette grill\u00e9e sont deux produits partageant une affinit\u00e9 aromatique profonde : les notes de noisette grill\u00e9e pr\u00e9sentes dans la truffe blanche entrent imm\u00e9diatement en r\u00e9sonance avec le caract\u00e8re torr\u00e9fi\u00e9 de la noisette. Le mariage est naturel, \u00e9vident, d&#8217;une harmonie que d&#8217;autres accords plus techniques n&#8217;atteignent pas toujours.<\/p>\n<p>Ces noisettes se d\u00e9gustent avec bonheur \u00e0 l&#8217;ap\u00e9ritif accompagn\u00e9es d&#8217;un verre de Champagne blanc de blancs, de prosecco fris\u00e9 ou d&#8217;un Chablis vif. Elles peuvent \u00e9galement servir de garniture croustillante sur une salade de roquette et parmesan, d\u00e9corer un dessert au chocolat, \u00e9miet\u00e9es sur une cr\u00e8me de potiron, ou simplement se grignoter entre deux reunions pour un moment de plaisir discret et raffin\u00e9.<\/p>\n<p>Disponibles en deux formats : 40g et 100g. \u00c0 conserver dans un endroit frais et sec, \u00e0 l&#8217;abri de la lumi\u00e8re et de l&#8217;humidit\u00e9.<\/p>","protected":false},"excerpt":{"rendered":"<p>Scoprite un'esplosione di sapori golosi con le nostre nocciole tostate con polvere di tartufo bianco.<\/p>\n<p>Ideali per un aperitivo chic, uno spuntino raffinato o come tocco finale per esaltare i vostri piatti, queste nocciole golose sapranno sedurre gli amanti dei sapori delicati e sofisticati.<\/p>\n<p>Da gustare da sole o accompagnate da un bicchiere di vino bianco secco o champagne brut per un'esperienza ancora pi\u00f9 squisita.<\/p>\n<p>Solo l'essenza del gusto e del piacere. Una ricetta senza coloranti artificiali.<\/p>\n<p>Ingredienti: nocciole tostate* (95,8%), agente di rivestimento: gomma arabica* (2%), polvere di tartufo bianco (1,2%), fior di sale di Gu\u00e9rande (1%)<br \/>\n(*) provenienti da agricoltura biologica.<\/p>\n<p>Prodotto in Francia<\/p>\n<p>Valori nutrizionali per \/ Nutrition Facts per 100 g:<br \/>\nEnergia (Energy): 2032 kJ (495 kcal), Grassi (Fat): 45 g, di cui acidi grassi saturi (of which saturates): 3,9 g, Carboidrati (Carbohydrate): 2,8 g, di cui zuccheri (of which sugar): 1,9 g, Proteine (Protein): 15 g, Sale (Salt): 1 g<\/p>\n<p>&nbsp;<\/p>","protected":false},"featured_media":23766,"comment_status":"open","ping_status":"closed","template":"","meta":[],"product_brand":[],"product_cat":[109,69],"product_tag":[],"class_list":{"0":"post-23220","1":"product","2":"type-product","3":"status-publish","4":"has-post-thumbnail","6":"product_cat-produits-biologiques","7":"product_cat-a-lapero","9":"first","10":"instock","11":"taxable","12":"shipping-taxable","13":"purchasable","14":"product-type-variable","15":"has-default-attributes"},"_links":{"self":[{"href":"https:\/\/www.gourmandisedeluxe.com\/it\/wp-json\/wp\/v2\/product\/23220","targetHints":{"allow":["GET"]}}],"collection":[{"href":"https:\/\/www.gourmandisedeluxe.com\/it\/wp-json\/wp\/v2\/product"}],"about":[{"href":"https:\/\/www.gourmandisedeluxe.com\/it\/wp-json\/wp\/v2\/types\/product"}],"replies":[{"embeddable":true,"href":"https:\/\/www.gourmandisedeluxe.com\/it\/wp-json\/wp\/v2\/comments?post=23220"}],"version-history":[{"count":0,"href":"https:\/\/www.gourmandisedeluxe.com\/it\/wp-json\/wp\/v2\/product\/23220\/revisions"}],"wp:featuredmedia":[{"embeddable":true,"href":"https:\/\/www.gourmandisedeluxe.com\/it\/wp-json\/wp\/v2\/media\/23766"}],"wp:attachment":[{"href":"https:\/\/www.gourmandisedeluxe.com\/it\/wp-json\/wp\/v2\/media?parent=23220"}],"wp:term":[{"taxonomy":"product_brand","embeddable":true,"href":"https:\/\/www.gourmandisedeluxe.com\/it\/wp-json\/wp\/v2\/product_brand?post=23220"},{"taxonomy":"product_cat","embeddable":true,"href":"https:\/\/www.gourmandisedeluxe.com\/it\/wp-json\/wp\/v2\/product_cat?post=23220"},{"taxonomy":"product_tag","embeddable":true,"href":"https:\/\/www.gourmandisedeluxe.com\/it\/wp-json\/wp\/v2\/product_tag?post=23220"}],"curies":[{"name":"wp","href":"https:\/\/api.w.org\/{rel}","templated":true}]}}