{"id":23119,"date":"2025-07-08T17:00:10","date_gmt":"2025-07-08T15:00:10","guid":{"rendered":"https:\/\/www.gourmandisedeluxe.com\/?post_type=product&#038;p=23119"},"modified":"2026-04-22T15:09:59","modified_gmt":"2026-04-22T13:09:59","slug":"dellaluna-x-caviale-kaspia-borsa-in-pelle-nera","status":"publish","type":"product","link":"https:\/\/www.gourmandisedeluxe.com\/it\/sac-a-main-en-cuir-noir-dellaluna-x-caviar-kaspia\/","title":{"rendered":"Borsa in pelle nera \u2013 Dellaluna X Caviar Kaspia"},"content":{"rendered":"<p>La collaboration entre <strong>Caviale Kaspia<\/strong> e <strong>Dellaluna<\/strong> \u2014 maison de maroquinerie de luxe fond\u00e9e \u00e0 Rome \u2014 est une rencontre entre deux visions de l&#8217;excellence : la gastronomie de pr\u00e9stige parisienne et le savoir-faire artisanal de la peau et du cuir \u00e0 l&#8217;italienne. La collection qui en r\u00e9sulte est une s\u00e9rie de pi\u00e8ces de maroquinerie exclusives en cuir pleine fleur, color\u00e9es selon la palette graphique signature Kaspia : noir profond et turquoise lumineux.<\/p>\n<p>Le <strong>Sac \u00e0 Main en Cuir Noir Dellaluna x Caviar Kaspia<\/strong> est la pi\u00e8ce ma\u00eetresse de la collection \u2014 un sac \u00e0 main de luxe con\u00e7u dans les ateliers de Dellaluna \u00e0 Rome, en cuir de veau pleine fleur d&#8217;un noir profond et mat. Chaque couture, chaque ferrure, chaque pli t\u00e9moigne du soin apport\u00e9 par les artisans qui ont travaill\u00e9 sur cette pi\u00e8ce. Le logo Kaspia, discret et pr\u00e9cis, est la seule indication de la collaboration sur l&#8217;ext\u00e9rieur du sac. Propos\u00e9 \u00e0 <strong>1 600\u20ac<\/strong>.<\/p>\n<p>Une pi\u00e8ce de collection pour les amatrices de maroquinerie de luxe artisanale qui cherchent l&#8217;exceptionnel et le rare. \u00c9dition limit\u00e9e, livr\u00e9e dans son \u00e9crin et accompagn\u00e9e de son certificat de fa\u00e7onnage artisanal double signature.<\/p>","protected":false},"excerpt":{"rendered":"<p>Progettata in collaborazione con Caviar Kaspia, la pochette Caviar \u00e8 un omaggio alla raffinatezza senza tempo.<\/p>\n<p>Realizzata in pelle di galuchat nera, la sua superficie testurizzata ricorda le perle scintillanti del caviale pregiato.<\/p>\n<p>La silhouette strutturata \u00e8 impreziosita dal rilievo firmato Dellaluna e da un emblema placcato oro 18 carati, che rappresenta lo stemma Caviar Kaspia in smalto nero.<\/p>\n<p>All'interno, la caratteristica fodera turchese di Kaspia offre un contrasto sorprendente, mentre una tracolla trasversale rimovibile aggiunge versatilit\u00e0 a questo capo in edizione limitata.<\/p>\n<ul>\n<li>Esterno in pelle di rospo nera<\/li>\n<li>Firma in rilievo Dellaluna<\/li>\n<li>Chiusura placcata oro 18 carati con emblema Caviar Kaspia in smalto<\/li>\n<li>Interni turchesi \u201cKaspia\u201d<\/li>\n<li>Tracolla rimovibile<\/li>\n<li>Prodotto in Italia<\/li>\n<\/ul>\n<p>Edizione limitata<\/p>","protected":false},"featured_media":24549,"comment_status":"open","ping_status":"closed","template":"","meta":[],"product_brand":[],"product_cat":[182,110],"product_tag":[],"class_list":{"0":"post-23119","1":"product","2":"type-product","3":"status-publish","4":"has-post-thumbnail","6":"product_cat-collections","7":"product_cat-nos-idees-cadeaux","9":"first","10":"instock","11":"taxable","12":"shipping-taxable","13":"purchasable","14":"product-type-simple"},"_links":{"self":[{"href":"https:\/\/www.gourmandisedeluxe.com\/it\/wp-json\/wp\/v2\/product\/23119","targetHints":{"allow":["GET"]}}],"collection":[{"href":"https:\/\/www.gourmandisedeluxe.com\/it\/wp-json\/wp\/v2\/product"}],"about":[{"href":"https:\/\/www.gourmandisedeluxe.com\/it\/wp-json\/wp\/v2\/types\/product"}],"replies":[{"embeddable":true,"href":"https:\/\/www.gourmandisedeluxe.com\/it\/wp-json\/wp\/v2\/comments?post=23119"}],"version-history":[{"count":0,"href":"https:\/\/www.gourmandisedeluxe.com\/it\/wp-json\/wp\/v2\/product\/23119\/revisions"}],"wp:featuredmedia":[{"embeddable":true,"href":"https:\/\/www.gourmandisedeluxe.com\/it\/wp-json\/wp\/v2\/media\/24549"}],"wp:attachment":[{"href":"https:\/\/www.gourmandisedeluxe.com\/it\/wp-json\/wp\/v2\/media?parent=23119"}],"wp:term":[{"taxonomy":"product_brand","embeddable":true,"href":"https:\/\/www.gourmandisedeluxe.com\/it\/wp-json\/wp\/v2\/product_brand?post=23119"},{"taxonomy":"product_cat","embeddable":true,"href":"https:\/\/www.gourmandisedeluxe.com\/it\/wp-json\/wp\/v2\/product_cat?post=23119"},{"taxonomy":"product_tag","embeddable":true,"href":"https:\/\/www.gourmandisedeluxe.com\/it\/wp-json\/wp\/v2\/product_tag?post=23119"}],"curies":[{"name":"wp","href":"https:\/\/api.w.org\/{rel}","templated":true}]}}