{"id":22946,"date":"2025-05-12T15:17:36","date_gmt":"2025-05-12T13:17:36","guid":{"rendered":"https:\/\/www.gourmandisedeluxe.com\/?post_type=product&#038;p=22946"},"modified":"2026-04-22T15:13:13","modified_gmt":"2026-04-22T13:13:13","slug":"collection-bijoux-spinelle-kaspia-linda-fargo","status":"publish","type":"product","link":"https:\/\/www.gourmandisedeluxe.com\/it\/collection-bijoux-spinelle-kaspia-linda-fargo\/","title":{"rendered":"Collezione di gioielli in spinello di Caviar Kaspia x Linda Fargo"},"content":{"rendered":"<p>La collaboration entre <strong>Caviale Kaspia<\/strong> e <strong>Linda Fargo<\/strong> \u2014 ic\u00f4ne de la mode new-yorkaise et cr\u00e9atrice de bijoux en pierres fines \u2014 donne naissance \u00e0 une collection de bijoux en spinelle, pierre pr\u00e9cieuse rare et intense, travaill\u00e9e dans l&#8217;esprit minimaliste et raffin\u00e9 qui caract\u00e9rise le style Fargo. La spinelle, plus rare que le rubis et souvent confondue avec lui, est une gemme d&#8217;une beaut\u00e9 profonde aux reflets violac\u00e9s et rouges.<\/p>\n<p>La <strong>Collection Bijoux en Spinelle by Caviar Kaspia x Linda Fargo<\/strong> est pr\u00e9sent\u00e9e ici en coffret d&#8217;ensemble : plusieurs pi\u00e8ces compl\u00e9mentaires \u2014 bague, bracelet, collier \u2014 travaill\u00e9es dans une coh\u00e9rence esth\u00e9tique et une palette chromatique partag\u00e9e. La spinelle, choisie pour l&#8217;intensit\u00e9 de sa couleur et la qualit\u00e9 de sa taille, est serti\u00e9e sur des montures en or ou argent d&#8217;une finesse exemplaire. Propos\u00e9e \u00e0 <strong>627\u20ac<\/strong>.<\/p>\n<p>Un coffret bijoux de prestige pour les collectionneuses de pi\u00e8ces fines et rares, id\u00e9al pour une occasion exceptionnelle. \u00c9dition limit\u00e9e, livr\u00e9 dans son \u00e9crin double signature.<\/p>","protected":false},"excerpt":{"rendered":"<p>La collezione \u00e8 composta da un trio di bracciali e un trio di anelli, oltre a un'elegante collana a giro.<\/p>\n<p>&nbsp;<\/p>\n<p><strong>1.collare<\/strong> composto da pietre <b>spinello nero micro sfaccettato da 3 mm <\/b>e impreziosito da due braccialetti di <b>perle di<\/b><b>orzo<\/b><b> texturizzate in oro 14 carati<\/b>. Con una lunghezza di 43 cm intorno al collo e una caduta di 11 cm, questa collana in stile lariat pu\u00f2 essere indossata da sola come pezzo unico o abbinata ad altri gioielli preferiti. Il classico incontra l'audace in questa collana in spinello e oro.<\/p>\n<ul>\n<li>Sebbene sia resistente all'acqua, consigliamo comunque di rimuovere questa collana se la pietra spinello viene esposta a prodotti chimici aggressivi o acqua trattata.<\/li>\n<li>Lunghezza del collare 17, con una caduta di 4,5.<\/li>\n<li>Rifinito con un anello di salto in oro e una chiusura a forma di aragosta per facilitare l'inserimento e la rimozione.<\/li>\n<li>Progettato e prodotto a Los Angeles, da donne<\/li>\n<\/ul>\n<p>&nbsp;<\/p>\n<p><strong>2. Trio di anelli<\/strong> : Questi eleganti anelli sono composti <b>di pietre spinello nero micro sfaccettate da 3 mm <\/b>e <strong>da<\/strong> <b>perle testurizzate in oro 14 carati<\/b>. Realizzati con cura utilizzando un elastico su misura, questi anelli possono essere indossati singolarmente o insieme. Il classico incontra l'audace con questi anelli in spinello e oro.<\/p>\n<ul>\n<li>Sebbene siano resistenti all'acqua, consigliamo comunque di rimuovere questi gioielli quando la pietra spinello \u00e8 esposta a prodotti chimici aggressivi o acqua trattata.<\/li>\n<li>Anelli taglia 7, con vestibilit\u00c3\u0192\u00c2\u00a0 elastica per garantire la migliore vestibilit\u00c3\u0192\u00c2\u00a0 possibile.<\/li>\n<li>Progettati e prodotti a Los Angeles da donne<\/li>\n<\/ul>\n<p><strong>3. Trio di braccialetti<\/strong> : Questi tre eleganti braccialetti sono composti da\u00a0<b>spinelli neri micro sfaccettati da 3 mm\u00a0<\/b>e perle di orzo testurizzate\u00a0<b>in oro a 14 carati.\u00a0<\/b>Realizzati con cura con un elastico su misura, questi braccialetti possono essere indossati singolarmente, insieme o con i vostri altri accessori preferiti. Il classico incontra l'audace con questi braccialetti in spinello e oro.<\/p>\n<ul>\n<li>Sebbene sia resistente all'acqua, consigliamo comunque di rimuovere il bracciale se la pietra spinello viene esposta a prodotti chimici aggressivi o acqua trattata.<\/li>\n<li>Misura del polso: 6,50\u00bb, con regolazione elasticizzata per garantire la migliore vestibilit\u00e0 possibile.<\/li>\n<li>Progettato e prodotto a Los Angeles, da donne<\/li>\n<\/ul>\n<p>Le\u00a0<b>spinello nero<\/b>, spesso confuso con lo zaffiro, \u00e8 in realt\u00e0 una gemma unica con propriet\u00e0 affascinanti tutte sue.<\/p>\n<p>Questa pietra enigmatica simboleggia la protezione e la forza interiore. Agisce come uno scudo contro le energie negative, rafforzando la fiducia in se stessi e la spiritualit\u00e0. Se a volte avete la testa tra le nuvole, lo spinello nero vi aiuta a mantenere i piedi per terra favorendo l'ancoraggio e la stabilit\u00e0. Inoltre, favorisce la concentrazione e dona un senso di sicurezza.<\/p>\n<p><b>Lo spinello \u00e8 un minerale della famiglia degli ossidi con formula MgAl2O4 (ossido di magnesio e alluminio). \u00c8 una pietra preziosa utilizzata in gioielleria.<\/b><\/p>","protected":false},"featured_media":24609,"comment_status":"open","ping_status":"closed","template":"","meta":[],"product_brand":[],"product_cat":[182],"product_tag":[],"class_list":{"0":"post-22946","1":"product","2":"type-product","3":"status-publish","4":"has-post-thumbnail","6":"product_cat-collections","8":"first","9":"instock","10":"taxable","11":"shipping-taxable","12":"purchasable","13":"product-type-simple"},"_links":{"self":[{"href":"https:\/\/www.gourmandisedeluxe.com\/it\/wp-json\/wp\/v2\/product\/22946","targetHints":{"allow":["GET"]}}],"collection":[{"href":"https:\/\/www.gourmandisedeluxe.com\/it\/wp-json\/wp\/v2\/product"}],"about":[{"href":"https:\/\/www.gourmandisedeluxe.com\/it\/wp-json\/wp\/v2\/types\/product"}],"replies":[{"embeddable":true,"href":"https:\/\/www.gourmandisedeluxe.com\/it\/wp-json\/wp\/v2\/comments?post=22946"}],"version-history":[{"count":0,"href":"https:\/\/www.gourmandisedeluxe.com\/it\/wp-json\/wp\/v2\/product\/22946\/revisions"}],"wp:featuredmedia":[{"embeddable":true,"href":"https:\/\/www.gourmandisedeluxe.com\/it\/wp-json\/wp\/v2\/media\/24609"}],"wp:attachment":[{"href":"https:\/\/www.gourmandisedeluxe.com\/it\/wp-json\/wp\/v2\/media?parent=22946"}],"wp:term":[{"taxonomy":"product_brand","embeddable":true,"href":"https:\/\/www.gourmandisedeluxe.com\/it\/wp-json\/wp\/v2\/product_brand?post=22946"},{"taxonomy":"product_cat","embeddable":true,"href":"https:\/\/www.gourmandisedeluxe.com\/it\/wp-json\/wp\/v2\/product_cat?post=22946"},{"taxonomy":"product_tag","embeddable":true,"href":"https:\/\/www.gourmandisedeluxe.com\/it\/wp-json\/wp\/v2\/product_tag?post=22946"}],"curies":[{"name":"wp","href":"https:\/\/api.w.org\/{rel}","templated":true}]}}