{"id":22942,"date":"2025-05-12T15:15:10","date_gmt":"2025-05-12T13:15:10","guid":{"rendered":"https:\/\/www.gourmandisedeluxe.com\/?post_type=product&#038;p=22942"},"modified":"2026-04-22T15:13:13","modified_gmt":"2026-04-22T13:13:13","slug":"collana-lariat-in-spinello-di-caviar-kaspia-x-linda-fargo","status":"publish","type":"product","link":"https:\/\/www.gourmandisedeluxe.com\/it\/collier-lariat-spinelle-linda-fargo\/","title":{"rendered":"Collana Lariat in spinello di Caviar Kaspia x Linda Fargo"},"content":{"rendered":"<p>La collaboration entre <strong>Caviale Kaspia<\/strong> e <strong>Linda Fargo<\/strong> \u2014 ic\u00f4ne de la mode new-yorkaise et cr\u00e9atrice de bijoux en pierres fines \u2014 donne naissance \u00e0 une collection de bijoux en spinelle, pierre pr\u00e9cieuse rare et intense, travaill\u00e9e dans l&#8217;esprit minimaliste et raffin\u00e9 qui caract\u00e9rise le style Fargo. La spinelle, plus rare que le rubis et souvent confondue avec lui, est une gemme d&#8217;une beaut\u00e9 profonde aux reflets violac\u00e9s et rouges.<\/p>\n<p>Le <strong>Collier Lariat en Spinelle by Caviar Kaspia x Linda Fargo<\/strong> est la pi\u00e8ce la plus contemporaine de la collection : le lariat, ce collier sans fermoir \u00e0 extr\u00e9mit\u00e9s libres qui se noue ou se drape selon l&#8217;envie, est l&#8217;un des formats de cou les plus versatiles et les plus modernes de la joaillerie actuelle. Ici servi en spinelle et or, il allie l&#8217;esth\u00e9tique des bijoux d&#8217;artiste \u00e0 la pr\u00e9cision de la pi\u00e8ce fine. Propos\u00e9 \u00e0 <strong>309\u20ac<\/strong>.<\/p>\n<p>L&#8217;entr\u00e9e id\u00e9ale dans la collection Linda Fargo x Kaspia, un cadeau bijou accessible et d&#8217;une grande distinction. \u00c9dition limit\u00e9e.<\/p>","protected":false},"excerpt":{"rendered":"<p>Questo elegante collier lariat \u00e8 composto da pietre <b>spinello nero micro sfaccettato da 3 mm <\/b>e impreziosito da due braccialetti di <b>perle di<\/b><b>orzo<\/b><b> texturizzate in oro 14 carati<\/b>. Con una lunghezza di 43 cm intorno al collo e una caduta di 11 cm, questa collana in stile lariat pu\u00f2 essere indossata da sola come pezzo unico o abbinata ad altri gioielli preferiti. Il classico incontra l'audace in questa collana in spinello e oro.<\/p>\n<ul>\n<li>Sebbene sia resistente all'acqua, consigliamo comunque di rimuovere questa collana se la pietra spinello viene esposta a prodotti chimici aggressivi o acqua trattata.<\/li>\n<li>Lunghezza del collare 17, con una caduta di 4,5.<\/li>\n<li>Rifinito con un anello di salto in oro e una chiusura a forma di aragosta per facilitare l'inserimento e la rimozione.<\/li>\n<li>Progettato e prodotto a Los Angeles, da donne<\/li>\n<\/ul>\n<p>Le\u00a0<b>spinello nero<\/b>, spesso confuso con lo zaffiro, \u00e8 in realt\u00e0 una gemma unica con propriet\u00e0 affascinanti tutte sue.<\/p>\n<p>Questa pietra enigmatica simboleggia la protezione e la forza interiore. Agisce come uno scudo contro le energie negative, rafforzando la fiducia in se stessi e la spiritualit\u00e0. Se a volte avete la testa tra le nuvole, lo spinello nero vi aiuta a mantenere i piedi per terra favorendo l'ancoraggio e la stabilit\u00e0. Inoltre, favorisce la concentrazione e dona un senso di sicurezza.<\/p>\n<p>&nbsp;<\/p>","protected":false},"featured_media":24612,"comment_status":"open","ping_status":"closed","template":"","meta":[],"product_brand":[],"product_cat":[182],"product_tag":[],"class_list":{"0":"post-22942","1":"product","2":"type-product","3":"status-publish","4":"has-post-thumbnail","6":"product_cat-collections","8":"first","9":"instock","10":"taxable","11":"shipping-taxable","12":"purchasable","13":"product-type-simple"},"_links":{"self":[{"href":"https:\/\/www.gourmandisedeluxe.com\/it\/wp-json\/wp\/v2\/product\/22942","targetHints":{"allow":["GET"]}}],"collection":[{"href":"https:\/\/www.gourmandisedeluxe.com\/it\/wp-json\/wp\/v2\/product"}],"about":[{"href":"https:\/\/www.gourmandisedeluxe.com\/it\/wp-json\/wp\/v2\/types\/product"}],"replies":[{"embeddable":true,"href":"https:\/\/www.gourmandisedeluxe.com\/it\/wp-json\/wp\/v2\/comments?post=22942"}],"version-history":[{"count":0,"href":"https:\/\/www.gourmandisedeluxe.com\/it\/wp-json\/wp\/v2\/product\/22942\/revisions"}],"wp:featuredmedia":[{"embeddable":true,"href":"https:\/\/www.gourmandisedeluxe.com\/it\/wp-json\/wp\/v2\/media\/24612"}],"wp:attachment":[{"href":"https:\/\/www.gourmandisedeluxe.com\/it\/wp-json\/wp\/v2\/media?parent=22942"}],"wp:term":[{"taxonomy":"product_brand","embeddable":true,"href":"https:\/\/www.gourmandisedeluxe.com\/it\/wp-json\/wp\/v2\/product_brand?post=22942"},{"taxonomy":"product_cat","embeddable":true,"href":"https:\/\/www.gourmandisedeluxe.com\/it\/wp-json\/wp\/v2\/product_cat?post=22942"},{"taxonomy":"product_tag","embeddable":true,"href":"https:\/\/www.gourmandisedeluxe.com\/it\/wp-json\/wp\/v2\/product_tag?post=22942"}],"curies":[{"name":"wp","href":"https:\/\/api.w.org\/{rel}","templated":true}]}}