{"id":21724,"date":"2024-12-09T12:38:26","date_gmt":"2024-12-09T11:38:26","guid":{"rendered":"https:\/\/www.gourmandisedeluxe.com\/?post_type=product&#038;p=21724"},"modified":"2025-12-20T09:46:20","modified_gmt":"2025-12-20T08:46:20","slug":"kaspia-x-guest-in-residence-calzini-in-cashmere-al-caviale","status":"publish","type":"product","link":"https:\/\/www.gourmandisedeluxe.com\/it\/chaussettes-cachemire-kaspia\/","title":{"rendered":"Calze in cashmere Caviar Kaspia x Guest in Residence"},"content":{"rendered":"<h2 class=\"font-heading text-2xl lg:text-4xl\">Ospite in residenza x Caviar Kaspia<\/h2>\n<div class=\"rte text-base mt-4 font-heading\">\n<p>Caviar Kaspia annuncia la sua prima collaborazione con Guest In Residence, l'esclusivo marchio di maglieria fondato da Gigi Hadid nel 2022.<\/p>\n<p>La collaborazione in edizione limitata comprende due maglioni in cashmere 100% e un paio di calzini, decorati con un motivo distintivo ispirato alle scatole di caviale e agli iconici mosaici che si trovano nei negozi Kaspia di tutto il mondo.<\/p>\n<p>Disponibile in due colori, il primo \u00e8 un sofisticato richiamo alla tonalit\u00e0 smeraldo emblematica di Caviar Kaspia, mentre il secondo \u00e8 un ricco color crema. Il marchio esclusivo di cashmere di Gigi Hadid, Guest In Residence, entra ora a far parte della prestigiosa lista delle collaborazioni della Maison.<\/p>\n<p>&nbsp;<\/p>\n<\/div>","protected":false},"excerpt":{"rendered":"<p><strong>Dettagli<\/strong><\/p>\n<ul>\n<li>Unisex<\/li>\n<li>Taglia unica<\/li>\n<li>Contrasto color block<\/li>\n<li>100 % cashmere \u2013 Maglia leggera<\/li>\n<li>Cashmere di alta qualit\u00e0 proveniente dalla Mongolia Interna, prodotto in Cina.<\/li>\n<\/ul>","protected":false},"featured_media":24537,"comment_status":"open","ping_status":"closed","template":"","meta":[],"product_brand":[],"product_cat":[182,185],"product_tag":[],"class_list":{"0":"post-21724","1":"product","2":"type-product","3":"status-publish","4":"has-post-thumbnail","6":"product_cat-collections","7":"product_cat-noel-2025","9":"first","10":"instock","11":"taxable","12":"shipping-taxable","13":"purchasable","14":"product-type-simple"},"_links":{"self":[{"href":"https:\/\/www.gourmandisedeluxe.com\/it\/wp-json\/wp\/v2\/product\/21724","targetHints":{"allow":["GET"]}}],"collection":[{"href":"https:\/\/www.gourmandisedeluxe.com\/it\/wp-json\/wp\/v2\/product"}],"about":[{"href":"https:\/\/www.gourmandisedeluxe.com\/it\/wp-json\/wp\/v2\/types\/product"}],"replies":[{"embeddable":true,"href":"https:\/\/www.gourmandisedeluxe.com\/it\/wp-json\/wp\/v2\/comments?post=21724"}],"version-history":[{"count":0,"href":"https:\/\/www.gourmandisedeluxe.com\/it\/wp-json\/wp\/v2\/product\/21724\/revisions"}],"wp:featuredmedia":[{"embeddable":true,"href":"https:\/\/www.gourmandisedeluxe.com\/it\/wp-json\/wp\/v2\/media\/24537"}],"wp:attachment":[{"href":"https:\/\/www.gourmandisedeluxe.com\/it\/wp-json\/wp\/v2\/media?parent=21724"}],"wp:term":[{"taxonomy":"product_brand","embeddable":true,"href":"https:\/\/www.gourmandisedeluxe.com\/it\/wp-json\/wp\/v2\/product_brand?post=21724"},{"taxonomy":"product_cat","embeddable":true,"href":"https:\/\/www.gourmandisedeluxe.com\/it\/wp-json\/wp\/v2\/product_cat?post=21724"},{"taxonomy":"product_tag","embeddable":true,"href":"https:\/\/www.gourmandisedeluxe.com\/it\/wp-json\/wp\/v2\/product_tag?post=21724"}],"curies":[{"name":"wp","href":"https:\/\/api.w.org\/{rel}","templated":true}]}}