{"id":20757,"date":"2024-11-12T12:06:18","date_gmt":"2024-11-12T11:06:18","guid":{"rendered":"https:\/\/www.gourmandisedeluxe.com\/?post_type=product&#038;p=20757"},"modified":"2026-04-22T14:46:03","modified_gmt":"2026-04-22T12:46:03","slug":"duo-champagne-e-tartufo","status":"publish","type":"product","link":"https:\/\/www.gourmandisedeluxe.com\/it\/champagne-et-truffe-en-duo\/","title":{"rendered":"Duo di champagne e tartufi"},"content":{"rendered":"<p>Quand la Maison de la Truffe compose ses accords, elle ne fait pas les choses \u00e0 moiti\u00e9. Ce coffret <strong>Champagne et Truffe en Duo<\/strong> est la d\u00e9monstration de ce principe : un Champagne s\u00e9lectionn\u00e9 pour sa capacit\u00e9 \u00e0 sublimer les ar\u00f4mes de la truffe, associ\u00e9 \u00e0 un produit truff\u00e9 choisi pour \u00e9veiller les papilles et pr\u00e9parer le palais \u00e0 la d\u00e9gustation. Un duo pens\u00e9 comme un accord \u00e0 deux voix, harmonieux et pr\u00e9cis.<\/p>\n<p>Le Champagne, avec ses bulles fines et sa vivacit\u00e9 acide, nettoie le palais entre chaque bouch\u00e9e de truffe et en rel\u00e8ve les ar\u00f4mes avec une \u00e9l\u00e9gance incomparable. La truffe, de son c\u00f4t\u00e9, apporte une profondeur umami qui anime la finale du vin. C&#8217;est l&#8217;un des grands accords de la gastronomie fran\u00e7aise, propos\u00e9 ici sous forme de coffret cl\u00e9-en-main \u00e0 <strong>77,50\u20ac<\/strong>.<\/p>\n<p>Id\u00e9al pour un cadeau de naissance, un anniversaire, un cadeau de f\u00eate de fin d&#8217;ann\u00e9e ou toute occasion qui m\u00e9rite d&#8217;ouvrir une bouteille. Livr\u00e9 dans un emballage soign\u00e9, pr\u00eat \u00e0 offrir. Servez le Champagne \u00e0 8-10\u00b0C et consommez le produit truff\u00e9 \u00e0 temp\u00e9rature ambiante pour un accord optimal.<\/p>","protected":false},"excerpt":{"rendered":"<p>Un cofanetto festivo per un momento romantico all'insegna del tartufo nero<\/p>\n<ul>\n<li>Foie gras d'anatra al tartufo nero 8% 50 g<\/li>\n<li>Champagne brut prestige Maison de la Truffe 37,5g<\/li>\n<li>Chutney di cipolle aromatizzato al tartufo estivo 1% 100 g<\/li>\n<\/ul>\n<p><em>Conservazione: In un locale fresco e asciutto, al riparo dalla luce.<\/em><\/p>\n<p>Foto non contrattuale<\/p>","protected":false},"featured_media":24137,"comment_status":"open","ping_status":"closed","template":"","meta":[],"product_brand":[],"product_cat":[153,185],"product_tag":[],"class_list":{"0":"post-20757","1":"product","2":"type-product","3":"status-publish","4":"has-post-thumbnail","6":"product_cat-coffrets-cadeaux-mdt","7":"product_cat-noel-2025","9":"first","10":"instock","11":"taxable","12":"shipping-taxable","13":"purchasable","14":"product-type-simple"},"_links":{"self":[{"href":"https:\/\/www.gourmandisedeluxe.com\/it\/wp-json\/wp\/v2\/product\/20757","targetHints":{"allow":["GET"]}}],"collection":[{"href":"https:\/\/www.gourmandisedeluxe.com\/it\/wp-json\/wp\/v2\/product"}],"about":[{"href":"https:\/\/www.gourmandisedeluxe.com\/it\/wp-json\/wp\/v2\/types\/product"}],"replies":[{"embeddable":true,"href":"https:\/\/www.gourmandisedeluxe.com\/it\/wp-json\/wp\/v2\/comments?post=20757"}],"version-history":[{"count":0,"href":"https:\/\/www.gourmandisedeluxe.com\/it\/wp-json\/wp\/v2\/product\/20757\/revisions"}],"wp:featuredmedia":[{"embeddable":true,"href":"https:\/\/www.gourmandisedeluxe.com\/it\/wp-json\/wp\/v2\/media\/24137"}],"wp:attachment":[{"href":"https:\/\/www.gourmandisedeluxe.com\/it\/wp-json\/wp\/v2\/media?parent=20757"}],"wp:term":[{"taxonomy":"product_brand","embeddable":true,"href":"https:\/\/www.gourmandisedeluxe.com\/it\/wp-json\/wp\/v2\/product_brand?post=20757"},{"taxonomy":"product_cat","embeddable":true,"href":"https:\/\/www.gourmandisedeluxe.com\/it\/wp-json\/wp\/v2\/product_cat?post=20757"},{"taxonomy":"product_tag","embeddable":true,"href":"https:\/\/www.gourmandisedeluxe.com\/it\/wp-json\/wp\/v2\/product_tag?post=20757"}],"curies":[{"name":"wp","href":"https:\/\/api.w.org\/{rel}","templated":true}]}}