{"id":20750,"date":"2024-11-12T12:04:33","date_gmt":"2024-11-12T11:04:33","guid":{"rendered":"https:\/\/www.gourmandisedeluxe.com\/?post_type=product&#038;p=20750"},"modified":"2026-04-22T14:48:49","modified_gmt":"2026-04-22T12:48:49","slug":"un-viaggio-eccezionale-intorno-al-tartufo-nero","status":"publish","type":"product","link":"https:\/\/www.gourmandisedeluxe.com\/it\/voyage-dexception-autour-de-la-truffe-noire\/","title":{"rendered":"Un viaggio eccezionale intorno al tartufo nero"},"content":{"rendered":"<p>Il tartufo nero <em>Tuber Melanosporum<\/em> \u00e8 una delle materie prime pi\u00f9 preziose del mondo della gastronomia - raccolta in inverno nelle garighe del P\u00e9rigord, del Vaucluse e della Spagna, venerata fin dall'antichit\u00e0, impossibile da coltivare completamente a piacimento. Questo cofanetto <strong>Un viaggio eccezionale intorno al Tartufo Nero<\/strong> \u00e8 il cofanetto pi\u00f9 ambizioso della Maison de la Truffe: un'immersione totale nel mondo del Melanosporum, dal raccolto alla tavola.<\/p>\n<p>La selezione pi\u00f9 generosa, precisa e completa della gamma di tartufi neri della Casa - prodotti freschi o lavorati, condimenti, salse, oli, conserve eccezionali - tutto ci\u00f2 che serve per esplorare il Melanosporum da ogni angolazione culinaria con la profondit\u00e0 che merita. Disponibile presso <strong>389\u20ac<\/strong>, \u00c8 il regalo gourmet per eccellenza.<\/p>\n<p>Per gli appassionati di tartufo nero che vogliono spingersi il pi\u00f9 lontano possibile, per le occasioni speciali che richiedono un regalo all'altezza dell'affetto dimostrato, per le tavole festive che non vogliono scendere a compromessi. Consegnato in un'eccezionale confezione Maison de la Truffe, con consigli di degustazione Maison de la Truffe.<\/p>","protected":false},"excerpt":{"rendered":"<p><em>Disponibile dal 20 novembre<\/em><\/p>\n<p>Un cofanetto che racchiude una selezione dei nostri migliori prodotti al tartufo nero per un vero viaggio gastronomico.<\/p>\n<ul>\n<li>1 tartufo nero fresco Melanosporum 50 g<\/li>\n<li>Mandolina per tartufi in legno d'ulivo<\/li>\n<li>Tartufo al cioccolato trompe l'oeil 150g<\/li>\n<li>Coltello Opinel baroudeur n\u00b06 Maison de la Truffe x Opinel<\/li>\n<li>Preparato culinario a base di olio extravergine di oliva aromatizzato al tartufo nero 200 ml<\/li>\n<li>Fiocchi di sale al tartufo nero<\/li>\n<li>Pezzi di tartufo nero 50g<\/li>\n<li>Prenota Il Tartufo<\/li>\n<\/ul>\n<p><em>Conservazione: In un locale fresco e asciutto, al riparo dalla luce.<\/em><\/p>","protected":false},"featured_media":20752,"comment_status":"open","ping_status":"closed","template":"","meta":[],"product_brand":[],"product_cat":[153],"product_tag":[],"class_list":{"0":"post-20750","1":"product","2":"type-product","3":"status-publish","4":"has-post-thumbnail","6":"product_cat-coffrets-cadeaux-mdt","8":"first","9":"instock","10":"taxable","11":"shipping-taxable","12":"purchasable","13":"product-type-simple"},"_links":{"self":[{"href":"https:\/\/www.gourmandisedeluxe.com\/it\/wp-json\/wp\/v2\/product\/20750","targetHints":{"allow":["GET"]}}],"collection":[{"href":"https:\/\/www.gourmandisedeluxe.com\/it\/wp-json\/wp\/v2\/product"}],"about":[{"href":"https:\/\/www.gourmandisedeluxe.com\/it\/wp-json\/wp\/v2\/types\/product"}],"replies":[{"embeddable":true,"href":"https:\/\/www.gourmandisedeluxe.com\/it\/wp-json\/wp\/v2\/comments?post=20750"}],"version-history":[{"count":0,"href":"https:\/\/www.gourmandisedeluxe.com\/it\/wp-json\/wp\/v2\/product\/20750\/revisions"}],"wp:featuredmedia":[{"embeddable":true,"href":"https:\/\/www.gourmandisedeluxe.com\/it\/wp-json\/wp\/v2\/media\/20752"}],"wp:attachment":[{"href":"https:\/\/www.gourmandisedeluxe.com\/it\/wp-json\/wp\/v2\/media?parent=20750"}],"wp:term":[{"taxonomy":"product_brand","embeddable":true,"href":"https:\/\/www.gourmandisedeluxe.com\/it\/wp-json\/wp\/v2\/product_brand?post=20750"},{"taxonomy":"product_cat","embeddable":true,"href":"https:\/\/www.gourmandisedeluxe.com\/it\/wp-json\/wp\/v2\/product_cat?post=20750"},{"taxonomy":"product_tag","embeddable":true,"href":"https:\/\/www.gourmandisedeluxe.com\/it\/wp-json\/wp\/v2\/product_tag?post=20750"}],"curies":[{"name":"wp","href":"https:\/\/api.w.org\/{rel}","templated":true}]}}