{"id":20744,"date":"2024-11-14T17:48:54","date_gmt":"2024-11-14T16:48:54","guid":{"rendered":"https:\/\/www.gourmandisedeluxe.com\/?post_type=product&#038;p=20744"},"modified":"2026-04-22T14:46:58","modified_gmt":"2026-04-22T12:46:58","slug":"spezie-al-tartufo","status":"publish","type":"product","link":"https:\/\/www.gourmandisedeluxe.com\/it\/les-epices-a-la-truffe\/","title":{"rendered":"I piccanti al tartufo"},"content":{"rendered":"<p>La truffe et les \u00e9pices partagent une m\u00eame vocation : \u00e9lever, complexifier, approfondir. Le coffret <strong>Les \u00c9pic\u00e9s \u00e0 la Truffe<\/strong> explore cette rencontre avec audace, en r\u00e9unissant des produits truff\u00e9s auxquels l&#8217;ajout d&#8217;aromates et d&#8217;\u00e9pices soigneusement s\u00e9lectionn\u00e9s apporte une dimension suppl\u00e9mentaire. Le r\u00e9sultat est une gamme de saveurs intensifier et nuanc\u00e9es, qui ouvre la cuisine truff\u00e9e \u00e0 des territoires inattendus.<\/p>\n<p>Chaque produit du coffret a \u00e9t\u00e9 con\u00e7u pour s&#8217;utiliser facilement et produire un effet imm\u00e9diat : viandes grill\u00e9es, l\u00e9gumes r\u00f4tis, marinades, sauces chaudes ou froides \u2014 les applications sont nombreuses et toutes convaincantes. Un coffret qui invite \u00e0 cuisiner diff\u00e9remment, \u00e0 exprimenter avec confiance, \u00e0 surprendre les convives avec des associations inattendues. Propos\u00e9 \u00e0 <strong>59,90\u20ac<\/strong>.<\/p>\n<p>Id\u00e9al pour les cuisiniers curieux et inventifs, les amateurs de cuisine du monde qui souhaitent int\u00e9grer la truffe \u00e0 leurs r\u00e9pertoires, ou les passionn\u00e9s de saveurs complexes et stratifi\u00e9es. Livr\u00e9 dans un coffret soign\u00e9, il est aussi beau \u00e0 offrir qu&#8217;agr\u00e9able \u00e0 d\u00e9baller et \u00e0 utiliser.<\/p>","protected":false},"excerpt":{"rendered":"<p>Un cofanetto che unisce i sapori del tartufo bianco e del tartufo estivo alle spezie.<\/p>\n<ul>\n<li>Preparato piccante e speziato a base di miele, aromatizzato al tartufo bianco 40 g<\/li>\n<li>Preparato culinario piccante e speziato a base di olio extravergine di oliva (95,5%) aromatizzato al tartufo bianco 100mL<\/li>\n<li>Salsa piccante e speziata al succo di tartufo estivo 3% 140 g<\/li>\n<\/ul>\n<p><em>Conservazione: In un locale fresco e asciutto, al riparo dalla luce.<\/em><\/p>\n<p><em>Foto non contrattuale<\/em><\/p>","protected":false},"featured_media":20980,"comment_status":"open","ping_status":"closed","template":"","meta":[],"product_brand":[],"product_cat":[153,185],"product_tag":[],"class_list":{"0":"post-20744","1":"product","2":"type-product","3":"status-publish","4":"has-post-thumbnail","6":"product_cat-coffrets-cadeaux-mdt","7":"product_cat-noel-2025","9":"first","10":"outofstock","11":"taxable","12":"shipping-taxable","13":"purchasable","14":"product-type-simple"},"_links":{"self":[{"href":"https:\/\/www.gourmandisedeluxe.com\/it\/wp-json\/wp\/v2\/product\/20744","targetHints":{"allow":["GET"]}}],"collection":[{"href":"https:\/\/www.gourmandisedeluxe.com\/it\/wp-json\/wp\/v2\/product"}],"about":[{"href":"https:\/\/www.gourmandisedeluxe.com\/it\/wp-json\/wp\/v2\/types\/product"}],"replies":[{"embeddable":true,"href":"https:\/\/www.gourmandisedeluxe.com\/it\/wp-json\/wp\/v2\/comments?post=20744"}],"version-history":[{"count":0,"href":"https:\/\/www.gourmandisedeluxe.com\/it\/wp-json\/wp\/v2\/product\/20744\/revisions"}],"wp:featuredmedia":[{"embeddable":true,"href":"https:\/\/www.gourmandisedeluxe.com\/it\/wp-json\/wp\/v2\/media\/20980"}],"wp:attachment":[{"href":"https:\/\/www.gourmandisedeluxe.com\/it\/wp-json\/wp\/v2\/media?parent=20744"}],"wp:term":[{"taxonomy":"product_brand","embeddable":true,"href":"https:\/\/www.gourmandisedeluxe.com\/it\/wp-json\/wp\/v2\/product_brand?post=20744"},{"taxonomy":"product_cat","embeddable":true,"href":"https:\/\/www.gourmandisedeluxe.com\/it\/wp-json\/wp\/v2\/product_cat?post=20744"},{"taxonomy":"product_tag","embeddable":true,"href":"https:\/\/www.gourmandisedeluxe.com\/it\/wp-json\/wp\/v2\/product_tag?post=20744"}],"curies":[{"name":"wp","href":"https:\/\/api.w.org\/{rel}","templated":true}]}}