{"id":20370,"date":"2024-10-14T17:21:40","date_gmt":"2024-10-14T15:21:40","guid":{"rendered":"https:\/\/www.gourmandisedeluxe.com\/?post_type=product&#038;p=20370"},"modified":"2026-04-22T15:16:47","modified_gmt":"2026-04-22T13:16:47","slug":"melgaard-ricamo-tee-bianco","status":"publish","type":"product","link":"https:\/\/www.gourmandisedeluxe.com\/it\/melgaard-embroidery-tee-white\/","title":{"rendered":"Melgaard Tee con ricamo Bianco"},"content":{"rendered":"<p><strong>Bjarne Melgaard<\/strong> est un artiste contemporain norv\u00e9gien dont les collaborations avec les maisons de mode et de luxe ont marqu\u00e9 la sc\u00e8ne artistique internationale. Ce <strong>Melgaard Tee con ricamo Bianco<\/strong> est la version brod\u00e9e du t-shirt signature de la collaboration Melgaard x Kaspia : l&#8217;imprim\u00e9 graphique est ici rendu en broderie appliqu\u00e9e sur le coton blanc, ce qui lui donne une texture et une profondeur suppl\u00e9mentaires par rapport \u00e0 la version imprim\u00e9e standard. La broderie, r\u00e9alis\u00e9e avec soin, ajoute une dimension tactile et artisanale \u00e0 la pi\u00e8ce.<\/p>\n<p>Le coton est premium, la coupe est oversize et contemporaine, le blanc lumineux fait ressortir le travail de broderie avec une clart\u00e9 maximale. Une pi\u00e8ce collector qui t\u00e9moigne du soin apport\u00e9 \u00e0 chaque d\u00e9tail de la collaboration entre l&#8217;artiste et la Maison. Propos\u00e9 \u00e0 <strong>170\u20ac<\/strong>.<\/p>\n<p>\u00c9dition limit\u00e9e, non renouvel\u00e9e. Pour les amateurs d&#8217;art textile et de collaborations exclusives entre artistes et maisons de prestige. Lavage \u00e0 30\u00b0 \u00e0 l&#8217;envers, s\u00e9chage naturel pour pr\u00e9server la broderie.<\/p>","protected":false},"excerpt":{"rendered":"<p>Taglio casual<br \/>\nRicamo<br \/>\nCollo rotondo<br \/>\nSpalle cadenti<\/p>\n<p>Questo capo unico fa parte di una capsule collection che abbiamo creato in collaborazione con l'artista norvegese Bjarne Melgaard e Holzweiler. Il\u00a0<strong>Maglietta con ricamo Melgaard<\/strong>\u00a0\u00e8 decorato con il personaggio \u201cMr Caviar\u201d creato dall'artista e presenta un taglio casual.<\/p>","protected":false},"featured_media":24593,"comment_status":"open","ping_status":"closed","template":"","meta":[],"product_brand":[],"product_cat":[182,185],"product_tag":[],"class_list":{"0":"post-20370","1":"product","2":"type-product","3":"status-publish","4":"has-post-thumbnail","6":"product_cat-collections","7":"product_cat-noel-2025","9":"first","10":"instock","11":"taxable","12":"shipping-taxable","13":"purchasable","14":"product-type-variable"},"_links":{"self":[{"href":"https:\/\/www.gourmandisedeluxe.com\/it\/wp-json\/wp\/v2\/product\/20370","targetHints":{"allow":["GET"]}}],"collection":[{"href":"https:\/\/www.gourmandisedeluxe.com\/it\/wp-json\/wp\/v2\/product"}],"about":[{"href":"https:\/\/www.gourmandisedeluxe.com\/it\/wp-json\/wp\/v2\/types\/product"}],"replies":[{"embeddable":true,"href":"https:\/\/www.gourmandisedeluxe.com\/it\/wp-json\/wp\/v2\/comments?post=20370"}],"version-history":[{"count":0,"href":"https:\/\/www.gourmandisedeluxe.com\/it\/wp-json\/wp\/v2\/product\/20370\/revisions"}],"wp:featuredmedia":[{"embeddable":true,"href":"https:\/\/www.gourmandisedeluxe.com\/it\/wp-json\/wp\/v2\/media\/24593"}],"wp:attachment":[{"href":"https:\/\/www.gourmandisedeluxe.com\/it\/wp-json\/wp\/v2\/media?parent=20370"}],"wp:term":[{"taxonomy":"product_brand","embeddable":true,"href":"https:\/\/www.gourmandisedeluxe.com\/it\/wp-json\/wp\/v2\/product_brand?post=20370"},{"taxonomy":"product_cat","embeddable":true,"href":"https:\/\/www.gourmandisedeluxe.com\/it\/wp-json\/wp\/v2\/product_cat?post=20370"},{"taxonomy":"product_tag","embeddable":true,"href":"https:\/\/www.gourmandisedeluxe.com\/it\/wp-json\/wp\/v2\/product_tag?post=20370"}],"curies":[{"name":"wp","href":"https:\/\/api.w.org\/{rel}","templated":true}]}}