{"id":20364,"date":"2024-10-14T17:18:16","date_gmt":"2024-10-14T15:18:16","guid":{"rendered":"https:\/\/www.gourmandisedeluxe.com\/?post_type=product&#038;p=20364"},"modified":"2026-04-22T15:15:59","modified_gmt":"2026-04-22T13:15:59","slug":"bambino-blu-mix","status":"publish","type":"product","link":"https:\/\/www.gourmandisedeluxe.com\/it\/bambino-blue-mix\/","title":{"rendered":"Bambino Blue Mix"},"content":{"rendered":"<p>Le <strong>Bambino Blue Mix<\/strong> est un accessoire de style d\u00e9contract\u00e9 sign\u00e9 Kaspia : une sacoche ou un accessoire lifestyle dans un m\u00e9lange de bleus caract\u00e9ristiques de la palette Kaspia, con\u00e7u pour accompagner les moments de quotidien avec une touche de prestige discret. L&#8217;association de tons bleus \u2014 marine, turquoise, ciel \u2014 rappelle l&#8217;identit\u00e9 chromatique de la Maison depuis ses origines place de la Madeleine. Propos\u00e9 \u00e0 <strong>220\u20ac<\/strong>.<\/p>\n<p>Un accessoire lifestyle de la collection Kaspia, id\u00e9al pour ceux qui souhaitent int\u00e9grer la signature de la Maison \u00e0 leur quotidien de fa\u00e7on pratique et discr\u00e8te. Consultez la fiche produit pour les d\u00e9tails de mati\u00e8re et de dimensions.<\/p>","protected":false},"excerpt":{"rendered":"<p>Bordi sfrangiati<\/p>\n<p>Abbiamo iniziato a produrre le nostre sciarpe a Firenze dieci anni fa, dopo esserci innamorati di una piccola fabbrica e delle tecniche tradizionali che vi vengono utilizzate. \u00c8 ancora l\u00ec che le nostre sciarpe vengono prodotte oggi. Questa versione della sciarpa\u00a0<strong>Bambino<\/strong>\u00a0fa parte della nostra collaborazione con Bjarne Melgaard, presentata al Caviar Kaspia di Parigi. Presenta il caratteristico colore blu pallido del ristorante su un lato e un crema chiaro sull'altro.<\/p>","protected":false},"featured_media":24606,"comment_status":"open","ping_status":"closed","template":"","meta":[],"product_brand":[],"product_cat":[182],"product_tag":[],"class_list":{"0":"post-20364","1":"product","2":"type-product","3":"status-publish","4":"has-post-thumbnail","6":"product_cat-collections","8":"first","9":"instock","10":"taxable","11":"shipping-taxable","12":"purchasable","13":"product-type-simple"},"_links":{"self":[{"href":"https:\/\/www.gourmandisedeluxe.com\/it\/wp-json\/wp\/v2\/product\/20364","targetHints":{"allow":["GET"]}}],"collection":[{"href":"https:\/\/www.gourmandisedeluxe.com\/it\/wp-json\/wp\/v2\/product"}],"about":[{"href":"https:\/\/www.gourmandisedeluxe.com\/it\/wp-json\/wp\/v2\/types\/product"}],"replies":[{"embeddable":true,"href":"https:\/\/www.gourmandisedeluxe.com\/it\/wp-json\/wp\/v2\/comments?post=20364"}],"version-history":[{"count":0,"href":"https:\/\/www.gourmandisedeluxe.com\/it\/wp-json\/wp\/v2\/product\/20364\/revisions"}],"wp:featuredmedia":[{"embeddable":true,"href":"https:\/\/www.gourmandisedeluxe.com\/it\/wp-json\/wp\/v2\/media\/24606"}],"wp:attachment":[{"href":"https:\/\/www.gourmandisedeluxe.com\/it\/wp-json\/wp\/v2\/media?parent=20364"}],"wp:term":[{"taxonomy":"product_brand","embeddable":true,"href":"https:\/\/www.gourmandisedeluxe.com\/it\/wp-json\/wp\/v2\/product_brand?post=20364"},{"taxonomy":"product_cat","embeddable":true,"href":"https:\/\/www.gourmandisedeluxe.com\/it\/wp-json\/wp\/v2\/product_cat?post=20364"},{"taxonomy":"product_tag","embeddable":true,"href":"https:\/\/www.gourmandisedeluxe.com\/it\/wp-json\/wp\/v2\/product_tag?post=20364"}],"curies":[{"name":"wp","href":"https:\/\/api.w.org\/{rel}","templated":true}]}}