{"id":20254,"date":"2024-09-16T15:19:12","date_gmt":"2024-09-16T13:19:12","guid":{"rendered":"https:\/\/www.gourmandisedeluxe.com\/?post_type=product&#038;p=20254"},"modified":"2026-04-22T15:12:13","modified_gmt":"2026-04-22T13:12:13","slug":"mini-spilla-begum-x-kaspia","status":"publish","type":"product","link":"https:\/\/www.gourmandisedeluxe.com\/it\/mini-broche-begum-x-kaspia\/","title":{"rendered":"Mini spilla Beg\u00fcm x Kaspia"},"content":{"rendered":"<p>La collaboration entre <strong>Caviale Kaspia<\/strong> e <strong>B\u00e9g\u00fcm Khan<\/strong> \u2014 cr\u00e9atrice de bijoux parisienne c\u00e9l\u00e8bre pour ses pi\u00e8ces maximalstes fa\u00e7onn\u00e9es \u00e0 la main en argent dor\u00e9 et pierres semi-pr\u00e9cieuses \u2014 est une rencontre entre deux esthh\u00e9tiques qui se reconnaissent : le luxe affirm\u00e9, l&#8217;exuburance color\u00e9e, l&#8217;artisanat comme valeur fondamentale. La collection qui en r\u00e9sulte est une s\u00e9rie de bijoux exclusifs inpisr\u00e9s de l&#8217;univers iconique de Kaspia.<\/p>\n<p>La <strong>Mini Broche B\u00e9g\u00fcm x Kaspia<\/strong> est la pi\u00e8ce d&#8217;entr\u00e9e dans la collection \u2014 plus compacte, plus discr\u00e8te que les boucles d&#8217;oreilles, mais fa\u00e7onn\u00e9e avec la m\u00eame exigence artisanale et la m\u00eame qualit\u00e9 de finition. Pin\u00e9e sur un revers de veste, un col de chemise ou la poche d&#8217;un blazer, elle signe la tenue avec une \u00e9l\u00e9gance imm\u00e9diatement perceptible. Propos\u00e9e \u00e0 <strong>560\u20ac<\/strong>.<\/p>\n<p>Un cadeau de bijouterie accessible dans la collection, id\u00e9al pour initier quelqu&#8217;un \u00e0 l&#8217;univers B\u00e9g\u00fcm x Kaspia ou pour s&#8217;offrir une pi\u00e8ce d&#8217;auteur sans le budget des grandes pi\u00e8ces. \u00c9dition limit\u00e9e.<\/p>","protected":false},"excerpt":{"rendered":"<p><span class=\"Y2IQFc\" lang=\"fr\">Realizzato a mano a Istanbul da artigiani locali con amore, fantasia e sogni senza limiti.<\/span><\/p>\n<p><span class=\"Y2IQFc\" lang=\"fr\">I gioielli si ossidano se esposti alla luce diretta del sole, all'umidit\u00e0 e a temperature estreme. <\/span><\/p>\n<p><span class=\"Y2IQFc\" lang=\"fr\">Si consiglia di tenere i gioielli lontani dal contatto diretto con acqua, sapone, profumi o cosmetici. <\/span><\/p>\n<p><span class=\"Y2IQFc\" lang=\"fr\">Se i vostri gioielli entrano in contatto con acqua o prodotti chimici, utilizzate un panno morbido e asciutto o un asciugamano per asciugarli delicatamente. <\/span><\/p>\n<p><span class=\"Y2IQFc\" lang=\"fr\">Rimuovere tutti i gioielli prima e dopo aver applicato trucchi, cosmetici e profumi. <\/span><\/p>\n<p><span class=\"Y2IQFc\" lang=\"fr\">Indossate sempre i gioielli per ultimi quando vi vestite, in modo che gli abiti non vi rimangano impigliati.<\/span><\/p>","protected":false},"featured_media":24660,"comment_status":"open","ping_status":"closed","template":"","meta":[],"product_brand":[],"product_cat":[182],"product_tag":[],"class_list":{"0":"post-20254","1":"product","2":"type-product","3":"status-publish","4":"has-post-thumbnail","6":"product_cat-collections","8":"first","9":"instock","10":"taxable","11":"shipping-taxable","12":"purchasable","13":"product-type-simple"},"_links":{"self":[{"href":"https:\/\/www.gourmandisedeluxe.com\/it\/wp-json\/wp\/v2\/product\/20254","targetHints":{"allow":["GET"]}}],"collection":[{"href":"https:\/\/www.gourmandisedeluxe.com\/it\/wp-json\/wp\/v2\/product"}],"about":[{"href":"https:\/\/www.gourmandisedeluxe.com\/it\/wp-json\/wp\/v2\/types\/product"}],"replies":[{"embeddable":true,"href":"https:\/\/www.gourmandisedeluxe.com\/it\/wp-json\/wp\/v2\/comments?post=20254"}],"version-history":[{"count":0,"href":"https:\/\/www.gourmandisedeluxe.com\/it\/wp-json\/wp\/v2\/product\/20254\/revisions"}],"wp:featuredmedia":[{"embeddable":true,"href":"https:\/\/www.gourmandisedeluxe.com\/it\/wp-json\/wp\/v2\/media\/24660"}],"wp:attachment":[{"href":"https:\/\/www.gourmandisedeluxe.com\/it\/wp-json\/wp\/v2\/media?parent=20254"}],"wp:term":[{"taxonomy":"product_brand","embeddable":true,"href":"https:\/\/www.gourmandisedeluxe.com\/it\/wp-json\/wp\/v2\/product_brand?post=20254"},{"taxonomy":"product_cat","embeddable":true,"href":"https:\/\/www.gourmandisedeluxe.com\/it\/wp-json\/wp\/v2\/product_cat?post=20254"},{"taxonomy":"product_tag","embeddable":true,"href":"https:\/\/www.gourmandisedeluxe.com\/it\/wp-json\/wp\/v2\/product_tag?post=20254"}],"curies":[{"name":"wp","href":"https:\/\/api.w.org\/{rel}","templated":true}]}}