{"id":20236,"date":"2024-09-16T14:55:51","date_gmt":"2024-09-16T12:55:51","guid":{"rendered":"https:\/\/www.gourmandisedeluxe.com\/?post_type=product&#038;p=20236"},"modified":"2026-04-22T15:12:13","modified_gmt":"2026-04-22T13:12:13","slug":"orecchini-begum-x-kaspia","status":"publish","type":"product","link":"https:\/\/www.gourmandisedeluxe.com\/it\/boucles-doreilles-begum-x-kaspia\/","title":{"rendered":"Orecchini Beg\u00fcm x Kaspia"},"content":{"rendered":"<p>La collaboration entre <strong>Caviale Kaspia<\/strong> e <strong>B\u00e9g\u00fcm Khan<\/strong> \u2014 cr\u00e9atrice de bijoux parisienne c\u00e9l\u00e8bre pour ses pi\u00e8ces maximalstes fa\u00e7onn\u00e9es \u00e0 la main en argent dor\u00e9 et pierres semi-pr\u00e9cieuses \u2014 est une rencontre entre deux esthh\u00e9tiques qui se reconnaissent : le luxe affirm\u00e9, l&#8217;exuburance color\u00e9e, l&#8217;artisanat comme valeur fondamentale. La collection qui en r\u00e9sulte est une s\u00e9rie de bijoux exclusifs inpisr\u00e9s de l&#8217;univers iconique de Kaspia.<\/p>\n<p>Il <strong>Boucles d&#8217;Oreilles B\u00e9g\u00fcm x Kaspia<\/strong> sont la pi\u00e8ce signature de la collection : volumineuses, color\u00e9es, imm\u00e9diatement identifiables par les connaisseurs des deux maisons. Fa\u00e7onn\u00e9es en argent dor\u00e9, incrust\u00e9es de cabochons de pierres semi-pr\u00e9cieuses aux tons turquoise et marine en \u00e9cho \u00e0 la palette Kaspia, elles s&#8217;imposent comme une d\u00e9claration d&#8217;intention autant que comme un bijou. Propos\u00e9es \u00e0 <strong>1 290\u20ac<\/strong> la paire.<\/p>\n<p>Un cadeau d&#8217;exception pour une femme qui n&#8217;a pas peur d&#8217;exister en joaillerie, qui collectionne les pi\u00e8ces d&#8217;auteur et appR\u00e9cie les collaborations entre maisons de prestige. \u00c9dition limit\u00e9e, livr\u00e9e dans son \u00e9crin double signature.<\/p>","protected":false},"excerpt":{"rendered":"<pre class=\"tw-data-text tw-text-large tw-ta\" dir=\"ltr\" data-placeholder=\"Traduction\" aria-label=\"Testo tradotto\" data-ved=\"2ahUKEwjj7eTWwMeIAxVTUqQEHQWaGn0Q3ewLegQIBxAU\"><span class=\"Y2IQFc\" lang=\"fr\">F<\/span><\/pre>\n<p><span class=\"Y2IQFc\" lang=\"fr\">Realizzato a mano a Istanbul da artigiani locali con amore, fantasia e sogni senza limiti.<\/span><\/p>\n<p><span class=\"Y2IQFc\" lang=\"fr\">I gioielli si ossidano se esposti alla luce diretta del sole, all'umidit\u00e0 e a temperature estreme. <\/span><\/p>\n<p><span class=\"Y2IQFc\" lang=\"fr\">Si consiglia di tenere i gioielli lontani dal contatto diretto con acqua, sapone, profumi o cosmetici. <\/span><\/p>\n<p><span class=\"Y2IQFc\" lang=\"fr\">Se i vostri gioielli entrano in contatto con acqua o prodotti chimici, utilizzate un panno morbido e asciutto o un asciugamano per asciugarli delicatamente. <\/span><\/p>\n<p><span class=\"Y2IQFc\" lang=\"fr\">Rimuovere tutti i gioielli prima e dopo aver applicato trucchi, cosmetici e profumi. <\/span><\/p>\n<p><span class=\"Y2IQFc\" lang=\"fr\">Indossate sempre i gioielli per ultimi quando vi vestite, in modo che gli abiti non vi rimangano impigliati.<\/span><\/p>","protected":false},"featured_media":24650,"comment_status":"open","ping_status":"closed","template":"","meta":[],"product_brand":[],"product_cat":[182,185],"product_tag":[],"class_list":{"0":"post-20236","1":"product","2":"type-product","3":"status-publish","4":"has-post-thumbnail","6":"product_cat-collections","7":"product_cat-noel-2025","9":"first","10":"instock","11":"taxable","12":"shipping-taxable","13":"purchasable","14":"product-type-simple"},"_links":{"self":[{"href":"https:\/\/www.gourmandisedeluxe.com\/it\/wp-json\/wp\/v2\/product\/20236","targetHints":{"allow":["GET"]}}],"collection":[{"href":"https:\/\/www.gourmandisedeluxe.com\/it\/wp-json\/wp\/v2\/product"}],"about":[{"href":"https:\/\/www.gourmandisedeluxe.com\/it\/wp-json\/wp\/v2\/types\/product"}],"replies":[{"embeddable":true,"href":"https:\/\/www.gourmandisedeluxe.com\/it\/wp-json\/wp\/v2\/comments?post=20236"}],"version-history":[{"count":0,"href":"https:\/\/www.gourmandisedeluxe.com\/it\/wp-json\/wp\/v2\/product\/20236\/revisions"}],"wp:featuredmedia":[{"embeddable":true,"href":"https:\/\/www.gourmandisedeluxe.com\/it\/wp-json\/wp\/v2\/media\/24650"}],"wp:attachment":[{"href":"https:\/\/www.gourmandisedeluxe.com\/it\/wp-json\/wp\/v2\/media?parent=20236"}],"wp:term":[{"taxonomy":"product_brand","embeddable":true,"href":"https:\/\/www.gourmandisedeluxe.com\/it\/wp-json\/wp\/v2\/product_brand?post=20236"},{"taxonomy":"product_cat","embeddable":true,"href":"https:\/\/www.gourmandisedeluxe.com\/it\/wp-json\/wp\/v2\/product_cat?post=20236"},{"taxonomy":"product_tag","embeddable":true,"href":"https:\/\/www.gourmandisedeluxe.com\/it\/wp-json\/wp\/v2\/product_tag?post=20236"}],"curies":[{"name":"wp","href":"https:\/\/api.w.org\/{rel}","templated":true}]}}