{"id":20215,"date":"2024-12-03T18:39:10","date_gmt":"2024-12-03T17:39:10","guid":{"rendered":"https:\/\/www.gourmandisedeluxe.com\/?post_type=product&#038;p=20215"},"modified":"2026-04-22T14:42:42","modified_gmt":"2026-04-22T12:42:42","slug":"cofanetto-di-3-vodke-colorate","status":"publish","type":"product","link":"https:\/\/www.gourmandisedeluxe.com\/it\/coffret-3-vodkas-couleurs\/","title":{"rendered":"Set di 3 vodke colorate in scatola"},"content":{"rendered":"<p>Le <strong>Coffret 3 Vodkas Couleurs Kaspia<\/strong> est la version festive et color\u00e9e du triptyque vodka de la Maison. Il r\u00e9unit les trois vodkas aromatiques et color\u00e9es s\u00e9lectionn\u00e9es par Kaspia : la Vodka Rose aux p\u00e9tales de rose, la Vodka Cerise aux accents de kirsch, et une troisi\u00e8me expression qui vient compl\u00e9ter ce tableau vibrant. Trois couleurs, trois parfums, trois univers \u00e0 d\u00e9couvrir ou \u00e0 faire d\u00e9couvrir.<\/p>\n<p>Le coffret est con\u00e7u comme un objet de plaisir visuel autant que gustatif : les bouteilles align\u00e9es d\u00e9gagent une \u00e9l\u00e9gance chrom\u00e9e imm\u00e9diatement remarquable sur une table ou dans une vitrine. \u00c0 <strong>160\u20ac<\/strong>, il constitue un cadeau festif haut de gamme d&#8217;une g\u00e9n\u00e9rosit\u00e9 \u00e9vidente et d&#8217;une originalit\u00e9 certaine dans l&#8217;univers des spiritueux premium.<\/p>\n<p>Parfait pour un cadeau d&#8217;anniversaire, un cadeau de Saint-Valentin, une table de r\u00e9veillon ou toute occasion qui m\u00e9rite d&#8217;allier l&#8217;esth\u00e9tique au go\u00fbt. Servez chaque vodka tr\u00e8s fra\u00eeche dans des verres \u00e0 vodka givr\u00e9s, et laissez vos invit\u00e9s deviner les ar\u00f4mes avant de d\u00e9voiler les \u00e9tiquettes. Un exercice sensoriel aussi ludique que d\u00e9licieux.<\/p>","protected":false},"excerpt":{"rendered":"<p>Che si tratti di un'idea regalo o di un semplice piacere, scoprirete in un'elegante confezione con i colori del marchio, <strong>3 bottiglie di vodka Kaspia<\/strong> 70 cl *3 (Ciliegia, Rosa, Bisonte).<\/p>\n<p>Dono di Dio secondo una leggenda russa, la <strong>Vodka Kaspia<\/strong>, rinomata per la sua eccellente qualit\u00e0, \u00e8 prodotta a base di segale.<\/p>\n<p>L'abuso di alcol \u00e8 pericoloso per la salute. Da consumare con moderazione.<\/p>","protected":false},"featured_media":24359,"comment_status":"open","ping_status":"closed","template":"","meta":[],"product_brand":[],"product_cat":[144,196,143,145],"product_tag":[],"class_list":{"0":"post-20215","1":"product","2":"type-product","3":"status-publish","4":"has-post-thumbnail","6":"product_cat-a-lapero-kaspia","7":"product_cat-ads_vodkas","8":"product_cat-fetes-kaspia","9":"product_cat-la-cave-kaspia","11":"first","12":"instock","13":"taxable","14":"shipping-taxable","15":"purchasable","16":"product-type-simple"},"_links":{"self":[{"href":"https:\/\/www.gourmandisedeluxe.com\/it\/wp-json\/wp\/v2\/product\/20215","targetHints":{"allow":["GET"]}}],"collection":[{"href":"https:\/\/www.gourmandisedeluxe.com\/it\/wp-json\/wp\/v2\/product"}],"about":[{"href":"https:\/\/www.gourmandisedeluxe.com\/it\/wp-json\/wp\/v2\/types\/product"}],"replies":[{"embeddable":true,"href":"https:\/\/www.gourmandisedeluxe.com\/it\/wp-json\/wp\/v2\/comments?post=20215"}],"version-history":[{"count":0,"href":"https:\/\/www.gourmandisedeluxe.com\/it\/wp-json\/wp\/v2\/product\/20215\/revisions"}],"wp:featuredmedia":[{"embeddable":true,"href":"https:\/\/www.gourmandisedeluxe.com\/it\/wp-json\/wp\/v2\/media\/24359"}],"wp:attachment":[{"href":"https:\/\/www.gourmandisedeluxe.com\/it\/wp-json\/wp\/v2\/media?parent=20215"}],"wp:term":[{"taxonomy":"product_brand","embeddable":true,"href":"https:\/\/www.gourmandisedeluxe.com\/it\/wp-json\/wp\/v2\/product_brand?post=20215"},{"taxonomy":"product_cat","embeddable":true,"href":"https:\/\/www.gourmandisedeluxe.com\/it\/wp-json\/wp\/v2\/product_cat?post=20215"},{"taxonomy":"product_tag","embeddable":true,"href":"https:\/\/www.gourmandisedeluxe.com\/it\/wp-json\/wp\/v2\/product_tag?post=20215"}],"curies":[{"name":"wp","href":"https:\/\/api.w.org\/{rel}","templated":true}]}}