{"id":19026,"date":"2023-12-14T22:23:47","date_gmt":"2023-12-14T21:23:47","guid":{"rendered":"https:\/\/www.gourmandisedeluxe.com\/?post_type=product&#038;p=19026"},"modified":"2026-04-22T15:14:28","modified_gmt":"2026-04-22T13:14:28","slug":"casa-kaspia-berretto-bianco","status":"publish","type":"product","link":"https:\/\/www.gourmandisedeluxe.com\/it\/casquette-casa-kaspia-blanche\/","title":{"rendered":"Casa Kaspia cappello bianco"},"content":{"rendered":"<p>La <strong>Casquette Casa Kaspia Blanche<\/strong> est la pi\u00e8ce headwear signature de la ligne lifestyle Casa Kaspia \u2014 une casquette de baseball \u00e0 la coupe \u00e9pur\u00e9e et au coloris blanc immacul\u00e9, avec le logo Casa Kaspia brod\u00e9 en position frontale. Sa blancheur lumineuse en fait un accessoire d&#8217;t\u00e9e ideal, aussi polyvalent sur une terrasse que lors d&#8217;une promenade ou d&#8217;une sortie bateau.<\/p>\n<p>Sa construction est soign\u00e9e : fermeture ajustable, visi\u00e8re rigide, mat\u00e9riau respir\u00e9ant. Le blanc, color\u00e9 le plus difficile \u00e0 entretenir mais aussi le plus clean et le plus signataire, est ici trait\u00e9 avec la rigueur que m\u00e9rite une casquette premium. Propos\u00e9e \u00e0 <strong>160\u20ac<\/strong>.<\/p>\n<p>Un accessoire lifestyle Kaspia accessible, id\u00e9al pour les saisons chaudes. Cadeau mode d&#8217;un go\u00fbt s\u00fbr pour les amateurs de la Maison.<\/p>","protected":false},"excerpt":{"rendered":"<p>Il cappellino bianco ricamato Casa Kaspia sfoggia il doppio marchio della collaborazione. Completato da una chiusura dorata regolabile con gancio e fibbia sul retro.<\/p>\n<p>100% cotone organico<br \/>\nColore: bianco sporco<br \/>\nSolo lavaggio a secco specializzato<br \/>\nTaglia normale, prendere la propria taglia abituale<br \/>\nEsclusiva casablancaparis.com &amp; caviarkaspia.com<\/p>","protected":false},"featured_media":24598,"comment_status":"open","ping_status":"closed","template":"","meta":[],"product_brand":[],"product_cat":[182],"product_tag":[],"class_list":{"0":"post-19026","1":"product","2":"type-product","3":"status-publish","4":"has-post-thumbnail","6":"product_cat-collections","8":"first","9":"outofstock","10":"taxable","11":"shipping-taxable","12":"purchasable","13":"product-type-simple"},"_links":{"self":[{"href":"https:\/\/www.gourmandisedeluxe.com\/it\/wp-json\/wp\/v2\/product\/19026","targetHints":{"allow":["GET"]}}],"collection":[{"href":"https:\/\/www.gourmandisedeluxe.com\/it\/wp-json\/wp\/v2\/product"}],"about":[{"href":"https:\/\/www.gourmandisedeluxe.com\/it\/wp-json\/wp\/v2\/types\/product"}],"replies":[{"embeddable":true,"href":"https:\/\/www.gourmandisedeluxe.com\/it\/wp-json\/wp\/v2\/comments?post=19026"}],"version-history":[{"count":0,"href":"https:\/\/www.gourmandisedeluxe.com\/it\/wp-json\/wp\/v2\/product\/19026\/revisions"}],"wp:featuredmedia":[{"embeddable":true,"href":"https:\/\/www.gourmandisedeluxe.com\/it\/wp-json\/wp\/v2\/media\/24598"}],"wp:attachment":[{"href":"https:\/\/www.gourmandisedeluxe.com\/it\/wp-json\/wp\/v2\/media?parent=19026"}],"wp:term":[{"taxonomy":"product_brand","embeddable":true,"href":"https:\/\/www.gourmandisedeluxe.com\/it\/wp-json\/wp\/v2\/product_brand?post=19026"},{"taxonomy":"product_cat","embeddable":true,"href":"https:\/\/www.gourmandisedeluxe.com\/it\/wp-json\/wp\/v2\/product_cat?post=19026"},{"taxonomy":"product_tag","embeddable":true,"href":"https:\/\/www.gourmandisedeluxe.com\/it\/wp-json\/wp\/v2\/product_tag?post=19026"}],"curies":[{"name":"wp","href":"https:\/\/api.w.org\/{rel}","templated":true}]}}