{"id":18996,"date":"2023-12-14T22:05:03","date_gmt":"2023-12-14T21:05:03","guid":{"rendered":"https:\/\/www.gourmandisedeluxe.com\/?post_type=product&#038;p=18996"},"modified":"2026-04-22T15:13:13","modified_gmt":"2026-04-22T13:13:13","slug":"camicia-kaspia-casablanca-in-seta-caviale-con-colletto-cubano","status":"publish","type":"product","link":"https:\/\/www.gourmandisedeluxe.com\/it\/chemise-soie-casablanca-kaspia\/","title":{"rendered":"Camicia in seta con collo cubano Casablanca Caviar Kaspia"},"content":{"rendered":"<p>La deuxi\u00e8me expression de la collaboration entre <strong>Casablanca<\/strong> e <strong>Kaspia<\/strong> pousse encore plus loin l&#8217;int\u00e9gration des codes des deux maisons. Cette <strong>Chemise en Soie \u00e0 Col Cubain Casablanca Caviar Kaspia<\/strong> reprend le m\u00eame format de soie luxueuse \u00e0 col cubain en y inscrivant un imprim\u00e9 sp\u00e9cifiquement d\u00e9velopp\u00e9 pour la Maison Kaspia \u2014 avec le nom, les motifs et les codes couleur de la Maison int\u00e9gr\u00e9s dans la composition textile.<\/p>\n<p>Le r\u00e9sultat est une chemise collector qui porte deux signatures en une, imm\u00e9diatement identifiable par les connaisseurs des deux univers. La soie, d&#8217;une qualit\u00e9 irr\u00e9prochable, donne \u00e0 chaque d\u00e9tail de l&#8217;imprim\u00e9 une profondeur et un brillant que le coton ne pourrait reproduire. Propos\u00e9e \u00e0 <strong>890\u20ac<\/strong>.<\/p>\n<p>\u00c9dition limit\u00e9e, pour les amateurs de mode de luxe et de pi\u00e8ces rarissimes. Nettoyage \u00e0 sec ou lavage \u00e0 la main recommand\u00e9.<\/p>","protected":false},"excerpt":{"rendered":"<p>Questa esclusiva camicia in seta a maniche corte presenta alcune delle iconografie pi\u00f9 famose di Kaspia e elementi del loro linguaggio visivo, dipinti a mano internamente da Casablanca. Il design delle camicie rappresenta una nuova versione di una classica camicia Casablanca Tennis Club Icon. Completa di onde e strisce blu tono su tono sui bordi e sulle maniche, rifinita con un collo cubano aperto e un'etichetta con il marchio Casablanca Paris.<\/p>\n<p>Tessuto in twill di seta stampato<br \/>\nGirocollo cubano a maniche corte<br \/>\n100% seta<br \/>\nSolo lavaggio a secco specializzato<br \/>\nProdotto in Italia Taglie regolari, scegli la tua taglia abituale<br \/>\nEsclusiva casablancaparis.com &amp; caviarkaspia.com<\/p>","protected":false},"featured_media":24584,"comment_status":"open","ping_status":"closed","template":"","meta":[],"product_brand":[],"product_cat":[182,185],"product_tag":[],"class_list":{"0":"post-18996","1":"product","2":"type-product","3":"status-publish","4":"has-post-thumbnail","6":"product_cat-collections","7":"product_cat-noel-2025","9":"first","10":"instock","11":"taxable","12":"shipping-taxable","13":"purchasable","14":"product-type-variable"},"_links":{"self":[{"href":"https:\/\/www.gourmandisedeluxe.com\/it\/wp-json\/wp\/v2\/product\/18996","targetHints":{"allow":["GET"]}}],"collection":[{"href":"https:\/\/www.gourmandisedeluxe.com\/it\/wp-json\/wp\/v2\/product"}],"about":[{"href":"https:\/\/www.gourmandisedeluxe.com\/it\/wp-json\/wp\/v2\/types\/product"}],"replies":[{"embeddable":true,"href":"https:\/\/www.gourmandisedeluxe.com\/it\/wp-json\/wp\/v2\/comments?post=18996"}],"version-history":[{"count":0,"href":"https:\/\/www.gourmandisedeluxe.com\/it\/wp-json\/wp\/v2\/product\/18996\/revisions"}],"wp:featuredmedia":[{"embeddable":true,"href":"https:\/\/www.gourmandisedeluxe.com\/it\/wp-json\/wp\/v2\/media\/24584"}],"wp:attachment":[{"href":"https:\/\/www.gourmandisedeluxe.com\/it\/wp-json\/wp\/v2\/media?parent=18996"}],"wp:term":[{"taxonomy":"product_brand","embeddable":true,"href":"https:\/\/www.gourmandisedeluxe.com\/it\/wp-json\/wp\/v2\/product_brand?post=18996"},{"taxonomy":"product_cat","embeddable":true,"href":"https:\/\/www.gourmandisedeluxe.com\/it\/wp-json\/wp\/v2\/product_cat?post=18996"},{"taxonomy":"product_tag","embeddable":true,"href":"https:\/\/www.gourmandisedeluxe.com\/it\/wp-json\/wp\/v2\/product_tag?post=18996"}],"curies":[{"name":"wp","href":"https:\/\/api.w.org\/{rel}","templated":true}]}}