{"id":18984,"date":"2023-12-14T21:59:21","date_gmt":"2023-12-14T20:59:21","guid":{"rendered":"https:\/\/www.gourmandisedeluxe.com\/?post_type=product&#038;p=18984"},"modified":"2026-04-22T15:13:13","modified_gmt":"2026-04-22T13:13:13","slug":"camicia-casablanca-caviar-club-in-seta-con-colletto-cubano","status":"publish","type":"product","link":"https:\/\/www.gourmandisedeluxe.com\/it\/chemise-soie-casablanca-caviar-club\/","title":{"rendered":"Camicia in seta con collo cubano Casablanca Caviar Club"},"content":{"rendered":"<p><strong>Casablanca<\/strong> est la maison de sportswear de luxe parisienne fond\u00e9e par Charaf Tajer, c\u00e9l\u00e8bre pour ses chemises en soie aux imprim\u00e9s tropicaux et graphiques d&#8217;une richesse chromatique incomparable. Cette <strong>Chemise en Soie \u00e0 Col Cubain Casablanca Caviar Club<\/strong> est la premi\u00e8re expression de la collaboration avec Kaspia : une chemise en soie naturelle luxueuse dont l&#8217;imprim\u00e9 exclusif m\u00eale les motifs tropicaux signature Casablanca aux codes graphiques et iconographiques de Kaspia.<\/p>\n<p>Le col cubain, ouvert et d\u00e9contract\u00e9, est le format de col signature de Casablanca \u2014 \u00e0 la fois \u00e9l\u00e9gant et d\u00e9sinvolte. La soie flotte, brille, tombe avec cette aisance propre aux fibres naturelles de qualit\u00e9. Un v\u00eatement de l&#8217;excception accessible \u00e0 ceux qui ne veulent pas choisir entre confort et pr\u00e9stige. Propos\u00e9e \u00e0 <strong>820\u20ac<\/strong>.<\/p>\n<p>\u00c9dition limit\u00e9e, pour les amateurs de mode de cr\u00e9ateur et de collaborations exclusives. Entretien d\u00e9licat recommand\u00e9 : nettoyage \u00e0 sec ou lavage \u00e0 la main \u00e0 l&#8217;eau froide.<\/p>","protected":false},"excerpt":{"rendered":"<p>Questa esclusiva camicia in seta a maniche lunghe presenta alcune delle iconografie pi\u00f9 famose di Kaspia e elementi del loro linguaggio visivo, dipinti a mano internamente da Casablanca. Il design delle camicie rappresenta una nuova versione di una camicia classica del tennis club di Casablanca, \u201cThe Casablanca Caviar Club\u201d. Completa di onde blu tono su tono intorno ai bordi e ai polsini, rifinita con un collo cubano aperto, le nostre chiusure dei polsini con bottoni in madreperla e un'etichetta con il marchio Casablanca Paris.<\/p>\n<p>Tessuto in twill di seta stampato<br \/>\nManica lunga<br \/>\nColletto cubano<br \/>\n100% seta<br \/>\nSolo lavaggio a secco specializzato<br \/>\nProdotto in Italia<br \/>\nTaglia normale, prendere la propria taglia abituale<br \/>\nEsclusiva casablancaparis.com &amp; caviarkaspia.com<\/p>","protected":false},"featured_media":24579,"comment_status":"open","ping_status":"closed","template":"","meta":[],"product_brand":[],"product_cat":[182],"product_tag":[],"class_list":{"0":"post-18984","1":"product","2":"type-product","3":"status-publish","4":"has-post-thumbnail","6":"product_cat-collections","8":"first","9":"onbackorder","10":"taxable","11":"shipping-taxable","12":"purchasable","13":"product-type-variable"},"_links":{"self":[{"href":"https:\/\/www.gourmandisedeluxe.com\/it\/wp-json\/wp\/v2\/product\/18984","targetHints":{"allow":["GET"]}}],"collection":[{"href":"https:\/\/www.gourmandisedeluxe.com\/it\/wp-json\/wp\/v2\/product"}],"about":[{"href":"https:\/\/www.gourmandisedeluxe.com\/it\/wp-json\/wp\/v2\/types\/product"}],"replies":[{"embeddable":true,"href":"https:\/\/www.gourmandisedeluxe.com\/it\/wp-json\/wp\/v2\/comments?post=18984"}],"version-history":[{"count":0,"href":"https:\/\/www.gourmandisedeluxe.com\/it\/wp-json\/wp\/v2\/product\/18984\/revisions"}],"wp:featuredmedia":[{"embeddable":true,"href":"https:\/\/www.gourmandisedeluxe.com\/it\/wp-json\/wp\/v2\/media\/24579"}],"wp:attachment":[{"href":"https:\/\/www.gourmandisedeluxe.com\/it\/wp-json\/wp\/v2\/media?parent=18984"}],"wp:term":[{"taxonomy":"product_brand","embeddable":true,"href":"https:\/\/www.gourmandisedeluxe.com\/it\/wp-json\/wp\/v2\/product_brand?post=18984"},{"taxonomy":"product_cat","embeddable":true,"href":"https:\/\/www.gourmandisedeluxe.com\/it\/wp-json\/wp\/v2\/product_cat?post=18984"},{"taxonomy":"product_tag","embeddable":true,"href":"https:\/\/www.gourmandisedeluxe.com\/it\/wp-json\/wp\/v2\/product_tag?post=18984"}],"curies":[{"name":"wp","href":"https:\/\/api.w.org\/{rel}","templated":true}]}}