{"id":16924,"date":"2022-12-11T14:24:55","date_gmt":"2022-12-11T13:24:55","guid":{"rendered":"https:\/\/www.gourmandisedeluxe.com\/?post_type=product&#038;p=16924"},"modified":"2026-04-22T13:39:41","modified_gmt":"2026-04-22T11:39:41","slug":"moulin-torsade-dhimalaya-sale-rosa-dete-1-tartufo-e-pepe-nero-di-kampot-254g","status":"publish","type":"product","link":"https:\/\/www.gourmandisedeluxe.com\/it\/moulin-sel-rose-himalaya-truffe-ete-poivre-kampot\/","title":{"rendered":"Macina a spirale Sale rosa dell'Himalaya con tartufo estivo 1% e pepe nero di Kampot \u2013 254 g"},"content":{"rendered":"<p>Ce Moulin \u00e0 Sel et Poivre \u00e0 la Truffe est un accessoire de table d&#8217;une l\u00e9g\u00e8ret\u00e9 \u00e9l\u00e9gante qui incarne parfaitement la philosophie de la Maison de la Truffe : apporter le raffinement dans le quotidien, sans lourdeur ni c\u00e9r\u00e9monie inutile. Compos\u00e9 d&#8217;un \u00e9l\u00e9gant moulin torsad\u00e9 transparent \u00e0 quatre compartiments, il r\u00e9unit le Sel Rose d&#8217;Himalaya aromatis\u00e9 \u00e0 la Truffe d&#8217;\u00c9t\u00e9 1% (170g) et le Poivre Noir de Kampot (84g) en un m\u00eame objet design et pratique.<\/p>\n<p>Le Sel Rose d&#8217;Himalaya, extrait des mines du Punjab pakistanais depuis des millions d&#8217;ann\u00e9es, est naturellement riche en min\u00e9raux et d&#8217;une douceur sal\u00e9e sup\u00e9rieure au sel marin ordinaire. Aromatis\u00e9 \u00e0 la Truffe d&#8217;\u00c9t\u00e9, il acquiert une dimension aromatique subtile qui \u00e9l\u00e8ve le simple assaisonnement au rang d&#8217;un acte gustatif. Le Poivre Noir de Kampot, reconnu en Appellation d&#8217;Origine G\u00e9ographique Proteg\u00e9e, est l&#8217;un des plus estim\u00e9s au monde pour ses notes fruiti\u00e8res et sa chaleur persistante.<\/p>\n<p>Le moulin est rechargeable et livr\u00e9 dans son \u00e9tui en PVC transparent qui prot\u00e8ge et met en valeur ses cristaux color\u00e9s. Sur la table, il suscite invariablement la curiosit\u00e9 et les questions \u2014 c&#8217;est un objet qui raconte une histoire. Id\u00e9al comme cadeau gourmand, sur la table du soir ou comme \u00e9l\u00e9ment d&#8217;une box gastronomique.<\/p>\n<p>Contenu : 254g. \u00c0 conserver \u00e0 l&#8217;abri de l&#8217;humidit\u00e9 et de la lumi\u00e8re.<\/p>","protected":false},"excerpt":{"rendered":"<p style=\"font-weight: 400\">Elegante macina con 4 scomparti, approfitta della combinazione di diversi tipi di pepe e sale per esaltare i tuoi piatti!<\/p>\n<p style=\"font-weight: 400\">La Maison de la Truffe ha abbinato il sale rosa dell'Himalaya Truffe \u00e9t\u00e9 1% (170 g) al pepe nero di Kampot (84 g).<\/p>\n<p style=\"font-weight: 400\">Questo macinino \u00e8 ricaricabile e viene venduto con una custodia in PVC trasparente.<\/p>\n<p><em>Prezzo KG: 192,91 \u20ac<\/em><\/p>","protected":false},"featured_media":17165,"comment_status":"open","ping_status":"closed","template":"","meta":[],"product_brand":[],"product_cat":[62],"product_tag":[],"class_list":{"0":"post-16924","1":"product","2":"type-product","3":"status-publish","4":"has-post-thumbnail","6":"product_cat-epicerie","8":"first","9":"instock","10":"taxable","11":"shipping-taxable","12":"purchasable","13":"product-type-simple"},"_links":{"self":[{"href":"https:\/\/www.gourmandisedeluxe.com\/it\/wp-json\/wp\/v2\/product\/16924","targetHints":{"allow":["GET"]}}],"collection":[{"href":"https:\/\/www.gourmandisedeluxe.com\/it\/wp-json\/wp\/v2\/product"}],"about":[{"href":"https:\/\/www.gourmandisedeluxe.com\/it\/wp-json\/wp\/v2\/types\/product"}],"replies":[{"embeddable":true,"href":"https:\/\/www.gourmandisedeluxe.com\/it\/wp-json\/wp\/v2\/comments?post=16924"}],"version-history":[{"count":0,"href":"https:\/\/www.gourmandisedeluxe.com\/it\/wp-json\/wp\/v2\/product\/16924\/revisions"}],"wp:featuredmedia":[{"embeddable":true,"href":"https:\/\/www.gourmandisedeluxe.com\/it\/wp-json\/wp\/v2\/media\/17165"}],"wp:attachment":[{"href":"https:\/\/www.gourmandisedeluxe.com\/it\/wp-json\/wp\/v2\/media?parent=16924"}],"wp:term":[{"taxonomy":"product_brand","embeddable":true,"href":"https:\/\/www.gourmandisedeluxe.com\/it\/wp-json\/wp\/v2\/product_brand?post=16924"},{"taxonomy":"product_cat","embeddable":true,"href":"https:\/\/www.gourmandisedeluxe.com\/it\/wp-json\/wp\/v2\/product_cat?post=16924"},{"taxonomy":"product_tag","embeddable":true,"href":"https:\/\/www.gourmandisedeluxe.com\/it\/wp-json\/wp\/v2\/product_tag?post=16924"}],"curies":[{"name":"wp","href":"https:\/\/api.w.org\/{rel}","templated":true}]}}