{"id":16908,"date":"2022-12-11T14:15:23","date_gmt":"2022-12-11T13:15:23","guid":{"rendered":"https:\/\/www.gourmandisedeluxe.com\/?post_type=product&#038;p=16908"},"modified":"2026-04-22T13:44:14","modified_gmt":"2026-04-22T11:44:14","slug":"miel-aromatise-truffe-blanche-40g","status":"publish","type":"product","link":"https:\/\/www.gourmandisedeluxe.com\/it\/miel-aromatise-truffe-blanche-40g\/","title":{"rendered":"Preparato piccante e speziato a base di miele \u2013 aromatizzato al tartufo bianco 40 g"},"content":{"rendered":"<p>Cette Pr\u00e9paration au Miel Piquant et Truff\u00e9 \u00e0 la Truffe Blanche est une cr\u00e9ation de la gamme Epicee de la Maison de la Truffe, o\u00f9 la douceur naturelle du miel d&#8217;acacia rencontre la fougue du piment de Cayenne et l&#8217;ar\u00f4me envo\u00fbtant de la Truffe Blanche italienne lyophilis\u00e9e. Un condiment de caract\u00e8re, subtil dans sa chaleur et remarquable dans sa persistance.<\/p>\n<p>Le miel d&#8217;acacia, l\u00e9ger, floral et peu sucr\u00e9, constitue une base id\u00e9ale pour les notes musc\u00e9es de la Truffe Blanche <em>Tuber Magnatum<\/em> : les deux produits partagent des correspondances aromatiques naturelles, l&#8217;un amplifiant l&#8217;autre dans une harmonie d\u00e9concertante. La note fum\u00e9e et am\u00e8re du Cayenne vient r\u00e9veiller l&#8217;ensemble.<\/p>\n<p>C&#8217;est l&#8217;accompagnement id\u00e9al des plateaux de fromages affin\u00e9s \u2014 Roquefort, Gorgonzola, Morbier, Comt\u00e9 grand affinage \u2014 o\u00f9 il joue le r\u00f4le de la confiture de figue avec une sophistication aromatique sup\u00e9rieure. Il entre \u00e9galement dans des vinaigrettes, des marinades pour canard ou des dips pour crudites \u00e0 l&#8217;ap\u00e9ritif.<\/p>\n<p>Contenu : 40g. Conserver dans un endroit frais et sec. Apr\u00e8s ouverture, r\u00e9frig\u00e9rer et consommer dans les 30 jours.<\/p>","protected":false},"excerpt":{"rendered":"<p>Gamma Speziata<\/p>\n<p>Il miele di acacia e le lamelle di tartufo bianco italiano essiccate sono combinati con una miscela di estratti di peperoncino caratterizzata dalla nota affumicata e amara del Cayenna.<\/p>\n<p>Ottimo accompagnamento per formaggi stagionati e erborinati, condimento ideale per la preparazione di vinaigrette.<br \/>\nQuesto miele speziato \u00e8 perfetto anche per glassare o marinare carne di maiale, anatra e pollo.<br \/>\nProvala anche nei tuoi cocktail.<\/p>\n<p>Ingredienti e allergeni<\/p>\n<p>Ingredienti: miele di acacia 98%, estratti di peperoncino (Cayenna, Capsicum) 1%, tartufo bianco italiano liofilizzato (Tuber magnatum Pico) 0,05% (equivalente a 0,3% di tartufo fresco), aroma naturale.<\/p>\n<p>SENZA GLUTINE.<\/p>","protected":false},"featured_media":20988,"comment_status":"open","ping_status":"closed","template":"","meta":[],"product_brand":[],"product_cat":[65,69,62,108],"product_tag":[],"class_list":{"0":"post-16908","1":"product","2":"type-product","3":"status-publish","4":"has-post-thumbnail","6":"product_cat-traiteur","7":"product_cat-a-lapero","8":"product_cat-epicerie","9":"product_cat-produits-de-saison","11":"first","12":"outofstock","13":"taxable","14":"shipping-taxable","15":"purchasable","16":"product-type-simple"},"_links":{"self":[{"href":"https:\/\/www.gourmandisedeluxe.com\/it\/wp-json\/wp\/v2\/product\/16908","targetHints":{"allow":["GET"]}}],"collection":[{"href":"https:\/\/www.gourmandisedeluxe.com\/it\/wp-json\/wp\/v2\/product"}],"about":[{"href":"https:\/\/www.gourmandisedeluxe.com\/it\/wp-json\/wp\/v2\/types\/product"}],"replies":[{"embeddable":true,"href":"https:\/\/www.gourmandisedeluxe.com\/it\/wp-json\/wp\/v2\/comments?post=16908"}],"version-history":[{"count":0,"href":"https:\/\/www.gourmandisedeluxe.com\/it\/wp-json\/wp\/v2\/product\/16908\/revisions"}],"wp:featuredmedia":[{"embeddable":true,"href":"https:\/\/www.gourmandisedeluxe.com\/it\/wp-json\/wp\/v2\/media\/20988"}],"wp:attachment":[{"href":"https:\/\/www.gourmandisedeluxe.com\/it\/wp-json\/wp\/v2\/media?parent=16908"}],"wp:term":[{"taxonomy":"product_brand","embeddable":true,"href":"https:\/\/www.gourmandisedeluxe.com\/it\/wp-json\/wp\/v2\/product_brand?post=16908"},{"taxonomy":"product_cat","embeddable":true,"href":"https:\/\/www.gourmandisedeluxe.com\/it\/wp-json\/wp\/v2\/product_cat?post=16908"},{"taxonomy":"product_tag","embeddable":true,"href":"https:\/\/www.gourmandisedeluxe.com\/it\/wp-json\/wp\/v2\/product_tag?post=16908"}],"curies":[{"name":"wp","href":"https:\/\/api.w.org\/{rel}","templated":true}]}}