{"id":16848,"date":"2022-12-10T18:52:59","date_gmt":"2022-12-10T17:52:59","guid":{"rendered":"https:\/\/www.gourmandisedeluxe.com\/?post_type=product&#038;p=16848"},"modified":"2026-04-22T13:58:56","modified_gmt":"2026-04-22T11:58:56","slug":"filetti-di-matjes","status":"publish","type":"product","link":"https:\/\/www.gourmandisedeluxe.com\/it\/filets-de-matjes\/","title":{"rendered":"Filetti di Matjes"},"content":{"rendered":"<p>Le Matjes est l&#8217;un des grandes sp\u00e9cialit\u00e9s de la mer du Nord, une tradition gastronomique partag\u00e9e par les Pa\u00efs-Bas, la Belgique, l&#8217;Allemagne et les pays scandinaves depuis des si\u00e8cles. C&#8217;est un jeune hareng p\u00each\u00e9 avant sa premi\u00e8re reproduction, lorsque sa teneur en graisse est \u00e0 son apog\u00e9e \u2014 entre 18 et 25% \u2014 et que sa chair pr\u00e9sente cette texture exceptionnellement douce, fondante et l\u00e9g\u00e8rement nacr\u00e9e qui distingue le Matjes de tous les autres harengs en saumure.<\/p>\n<p>Ces Filets de Matjes Grand Nord Kaspia \u2014 compos\u00e9s \u00e0 71% de filets de hareng nordique sel\u00e9s selon la m\u00e9thode traditionnelle \u2014 offrent une texture d&#8217;une souplesse remarquable, presque fondante au couteau, avec une saveur douce, l\u00e9g\u00e8rement iod\u00e9e, pas agressive, qui r\u00e9conciliera m\u00eame les r\u00e9ticents du hareng traditionnel. La couleur \u00e9voque le rose-gris nacr\u00e9, l\u00e9g\u00e8rement color\u00e9e par le jus de betterave concentr\u00e9 de la composition.<\/p>\n<p>Servis sur des blinis ou du pain de seigle avec de la cr\u00e8me fraiche, des oignons blancs finement \u00e9minc\u00e9s et quelques c\u00e2pres, c&#8217;est le r\u00e9f\u00e9rentiel absolu de l&#8217;ap\u00e9ritif nordique. Ils s&#8217;accompagnent de cornichons malossols, d&#8217;une pomme de terre tide et d&#8217;une moutarde douce pour une entr\u00e9e compl\u00e8te. Un verre de vodka glacee ou un aquavit carvi les met en valeur avec une puret\u00e9 \u00e9vidente.<\/p>\n<p>Poids net : 350g (250g \u00e9goutte). Conserver entre +2\u00b0C et +7\u00b0C.<\/p>","protected":false},"excerpt":{"rendered":"<p>Filetti di Matjes Grand Nord, Pescato nel Mare del Nord, il Matje \u00e8 un'aringa giovane che non si \u00e8 ancora riprodotta, il che le conferisce una consistenza morbida e delicata seguita da un delizioso scioglimento in bocca. Vera tradizione delle terre del Nord.<\/p>\n<p>Composizione: Filetti di Matjes nordico 71% (filetto di aringa, sale, regolatori di acidit\u00e0<br \/>\n(lattato di sodio, acetato di sodio, citrato di sodio), conservanti<br \/>\n(benzoato di sodio, sorbato di potassio), agenti acidificanti (acido malico,<br \/>\nacido tartarico (L+)), colorante alimentare (succo di barbabietola concentrato) olio<br \/>\ncolza<\/p>\n<p>Questo prodotto non \u00e8 destinato alle persone allergiche ai seguenti allergeni:<br \/>\nPesce e prodotti a base di pesce.<\/p>\n<p>Conservazione: tra 2 \u00b0C e +7 \u00b0C.<\/p>\n<p><em>Peso netto: 350 g<\/em><br \/>\n<em>Peso netto sgocciolato: 250 g<\/em><\/p>","protected":false},"featured_media":24492,"comment_status":"closed","ping_status":"closed","template":"","meta":[],"product_brand":[],"product_cat":[140],"product_tag":[],"class_list":{"0":"post-16848","1":"product","2":"type-product","3":"status-publish","4":"has-post-thumbnail","6":"product_cat-epicerie-kaspia","8":"first","9":"instock","10":"taxable","11":"shipping-taxable","12":"purchasable","13":"product-type-simple"},"_links":{"self":[{"href":"https:\/\/www.gourmandisedeluxe.com\/it\/wp-json\/wp\/v2\/product\/16848","targetHints":{"allow":["GET"]}}],"collection":[{"href":"https:\/\/www.gourmandisedeluxe.com\/it\/wp-json\/wp\/v2\/product"}],"about":[{"href":"https:\/\/www.gourmandisedeluxe.com\/it\/wp-json\/wp\/v2\/types\/product"}],"replies":[{"embeddable":true,"href":"https:\/\/www.gourmandisedeluxe.com\/it\/wp-json\/wp\/v2\/comments?post=16848"}],"version-history":[{"count":0,"href":"https:\/\/www.gourmandisedeluxe.com\/it\/wp-json\/wp\/v2\/product\/16848\/revisions"}],"wp:featuredmedia":[{"embeddable":true,"href":"https:\/\/www.gourmandisedeluxe.com\/it\/wp-json\/wp\/v2\/media\/24492"}],"wp:attachment":[{"href":"https:\/\/www.gourmandisedeluxe.com\/it\/wp-json\/wp\/v2\/media?parent=16848"}],"wp:term":[{"taxonomy":"product_brand","embeddable":true,"href":"https:\/\/www.gourmandisedeluxe.com\/it\/wp-json\/wp\/v2\/product_brand?post=16848"},{"taxonomy":"product_cat","embeddable":true,"href":"https:\/\/www.gourmandisedeluxe.com\/it\/wp-json\/wp\/v2\/product_cat?post=16848"},{"taxonomy":"product_tag","embeddable":true,"href":"https:\/\/www.gourmandisedeluxe.com\/it\/wp-json\/wp\/v2\/product_tag?post=16848"}],"curies":[{"name":"wp","href":"https:\/\/api.w.org\/{rel}","templated":true}]}}