{"id":15125,"date":"2022-04-08T17:55:42","date_gmt":"2022-04-08T15:55:42","guid":{"rendered":"https:\/\/www.gourmandisedeluxe.com\/?post_type=product&#038;p=15125"},"modified":"2026-04-22T15:21:53","modified_gmt":"2026-04-22T13:21:53","slug":"pure-di-patate-al-tartufo","status":"publish","type":"product","link":"https:\/\/www.gourmandisedeluxe.com\/it\/ecrase-de-pommes-de-terre-saveur-truffe\/","title":{"rendered":"Pur\u00e8 di patate al gusto di tartufo"},"content":{"rendered":"<p>L&#8217;\u00e9cras\u00e9 de pommes de terre est l&#8217;un des grands classiques de la gastronomie fran\u00e7aise de bistrot \u00e9lev\u00e9 au rang de plat gastronomique \u2014 et l&#8217;accord pomme de terre-truffe est l&#8217;un des accords les plus c\u00e9l\u00e9br\u00e9s de la table Kaspia. Cet <strong>\u00c9cras\u00e9 de Pommes de Terre Saveur Truffe<\/strong> propose ce grand classique en version pr\u00eate \u00e0 r\u00e9chauffer : une pr\u00e9paration onctueuse, riche et parfum\u00e9e, qui reproduit fid\u00e8lement le r\u00e9sultat d&#8217;une recette maison travaill\u00e9e.<\/p>\n<p>La saveur truffe, pr\u00e9sente \u00e0 chaque cuiller\u00e9e, \u00e9l\u00e8ve la simplicit\u00e9 rassurante de la pomme de terre en quelque chose de franchement gastronomique. Parfait en accompagnement d&#8217;une viande r\u00f4tie, d&#8217;un poisson po\u00ebl\u00e9 ou d&#8217;une noix de saint-jacques. Propos\u00e9 \u00e0 <strong>13,90\u20ac<\/strong>, c&#8217;est l&#8217;un des meilleurs rapports plaisir-prix de la gamme traiteur truff\u00e9e.<\/p>","protected":false},"excerpt":{"rendered":"<p style=\"font-weight: 400\">Questo cremoso pur\u00e8 di patate al gusto di tartufo pu\u00f2 essere gustato da solo o accompagnato dai vostri piatti preferiti.<br \/>\nPiatto preparato in un contenitore da riscaldare a bagnomaria o nel microonde.<\/p>\n<p style=\"font-weight: 400\">2 porzioni da 175 g (2 persone)<\/p>\n<p style=\"font-weight: 400\">Peso netto 350 g<\/p>\n<p>Prezzo al kg: 39,71 \u20ac<\/p>\n<p style=\"font-weight: 400\"><strong>Conservazione:<\/strong>\u00a0tra 0 \u00b0C e 4 \u00b0C \u2013 Conservazione dopo l'apertura: 1 giorno tra 0 \u00b0C e 4 \u00b0C<\/p>\n<p style=\"font-weight: 400\"><strong>Ingredienti: <\/strong>Patate 68%, acqua, preparato culinario a base di olio extravergine di oliva aromatizzato al tartufo nero 7,5%, olio di oliva, fiocchi di patate 5,1% (patate, emulsionante: monostearina, spezie), pezzetti di tartufo estivo 2%, succo di tartufo estivo (tuber aestivum), sale, pepe bianco, curcuma,<\/p>\n<p style=\"font-weight: 400\"><strong>Pu\u00f2 contenere tracce di glutine, latte, uova, pesce, crostacei, molluschi, sedano, soia, senape, frutta a guscio, sesamo, arachidi.<\/strong><\/p>\n<p style=\"font-weight: 400\">","protected":false},"featured_media":16786,"comment_status":"open","ping_status":"closed","template":"","meta":[],"product_brand":[],"product_cat":[65,108],"product_tag":[],"class_list":{"0":"post-15125","1":"product","2":"type-product","3":"status-publish","4":"has-post-thumbnail","6":"product_cat-traiteur","7":"product_cat-produits-de-saison","9":"first","10":"instock","11":"taxable","12":"shipping-taxable","13":"purchasable","14":"product-type-simple"},"_links":{"self":[{"href":"https:\/\/www.gourmandisedeluxe.com\/it\/wp-json\/wp\/v2\/product\/15125","targetHints":{"allow":["GET"]}}],"collection":[{"href":"https:\/\/www.gourmandisedeluxe.com\/it\/wp-json\/wp\/v2\/product"}],"about":[{"href":"https:\/\/www.gourmandisedeluxe.com\/it\/wp-json\/wp\/v2\/types\/product"}],"replies":[{"embeddable":true,"href":"https:\/\/www.gourmandisedeluxe.com\/it\/wp-json\/wp\/v2\/comments?post=15125"}],"version-history":[{"count":0,"href":"https:\/\/www.gourmandisedeluxe.com\/it\/wp-json\/wp\/v2\/product\/15125\/revisions"}],"wp:featuredmedia":[{"embeddable":true,"href":"https:\/\/www.gourmandisedeluxe.com\/it\/wp-json\/wp\/v2\/media\/16786"}],"wp:attachment":[{"href":"https:\/\/www.gourmandisedeluxe.com\/it\/wp-json\/wp\/v2\/media?parent=15125"}],"wp:term":[{"taxonomy":"product_brand","embeddable":true,"href":"https:\/\/www.gourmandisedeluxe.com\/it\/wp-json\/wp\/v2\/product_brand?post=15125"},{"taxonomy":"product_cat","embeddable":true,"href":"https:\/\/www.gourmandisedeluxe.com\/it\/wp-json\/wp\/v2\/product_cat?post=15125"},{"taxonomy":"product_tag","embeddable":true,"href":"https:\/\/www.gourmandisedeluxe.com\/it\/wp-json\/wp\/v2\/product_tag?post=15125"}],"curies":[{"name":"wp","href":"https:\/\/api.w.org\/{rel}","templated":true}]}}