{"id":15121,"date":"2022-04-08T17:49:18","date_gmt":"2022-04-08T15:49:18","guid":{"rendered":"https:\/\/www.gourmandisedeluxe.com\/?post_type=product&#038;p=15121"},"modified":"2026-04-22T14:05:22","modified_gmt":"2026-04-22T12:05:22","slug":"risotto-al-tartufo","status":"publish","type":"product","link":"https:\/\/www.gourmandisedeluxe.com\/it\/risotto-saveur-truffe\/","title":{"rendered":"Risotto al tartufo"},"content":{"rendered":"<p>Le Risotto Saveur Truffe Maison de la Truffe est un plat pr\u00e9par\u00e9 d&#8217;une sinc\u00e9rit\u00e9 aromatique remarquable pour une pr\u00e9paration pr\u00eate \u00e0 r\u00e9chauffer : un riz <em>al dente<\/em> cuit dans une base de cr\u00e8me, d&#8217;oignon, d\u00e9chalo\u00f4te et de vin blanc concentr\u00e9, fromages r\u00e2p\u00e9s et fond de volaille, enrichie de 2,1% de brisures de truffes d&#8217;\u00e9t\u00e9 <em>Tubero Aestivum<\/em> et d&#8217;un jus de truffes qui parfume chaque grain de riz en profondeur. Deux portions g\u00e9n\u00e9reuses de 175g chacune, pour un repas complet en quelques minutes.<\/p>\n<p>La pr\u00e9sence simultan\u00e9e des brisures et du jus de truffes est la cl\u00e9 de son profil aromatique : les brisures donnent la pr\u00e9sence visuelle et la m\u00e2choire ; le jus parf ume la sauce cr\u00e9meuse dans sa globalit\u00e9, assurant que chaque bouch\u00e9e exprime l&#8217;ar\u00f4me de noisette et de sous-bois de la Tuber Aestivum. L&#8217;huile d&#8217;olive et le concentrate de vin blanc apportent les notes m\u00e9diterran\u00e9ennes qui arrondissent l&#8217;ensemble.<\/p>\n<p>R\u00e9chauff\u00e9 au bain-marie en 8 minutes ou au micro-ondes en 3 minutes, il se sert imm\u00e9diatement dans des assiettes chaudes avec un filet d&#8217;huile d&#8217;olive, quelques copeaux de parmesan et une pincee de fleur de sel. Il accompagne une escalope de veau, un filet de saint-pierre po\u00eael\u00e9 ou se d\u00e9guste seul, avec une salade verte \u00e0 la vinaigrette \u00e0 la moutarde truffe.<\/p>\n<p>Contenu : 350g (2 portions). Conserver entre 0\u00b0C et +4\u00b0C. Consommer dans les 24h apr\u00e8s ouverture.<\/p>","protected":false},"excerpt":{"rendered":"<p style=\"font-weight: 400\">Questo cremoso risotto al tartufo pu\u00f2 essere gustato da solo o accompagnato dai vostri piatti preferiti (pesce, carne o semplicemente insalata).<\/p>\n<p style=\"font-weight: 400\">Piatto preparato in un contenitore da riscaldare a bagnomaria o nel microonde.<\/p>\n<p style=\"font-weight: 400\">2 porzioni da 175 g (2 persone)<\/p>\n<p style=\"font-weight: 400\">Peso netto 350 g<\/p>\n<p>Prezzo al kg: 42,57 \u20ac<\/p>\n<p style=\"font-weight: 400\"><strong>Ingredienti:\u00a0<\/strong>Acqua, panna, riso 22%, cipolla, miscela di formaggi grattugiati (sale, fermenti lattici, caglio, conservante: lisozima d'uovo), scalogno, preparato a base di olio aromatizzato 3.2%, fondo di pollame aromatizzato disidratato, pezzetti di tartufo estivo 2.1%, succo di tartufo (tuber Aestivum), olio d'oliva, concentrato di vino bianco, pepe bianco, addensanti.<\/p>\n<p style=\"font-weight: 400\"><strong>Pu\u00f2 contenere tracce di pesce, crostacei, molluschi, soia, senape, sedano, frutta a guscio, sesamo, arachidi.<\/strong><\/p>\n<p style=\"font-weight: 400\"><strong>Conservazione\u00a0<\/strong>: tra 0 \u00b0C e 4 \u00b0C \u2013 Conservazione dopo l'apertura: 1 giorno tra 0 \u00b0C e 4 \u00b0C<\/p>","protected":false},"featured_media":16788,"comment_status":"open","ping_status":"closed","template":"","meta":[],"product_brand":[],"product_cat":[65],"product_tag":[],"class_list":{"0":"post-15121","1":"product","2":"type-product","3":"status-publish","4":"has-post-thumbnail","6":"product_cat-traiteur","8":"first","9":"instock","10":"taxable","11":"shipping-taxable","12":"purchasable","13":"product-type-simple"},"_links":{"self":[{"href":"https:\/\/www.gourmandisedeluxe.com\/it\/wp-json\/wp\/v2\/product\/15121","targetHints":{"allow":["GET"]}}],"collection":[{"href":"https:\/\/www.gourmandisedeluxe.com\/it\/wp-json\/wp\/v2\/product"}],"about":[{"href":"https:\/\/www.gourmandisedeluxe.com\/it\/wp-json\/wp\/v2\/types\/product"}],"replies":[{"embeddable":true,"href":"https:\/\/www.gourmandisedeluxe.com\/it\/wp-json\/wp\/v2\/comments?post=15121"}],"version-history":[{"count":0,"href":"https:\/\/www.gourmandisedeluxe.com\/it\/wp-json\/wp\/v2\/product\/15121\/revisions"}],"wp:featuredmedia":[{"embeddable":true,"href":"https:\/\/www.gourmandisedeluxe.com\/it\/wp-json\/wp\/v2\/media\/16788"}],"wp:attachment":[{"href":"https:\/\/www.gourmandisedeluxe.com\/it\/wp-json\/wp\/v2\/media?parent=15121"}],"wp:term":[{"taxonomy":"product_brand","embeddable":true,"href":"https:\/\/www.gourmandisedeluxe.com\/it\/wp-json\/wp\/v2\/product_brand?post=15121"},{"taxonomy":"product_cat","embeddable":true,"href":"https:\/\/www.gourmandisedeluxe.com\/it\/wp-json\/wp\/v2\/product_cat?post=15121"},{"taxonomy":"product_tag","embeddable":true,"href":"https:\/\/www.gourmandisedeluxe.com\/it\/wp-json\/wp\/v2\/product_tag?post=15121"}],"curies":[{"name":"wp","href":"https:\/\/api.w.org\/{rel}","templated":true}]}}