{"id":14101,"date":"2021-12-13T16:33:30","date_gmt":"2021-12-13T15:33:30","guid":{"rendered":"https:\/\/www.gourmandisedeluxe.com\/?post_type=product&#038;p=14101"},"modified":"2026-04-22T13:50:45","modified_gmt":"2026-04-22T11:50:45","slug":"salsa-perigueux-al-tartufo-1-2","status":"publish","type":"product","link":"https:\/\/www.gourmandisedeluxe.com\/it\/sauce-perigueux-aux-truffes-1-2\/","title":{"rendered":"Salsa P\u00e9rigueux al tartufo 1%"},"content":{"rendered":"<p>La Sauce P\u00e9rigueux est l&#8217;une des grandes sauces classiques de la gastronomie fran\u00e7aise, n\u00e9e dans le P\u00e9rigord \u00e0 l&#8217;intersection du ma\u00eetre cuisinier Auguste Escoffier et de la tradition p\u00e9rigourdine. Compos\u00e9e d&#8217;un fond de veau r\u00e9duit et d&#8217;une g\u00e9n\u00e9reuse part de truffe noire <em>Melanosporum<\/em> \u00e0 1%, elle repr\u00e9sente la version en bocal d&#8217;une recette qui demandait autrefois plusieurs heures et des mat\u00e9riaux de premier choix.<\/p>\n<p>Sa texture est brune, profonde, l\u00e9g\u00e8rement li\u00e9e ; son parfum est celui du bouillon de veau r\u00e9duit \u00e0 son maximum, habill\u00e9 du caract\u00e8re inimitable de la truffe noire du P\u00e9rigord. Elle n\u00e9cessite simplement un r\u00e9chauffage doux dans une casserole avant le service, avec \u00e9ventuellement une noix de beurre mont\u00e9e hors du feu pour l&#8217;arrondir et la faire briller.<\/p>\n<p>Elle accompagne traditionnellement les viandes rouges \u2014 filet de boeuf en cro\u00fbte, entrecote grill\u00e9e, tournedos Rossini \u2014 et les volailles r\u00f4ties. Elle s&#8217;invite avec bonheur dans la pr\u00e9paration d&#8217;un vol-au-vent, sur des ris de veau po\u00eael\u00e9s ou en sauce d&#8217;accompagnement pour des \u0153ufs brouill\u00e9s de f\u00eate. La simplicit\u00e9 de son utilisation contraste avec la distinction de son r\u00e9sultat.<\/p>\n<p>Contenu : 200g. Conserver dans un endroit sec et frais. Apr\u00e8s ouverture, r\u00e9frig\u00e9rer et consommer sous 48 heures.<\/p>","protected":false},"excerpt":{"rendered":"<p>Accompagnamento ideale per gustare carni rosse e bianche, scoprite tutti i sapori di questa famosa salsa al tartufo, che si abbina perfettamente anche alle vostre preparazioni a base di uova.<\/p>\n<p><em>Conservazione: In un locale fresco e asciutto, al riparo dalla luce.<\/em><\/p>\n<p><strong><em>Quantit\u00e0: 200 g<br \/>\n<\/em><em>Prezzo al kg: 72,5 \u20ac<\/em><\/strong><\/p>","protected":false},"featured_media":16291,"comment_status":"open","ping_status":"closed","template":"","meta":[],"product_brand":[],"product_cat":[72],"product_tag":[],"class_list":{"0":"post-14101","1":"product","2":"type-product","3":"status-publish","4":"has-post-thumbnail","6":"product_cat-epicerie-fine","8":"first","9":"outofstock","10":"taxable","11":"shipping-taxable","12":"purchasable","13":"product-type-simple"},"_links":{"self":[{"href":"https:\/\/www.gourmandisedeluxe.com\/it\/wp-json\/wp\/v2\/product\/14101","targetHints":{"allow":["GET"]}}],"collection":[{"href":"https:\/\/www.gourmandisedeluxe.com\/it\/wp-json\/wp\/v2\/product"}],"about":[{"href":"https:\/\/www.gourmandisedeluxe.com\/it\/wp-json\/wp\/v2\/types\/product"}],"replies":[{"embeddable":true,"href":"https:\/\/www.gourmandisedeluxe.com\/it\/wp-json\/wp\/v2\/comments?post=14101"}],"version-history":[{"count":0,"href":"https:\/\/www.gourmandisedeluxe.com\/it\/wp-json\/wp\/v2\/product\/14101\/revisions"}],"wp:featuredmedia":[{"embeddable":true,"href":"https:\/\/www.gourmandisedeluxe.com\/it\/wp-json\/wp\/v2\/media\/16291"}],"wp:attachment":[{"href":"https:\/\/www.gourmandisedeluxe.com\/it\/wp-json\/wp\/v2\/media?parent=14101"}],"wp:term":[{"taxonomy":"product_brand","embeddable":true,"href":"https:\/\/www.gourmandisedeluxe.com\/it\/wp-json\/wp\/v2\/product_brand?post=14101"},{"taxonomy":"product_cat","embeddable":true,"href":"https:\/\/www.gourmandisedeluxe.com\/it\/wp-json\/wp\/v2\/product_cat?post=14101"},{"taxonomy":"product_tag","embeddable":true,"href":"https:\/\/www.gourmandisedeluxe.com\/it\/wp-json\/wp\/v2\/product_tag?post=14101"}],"curies":[{"name":"wp","href":"https:\/\/api.w.org\/{rel}","templated":true}]}}