{"id":13868,"date":"2021-12-09T20:19:14","date_gmt":"2021-12-09T19:19:14","guid":{"rendered":"https:\/\/www.gourmandisedeluxe.com\/?post_type=product&#038;p=13868"},"modified":"2026-04-22T13:37:29","modified_gmt":"2026-04-22T11:37:29","slug":"patatine-al-gusto-di-senape-al-miele-e-tartufo-bianco","status":"publish","type":"product","link":"https:\/\/www.gourmandisedeluxe.com\/it\/chips-aromatisees-moutarde-miel-et-truffe-blanche\/","title":{"rendered":"Patatine aromatizzate con senape, miele e tartufo bianco"},"content":{"rendered":"<p>Ces Chips Moutarde, Miel et Truffe Blanche sont une cr\u00e9ation audacieuse qui marie trois saveurs instinctivement compl\u00e9mentaires dans un snack d&#8217;une sophistication rare. La moutarde au miel apporte une douceur piquante et un ar\u00f4me chaud et tannu\u00e9, que la lyophilisation de truffe blanche italienne vient prolonger de ses notes musc\u00e9es, mielleuses et fongi\u00e8res caract\u00e9ristiques de la <em>Tuber Magnatum<\/em>.<\/p>\n<p>Le proc\u00e9d\u00e9 de lyophilisation utilis\u00e9 pour l&#8217;assaisonnement pr\u00e9serve fid\u00e8lement le go\u00fbt et la saveur des ingr\u00e9dients frais sans recourir \u00e0 des ar\u00f4mes artificiels. Les chips elles-m\u00eames sont plus \u00e9paisses que les chips industrielles classiques, ce qui leur conf\u00e8re un croquant prononce et une tenue en bouche plus longue. L&#8217;assaisonnement adh\u00e8re uniformement, pour une saveur \u00e0 chaque bouchee.<\/p>\n<p>Parfaites \u00e0 l&#8217;ap\u00e9ritif avec un blanc de Bourgogne vif, un cidre artisanal brut ou une bi\u00e8re blonde artisnale, elles peuvent \u00e9galement servir de tapas elegants associ\u00e9es \u00e0 un plateau de charcuteries s\u00e9lectionn\u00e9es, en garniture croustillante sur une salade de batavia, ou \u00e9miett\u00e9es sur une cr\u00e8me de lentilles. Un snack qui invite \u00e0 l&#8217;exploration gastronomique sans n\u00e9cessiter de cuisinier.<\/p>\n<p>Contenu : 45g. \u00c0 conserver dans un endroit frais et sec. Consommer de pr\u00e9f\u00e9rence dans les 48h apr\u00e8s ouverture pour pr\u00e9server le croquant.<\/p>","protected":false},"excerpt":{"rendered":"<p>Il nostro <strong>patatine<\/strong> sono pi\u00f9 spesse delle patatine normali e sono molto croccanti.<br \/>\nOttime come aperitivo, possono anche essere utilizzate come base per salse, tapas o insalate.<\/p>\n<p>Condimento speciale liofilizzato alla senape con miele e tartufo bianco italiano. Il processo di liofilizzazione preserva il gusto e il sapore degli ingredienti freschi.<\/p>\n<p>CONSERVAZIONE<br \/>\nConservare in un luogo fresco e asciutto, al riparo dalla luce.<br \/>\nQuantit\u00e0: 45 g<br \/>\nPrezzo al chilo: 77,78 \u20ac<\/p>","protected":false},"featured_media":16775,"comment_status":"open","ping_status":"closed","template":"","meta":[],"product_brand":[],"product_cat":[69],"product_tag":[],"class_list":{"0":"post-13868","1":"product","2":"type-product","3":"status-publish","4":"has-post-thumbnail","6":"product_cat-a-lapero","8":"first","9":"instock","10":"taxable","11":"shipping-taxable","12":"purchasable","13":"product-type-simple"},"_links":{"self":[{"href":"https:\/\/www.gourmandisedeluxe.com\/it\/wp-json\/wp\/v2\/product\/13868","targetHints":{"allow":["GET"]}}],"collection":[{"href":"https:\/\/www.gourmandisedeluxe.com\/it\/wp-json\/wp\/v2\/product"}],"about":[{"href":"https:\/\/www.gourmandisedeluxe.com\/it\/wp-json\/wp\/v2\/types\/product"}],"replies":[{"embeddable":true,"href":"https:\/\/www.gourmandisedeluxe.com\/it\/wp-json\/wp\/v2\/comments?post=13868"}],"version-history":[{"count":0,"href":"https:\/\/www.gourmandisedeluxe.com\/it\/wp-json\/wp\/v2\/product\/13868\/revisions"}],"wp:featuredmedia":[{"embeddable":true,"href":"https:\/\/www.gourmandisedeluxe.com\/it\/wp-json\/wp\/v2\/media\/16775"}],"wp:attachment":[{"href":"https:\/\/www.gourmandisedeluxe.com\/it\/wp-json\/wp\/v2\/media?parent=13868"}],"wp:term":[{"taxonomy":"product_brand","embeddable":true,"href":"https:\/\/www.gourmandisedeluxe.com\/it\/wp-json\/wp\/v2\/product_brand?post=13868"},{"taxonomy":"product_cat","embeddable":true,"href":"https:\/\/www.gourmandisedeluxe.com\/it\/wp-json\/wp\/v2\/product_cat?post=13868"},{"taxonomy":"product_tag","embeddable":true,"href":"https:\/\/www.gourmandisedeluxe.com\/it\/wp-json\/wp\/v2\/product_tag?post=13868"}],"curies":[{"name":"wp","href":"https:\/\/api.w.org\/{rel}","templated":true}]}}