{"id":9544,"date":"2020-11-05T19:46:23","date_gmt":"2020-11-05T18:46:23","guid":{"rendered":"https:\/\/www.miel-montet.com\/kaspia_new\/product\/vodka-blanche-kaspia-70cl\/"},"modified":"2026-04-22T14:41:30","modified_gmt":"2026-04-22T12:41:30","slug":"vodka-blanco-kaspia","status":"publish","type":"product","link":"https:\/\/www.gourmandisedeluxe.com\/es\/vodka-blanche-kaspia\/","title":{"rendered":"Vodka blanco Kaspia"},"content":{"rendered":"<p>La <strong>Vodka blanco Kaspia<\/strong> es la firma l\u00edquida de la Casa Kaspia - una casa que, desde 1927, ha hecho de la combinaci\u00f3n de caviar y vodka un arte de vivir. Este vodka blanco, seleccionado por Kaspia, encarna el ideal de pureza y neutralidad que esperamos de un gran vodka: sin asperezas, sin defectos, una textura sedosa que se desliza por el paladar con una facilidad desarmante.<\/p>\n<p>Destilado seg\u00fan m\u00e9todos tradicionales y rigurosamente filtrado, se distingue por sus aromas cristalinos de limpidita y ligeros de cereal, que se desvanecen tras el servicio para dar paso a un final largo, limpio y fresco. Se recomienda consumirlo fr\u00edo, preferiblemente en el congelador, en un vaso de vodka fr\u00edo, solo o con un cubito de hielo.<\/p>\n<p>El maridaje caviar-vodka blanco es uno de los grandes cl\u00e1sicos de la gastronom\u00eda rusa y de la mesa Kaspia: la neutralidad del vodka realza los sabores yodados y a frutos secos del caviar sin competir con ellos. Una delicia para el paladar, un reflejo de conocedor. A 49 euros, la botella de 70 cl es tambi\u00e9n un regalo gastron\u00f3mico sobrio y eficaz.<\/p>","protected":false},"excerpt":{"rendered":"<p>Seg\u00fan una leyenda rusa, el vodka blanco, don de Dios y de sabor neutro, es la bebida que mejor acompa\u00f1a a la degustaci\u00f3n del caviar. El vodka blanco Kaspia, famoso por su excelente calidad, se elabora a partir de centeno y se aromatiza ligeramente con aguardiente de manzana.<\/p>\n<p><b>El abuso de alcohol es peligroso para la salud. Consuma con moderaci\u00f3n.<\/b><\/p>","protected":false},"featured_media":24498,"comment_status":"closed","ping_status":"closed","template":"","meta":[],"product_brand":[],"product_cat":[144,196,143,145],"product_tag":[],"class_list":{"0":"post-9544","1":"product","2":"type-product","3":"status-publish","4":"has-post-thumbnail","6":"product_cat-a-lapero-kaspia","7":"product_cat-ads_vodkas","8":"product_cat-fetes-kaspia","9":"product_cat-la-cave-kaspia","11":"first","12":"instock","13":"taxable","14":"shipping-taxable","15":"purchasable","16":"product-type-simple"},"_links":{"self":[{"href":"https:\/\/www.gourmandisedeluxe.com\/es\/wp-json\/wp\/v2\/product\/9544","targetHints":{"allow":["GET"]}}],"collection":[{"href":"https:\/\/www.gourmandisedeluxe.com\/es\/wp-json\/wp\/v2\/product"}],"about":[{"href":"https:\/\/www.gourmandisedeluxe.com\/es\/wp-json\/wp\/v2\/types\/product"}],"replies":[{"embeddable":true,"href":"https:\/\/www.gourmandisedeluxe.com\/es\/wp-json\/wp\/v2\/comments?post=9544"}],"version-history":[{"count":0,"href":"https:\/\/www.gourmandisedeluxe.com\/es\/wp-json\/wp\/v2\/product\/9544\/revisions"}],"wp:featuredmedia":[{"embeddable":true,"href":"https:\/\/www.gourmandisedeluxe.com\/es\/wp-json\/wp\/v2\/media\/24498"}],"wp:attachment":[{"href":"https:\/\/www.gourmandisedeluxe.com\/es\/wp-json\/wp\/v2\/media?parent=9544"}],"wp:term":[{"taxonomy":"product_brand","embeddable":true,"href":"https:\/\/www.gourmandisedeluxe.com\/es\/wp-json\/wp\/v2\/product_brand?post=9544"},{"taxonomy":"product_cat","embeddable":true,"href":"https:\/\/www.gourmandisedeluxe.com\/es\/wp-json\/wp\/v2\/product_cat?post=9544"},{"taxonomy":"product_tag","embeddable":true,"href":"https:\/\/www.gourmandisedeluxe.com\/es\/wp-json\/wp\/v2\/product_tag?post=9544"}],"curies":[{"name":"wp","href":"https:\/\/api.w.org\/{rel}","templated":true}]}}