{"id":9532,"date":"2020-11-05T19:46:23","date_gmt":"2020-11-05T18:46:23","guid":{"rendered":"https:\/\/www.miel-montet.com\/kaspia_new\/product\/creme-dartichauts-a-la-truffe-dete-3-tuber-aestivum-vitt\/"},"modified":"2026-04-22T13:37:29","modified_gmt":"2026-04-22T11:37:29","slug":"crema-de-alcachofa-con-trufa-dete-3","status":"publish","type":"product","link":"https:\/\/www.gourmandisedeluxe.com\/es\/creme-dartichauts-a-la-truffe-dete-3\/","title":{"rendered":"Crema de alcachofas con trufa de verano 3%"},"content":{"rendered":"<p>La Cr\u00e8me d&#8217;Artichauts \u00e0 la Truffe d&#8217;\u00c9t\u00e9 est un condiment d&#8217;une grande l\u00e9g\u00e8ret\u00e9 aromatique, n\u00e9 de la rencontre entre deux ingr\u00e9dients d&#8217;une distinction naturelle : l&#8217;artichaut \u2014 80% de la composition, transform\u00e9 \u00e0 l&#8217;huile d&#8217;olive \u2014 et la truffe d&#8217;\u00e9t\u00e9 <em>Tub\u00e9rculo Aestivum<\/em> \u00e0 3%. La l\u00e9g\u00e8ret\u00e9 et le caract\u00e8re veg\u00e9tal de l&#8217;artichaut se l\u00e0i associent\u00e0 la subtilit\u00e9 terreuse de la truffe pour cr\u00e9er une cr\u00e8me d&#8217;une \u00e9l\u00e9gance rare.<\/p>\n<p>La texture est fine et velout\u00e9e, la couleur d&#8217;un vert p\u00e2le lumineux, le parfum \u00e0 la fois herbal et fongi\u00e8re avec ce filigrane de noisette propre \u00e0 la Tuber Aestivum. La pr\u00e9sence du vinaigre dans la composition d&#8217;artichauts apporte une r\u00e9serve acidul\u00e9e qui dynamise l&#8217;ensemble sans l&#8217;alourdir. C&#8217;est une cr\u00e8me qui sait se mettre au service du plat.<\/p>\n<p>Servie en entr\u00e9e comme houmous de luxe avec des crudites et des grissinis, en accompagnement d&#8217;un tartare de b\u0153uf ou d&#8217;un saumon mi-cuit, m\u00e9lang\u00e9e \u00e0 des p\u00e2tes p\u00e9nn\u00e9s al dente avec une pincee de parmesan, ou utilis\u00e9e comme fond de tarte pour une quiche l\u00e9g\u00e8re au ch\u00e8vre et aux l\u00e9gumes, elle s&#8217;adapte \u00e0 de nombreuses situations culinaires. Polyvalente et \u00e9l\u00e9gante.<\/p>\n<p>Contenu : 100g. Conserver au r\u00e9frig\u00e9rateur apr\u00e8s ouverture et consommer dans les 7 jours.<\/p>","protected":false},"excerpt":{"rendered":"<p>Esta crema es ideal como entrante o para acompa\u00f1ar carnes crudas o cocidas, o pasta fresca.<\/p>\n<p><strong>Composici\u00f3n: alcachofas 90% (alcachofas 84%, aceite de oliva 15%, sal, vinagre), aceite de girasol 4%, trufa de verano 3% (Tuber Aestivum Vitt.), perejil, sal, aroma. Puede contener trazas o esporas del g\u00e9nero Tuber Spp.\u00a0<\/strong><\/p>\n<p><em>Conservaci\u00f3n: Una vez abierto, conservar durante 7 d\u00edas a 4 \u00b0C.\u00a0<\/em><\/p>\n<p><em>Cantidad: 90 g<br \/>\n<\/em><em>Precio por kg: 132,22 \u20ac<\/em><\/p>","protected":false},"featured_media":17219,"comment_status":"closed","ping_status":"closed","template":"","meta":[],"product_brand":[],"product_cat":[69,62,110,68],"product_tag":[],"class_list":{"0":"post-9532","1":"product","2":"type-product","3":"status-publish","4":"has-post-thumbnail","6":"product_cat-a-lapero","7":"product_cat-epicerie","8":"product_cat-nos-idees-cadeaux","9":"product_cat-nouveautes","11":"first","12":"instock","13":"taxable","14":"shipping-taxable","15":"purchasable","16":"product-type-simple"},"_links":{"self":[{"href":"https:\/\/www.gourmandisedeluxe.com\/es\/wp-json\/wp\/v2\/product\/9532","targetHints":{"allow":["GET"]}}],"collection":[{"href":"https:\/\/www.gourmandisedeluxe.com\/es\/wp-json\/wp\/v2\/product"}],"about":[{"href":"https:\/\/www.gourmandisedeluxe.com\/es\/wp-json\/wp\/v2\/types\/product"}],"replies":[{"embeddable":true,"href":"https:\/\/www.gourmandisedeluxe.com\/es\/wp-json\/wp\/v2\/comments?post=9532"}],"version-history":[{"count":0,"href":"https:\/\/www.gourmandisedeluxe.com\/es\/wp-json\/wp\/v2\/product\/9532\/revisions"}],"wp:featuredmedia":[{"embeddable":true,"href":"https:\/\/www.gourmandisedeluxe.com\/es\/wp-json\/wp\/v2\/media\/17219"}],"wp:attachment":[{"href":"https:\/\/www.gourmandisedeluxe.com\/es\/wp-json\/wp\/v2\/media?parent=9532"}],"wp:term":[{"taxonomy":"product_brand","embeddable":true,"href":"https:\/\/www.gourmandisedeluxe.com\/es\/wp-json\/wp\/v2\/product_brand?post=9532"},{"taxonomy":"product_cat","embeddable":true,"href":"https:\/\/www.gourmandisedeluxe.com\/es\/wp-json\/wp\/v2\/product_cat?post=9532"},{"taxonomy":"product_tag","embeddable":true,"href":"https:\/\/www.gourmandisedeluxe.com\/es\/wp-json\/wp\/v2\/product_tag?post=9532"}],"curies":[{"name":"wp","href":"https:\/\/api.w.org\/{rel}","templated":true}]}}