{"id":9511,"date":"2020-11-05T19:46:23","date_gmt":"2020-11-05T18:46:23","guid":{"rendered":"https:\/\/www.miel-montet.com\/kaspia_new\/product\/huile-dolive-biologique-vierge-extra-et-truffe-blanche-0-35-tuber-magnatum-pico-50ml\/"},"modified":"2026-04-22T14:36:34","modified_gmt":"2026-04-22T12:36:34","slug":"aceite-de-oliva-virgen-extra-ecologico-y-trufa-blanca-0-35","status":"publish","type":"product","link":"https:\/\/www.gourmandisedeluxe.com\/es\/huile-olive-truffe-blanche\/","title":{"rendered":"Aceite de Oliva Virgen Extra y Trufa Blanca 0.35%"},"content":{"rendered":"<p>Toutes les huiles d&#8217;olive ne se valent pas, et toutes les huiles truff\u00e9es encore moins. Cette <strong>Huile d&#8217;Olive Vierge Extra et Truffe Blanche \u00e0 0,35%<\/strong> tire sa singularit\u00e9 de la double qualit\u00e9 de ses composants : une huile d&#8217;olive vierge extra s\u00e9lectionn\u00e9e pour sa fraicheur et sa finesse, et une incorporation en truffe blanche suffisante pour que ses ar\u00f4mes caracteristiques \u2014 ail sauvage, miel de bois, foin frais \u2014 s&#8217;imposent clairement \u00e0 chaque filet vers\u00e9.<\/p>\n<p>Le flacon de <strong>194 millilitres<\/strong> est con\u00e7u pour un usage r\u00e9gulier : suffisamment g\u00e9n\u00e9reux pour s&#8217;installer durablement dans la cuisine, suffisamment pr\u00e9cieux pour \u00eatre utilis\u00e9 avec discernement. Comme toute huile truff\u00e9e de qualit\u00e9, elle se r\u00e9serve exclusivement pour la finition \u2014 quelques gouttes cru\u00e9es sur le plat juste avant le service, jamais en cuisson qui alt\u00e9rerait ses ar\u00f4mes volatils.<\/p>\n<p>Id\u00e9ale sur des tagliolini al burro, un risotto bianco, des oeufs brouill\u00e9s \u00e0 la truffe, une pizza bianca ou un carpaccio de saint-jacques. Elle s&#8217;accorde \u00e9galement sur une simple burrata de buflonne avec quelques grains de fleur de sel. Un incontournable de l&#8217;\u00e9picerie fine truff\u00e9e pour les amateurs de truffe blanche qui souhaitent l&#8217;int\u00e9grer \u00e0 leur cuisine du quotidien.<\/p>","protected":false},"excerpt":{"rendered":"<p>Ideal para aderezar ensaladas, bruschettas, tostadas...<\/p>\n<p><b>Composici\u00f3n: Aceite de oliva virgen extra ecol\u00f3gico, infusi\u00f3n de trufa blanca 17% (aceite de oliva virgen extra, trufa blanca (Tuber Magnatum Pico) 1% ], Trufa blanca liofilizada (Tuber Magnatum Pico) 0.35% (equivalente a 1.75% de producto fresco), aroma natural.<br \/>\n<\/b><i><br \/>\nConservaci\u00c3\u0192\u00c2\u00b3n: Almacenar en lugar fresco y seco.<\/i><\/p>\n<p>Tuber Magnatum Pico - 50ml<\/p>","protected":false},"featured_media":9513,"comment_status":"closed","ping_status":"closed","template":"","meta":[],"product_brand":[],"product_cat":[109],"product_tag":[],"class_list":{"0":"post-9511","1":"product","2":"type-product","3":"status-publish","4":"has-post-thumbnail","6":"product_cat-produits-biologiques","8":"first","9":"instock","10":"taxable","11":"shipping-taxable","12":"purchasable","13":"product-type-simple"},"_links":{"self":[{"href":"https:\/\/www.gourmandisedeluxe.com\/es\/wp-json\/wp\/v2\/product\/9511","targetHints":{"allow":["GET"]}}],"collection":[{"href":"https:\/\/www.gourmandisedeluxe.com\/es\/wp-json\/wp\/v2\/product"}],"about":[{"href":"https:\/\/www.gourmandisedeluxe.com\/es\/wp-json\/wp\/v2\/types\/product"}],"replies":[{"embeddable":true,"href":"https:\/\/www.gourmandisedeluxe.com\/es\/wp-json\/wp\/v2\/comments?post=9511"}],"version-history":[{"count":0,"href":"https:\/\/www.gourmandisedeluxe.com\/es\/wp-json\/wp\/v2\/product\/9511\/revisions"}],"wp:featuredmedia":[{"embeddable":true,"href":"https:\/\/www.gourmandisedeluxe.com\/es\/wp-json\/wp\/v2\/media\/9513"}],"wp:attachment":[{"href":"https:\/\/www.gourmandisedeluxe.com\/es\/wp-json\/wp\/v2\/media?parent=9511"}],"wp:term":[{"taxonomy":"product_brand","embeddable":true,"href":"https:\/\/www.gourmandisedeluxe.com\/es\/wp-json\/wp\/v2\/product_brand?post=9511"},{"taxonomy":"product_cat","embeddable":true,"href":"https:\/\/www.gourmandisedeluxe.com\/es\/wp-json\/wp\/v2\/product_cat?post=9511"},{"taxonomy":"product_tag","embeddable":true,"href":"https:\/\/www.gourmandisedeluxe.com\/es\/wp-json\/wp\/v2\/product_tag?post=9511"}],"curies":[{"name":"wp","href":"https:\/\/api.w.org\/{rel}","templated":true}]}}