{"id":9490,"date":"2020-11-05T19:46:09","date_gmt":"2020-11-05T18:46:09","guid":{"rendered":"https:\/\/www.miel-montet.com\/kaspia_new\/product\/matriochka-alexandra-pour-500g-de-caviar-ou-un-service-a-vodka\/"},"modified":"2026-04-22T15:06:30","modified_gmt":"2026-04-22T13:06:30","slug":"matriochka-alexandra-500g-caviar-service-vodka","status":"publish","type":"product","link":"https:\/\/www.gourmandisedeluxe.com\/es\/matriochka-alexandra-500g-caviar-service-vodka\/","title":{"rendered":"Matrioska Alexandra"},"content":{"rendered":"<p>Sommet de la collection Matriochka Kaspia, la <strong>Matrioska Alexandra<\/strong> est une oeuvre d&#8217;art \u00e0 part enti\u00e8re. Sa taille impos\u00e9e, la finesse de ses motifs dor\u00e9s et l&#8217;intensit\u00e9 de ses couleurs la classent parmi les plus belles poup\u00e9es russes peintes \u00e0 la main disponibles en dehors des mus\u00e9es. Chaque Alexandra est unique \u2014 aucune n&#8217;est strictement identique \u00e0 une autre \u2014 ce qui en fait une pi\u00e8ce collector de premier ordre.<\/p>\n<p>Peinte \u00e0 la main selon les traditions artisanales russes, chaque matriochka Kaspia est une pi\u00e8ce unique dont les d\u00e9tails \u2014 visage, costume, motifs floraux, rehauts dor\u00e9s \u2014 sont ex\u00e9cut\u00e9s par un seul artisan du debut \u00e0 la fin. Le proc\u00e9d\u00e9 de laquage, appliqu\u00e9 en plusieurs couches, garantit une protection durable des couleurs et un fini brillant caract\u00e9ristique. Propos\u00e9e \u00e0 <strong>1900\u20ac<\/strong>.<\/p>\n<p>Un cadeau d&#8217;exception pour les collectionneurs d&#8217;art populaire russe, les amateurs de Kaspia qui souhaitent poss\u00e9der un objet de la Maison d&#8217;une dimension artistique r\u00e9elle, ou pour tout grand moment de vie qui m\u00e9rite un cadeau hors du commun. Livr\u00e9e dans son \u00e9crin de la Maison, avec certificate d&#8217;authenticit\u00e9 artisanale.<\/p>","protected":false},"excerpt":{"rendered":"<ul>\n<li>Altura: 30 cm<\/li>\n<li>Anchura 24 cm<\/li>\n<\/ul>\n<p>Expositor con una altura de 30 cm y una anchura de 24 cm. .<\/p>\n<p>Las Matrioskas de porcelana de Limoges, una nueva gama de expositores para caviar.<\/p>\n<p>La colaboraci\u00f3n entre Caviar Kaspia y Maison Carpenet ha dado lugar a una gama de originales, exclusivos y preciados expositores de caviar que, con originalidad y refinamiento, realzan el caviar tal y como dicta la tradici\u00f3n.<\/p>\n<p>En un gui\u00f1o a los or\u00edgenes de Kaspia, estas matrioskas invitan a un viaje on\u00edrico al coraz\u00f3n de Rusia, entre tradici\u00f3n y modernidad. S\u00edmbolos de familia y fertilidad, ahora rinden homenaje a la rareza y excepcionalidad del caviar de la casa Kaspia.<\/p>\n<p>Esta delicada y refinada colecci\u00f3n, emblem\u00e1tica de la m\u00e1s pura artesan\u00eda francesa, ha sido creada por el dise\u00f1ador Georges Riu. Fruto de la combinaci\u00f3n de numerosas t\u00e9cnicas artesanales, estas cuatro mu\u00f1ecas rusas son aut\u00e9nticas joyas hechas a mano, adornadas con esmalte negro, decoradas con oro fino y engastadas con un cierre de lat\u00f3n dorado.<\/p>\n<p><em>* Este producto se vende sin caviar.<\/em><\/p>","protected":false},"featured_media":24407,"comment_status":"closed","ping_status":"closed","template":"","meta":[],"product_brand":[],"product_cat":[104,199,142,143],"product_tag":[],"class_list":{"0":"post-9490","1":"product","2":"type-product","3":"status-publish","4":"has-post-thumbnail","6":"product_cat-accessoires-kaspia","7":"product_cat-ads_deco","8":"product_cat-arts-de-la-table-kaspia","9":"product_cat-fetes-kaspia","11":"first","12":"instock","13":"taxable","14":"shipping-taxable","15":"purchasable","16":"product-type-simple"},"_links":{"self":[{"href":"https:\/\/www.gourmandisedeluxe.com\/es\/wp-json\/wp\/v2\/product\/9490","targetHints":{"allow":["GET"]}}],"collection":[{"href":"https:\/\/www.gourmandisedeluxe.com\/es\/wp-json\/wp\/v2\/product"}],"about":[{"href":"https:\/\/www.gourmandisedeluxe.com\/es\/wp-json\/wp\/v2\/types\/product"}],"replies":[{"embeddable":true,"href":"https:\/\/www.gourmandisedeluxe.com\/es\/wp-json\/wp\/v2\/comments?post=9490"}],"version-history":[{"count":0,"href":"https:\/\/www.gourmandisedeluxe.com\/es\/wp-json\/wp\/v2\/product\/9490\/revisions"}],"wp:featuredmedia":[{"embeddable":true,"href":"https:\/\/www.gourmandisedeluxe.com\/es\/wp-json\/wp\/v2\/media\/24407"}],"wp:attachment":[{"href":"https:\/\/www.gourmandisedeluxe.com\/es\/wp-json\/wp\/v2\/media?parent=9490"}],"wp:term":[{"taxonomy":"product_brand","embeddable":true,"href":"https:\/\/www.gourmandisedeluxe.com\/es\/wp-json\/wp\/v2\/product_brand?post=9490"},{"taxonomy":"product_cat","embeddable":true,"href":"https:\/\/www.gourmandisedeluxe.com\/es\/wp-json\/wp\/v2\/product_cat?post=9490"},{"taxonomy":"product_tag","embeddable":true,"href":"https:\/\/www.gourmandisedeluxe.com\/es\/wp-json\/wp\/v2\/product_tag?post=9490"}],"curies":[{"name":"wp","href":"https:\/\/api.w.org\/{rel}","templated":true}]}}