{"id":9478,"date":"2020-11-05T19:46:09","date_gmt":"2020-11-05T18:46:09","guid":{"rendered":"https:\/\/www.miel-montet.com\/kaspia_new\/product\/livre-la-truffe\/"},"modified":"2026-04-22T13:44:14","modified_gmt":"2026-04-22T11:44:14","slug":"libro-de-trufas","status":"publish","type":"product","link":"https:\/\/www.gourmandisedeluxe.com\/es\/livre-la-truffe\/","title":{"rendered":"Reservar La Trufa"},"content":{"rendered":"<p>Le Livre <em>La Truffe<\/em>, paru en 2012, rend hommage aux 80 ans de la Maison de la Truffe et \u00e0 son tr\u00e9sor noir. C&#8217;est un ouvrage de r\u00e9f\u00e9rence qui m\u00eale livre de cuisine, document d&#8217;histoire et ode sensorielle \u00e0 l&#8217;un des ingr\u00e9dients les plus myst\u00e9rieux de la gastronomie mondiale.<\/p>\n<p>Quatorze brillants chefs \u00e9toil\u00e9s se sont r\u00e9unis autour de ce projet pour livrer leurs souvenirs de la truffe, d\u00e9crire les sensations qu&#8217;elle a provoqu\u00e9 en eux, et signer des recettes exclusives con\u00e7ues sp\u00e9cifiquement pour cet ouvrage. Ces recettes, allant des pr\u00e9parations les plus simples aux cr\u00e9ations les plus \u00e9labor\u00e9es, illustrent la polyvalence infinie de la truffe et la mani\u00e8re dont chaque chef l&#8217;apprivoise selon sa personnalit\u00e9.<\/p>\n<p>Au-del\u00e0 des recettes, l&#8217;ouvrage retrace l&#8217;histoire de la Maison de la Truffe depuis sa fondation, ses valeurs, ses r\u00e9gions d&#8217;approvisionnement et sa philosophie du produit rare. C&#8217;est un livre \u00e0 offrir aux passionn\u00e9s de gastronomie, aux collectionneurs de beaux livres de cuisine, ou \u00e0 conserver pr\u00e9cieusement dans sa biblioth\u00e8que comme t\u00e9moignage d&#8217;une certaine conception de la table fran\u00e7aise.<\/p>\n<p>Format reli\u00e9. \u00c9dit\u00e9 en 2012. Prix : 49,90 \u20ac.<\/p>","protected":false},"excerpt":{"rendered":"<p>Publicado en 2012, el libro La Truffe rinde homenaje a los 80 a\u00f1os de la Maison de la Truffe y a su tesoro negro.<\/p>\n<p>En torno a la preciosa joya de la gastronom\u00eda francesa se han reunido 14 brillantes chefs con estrellas Michelin para sumergirse en sus recuerdos y rememorar las sensaciones que les provocaba esta m\u00edtica seta.<\/p>\n<p>As\u00ed firman 80 recetas que despiertan en cada lector el irresistible deseo de probar una trufa... y el anhelo de otra m\u00e1s.<\/p>","protected":false},"featured_media":9480,"comment_status":"closed","ping_status":"closed","template":"","meta":[],"product_brand":[],"product_cat":[153,79,110],"product_tag":[],"class_list":{"0":"post-9478","1":"product","2":"type-product","3":"status-publish","4":"has-post-thumbnail","6":"product_cat-coffrets-cadeaux-mdt","7":"product_cat-accessoires","8":"product_cat-nos-idees-cadeaux","10":"first","11":"instock","12":"taxable","13":"shipping-taxable","14":"purchasable","15":"product-type-variable"},"_links":{"self":[{"href":"https:\/\/www.gourmandisedeluxe.com\/es\/wp-json\/wp\/v2\/product\/9478","targetHints":{"allow":["GET"]}}],"collection":[{"href":"https:\/\/www.gourmandisedeluxe.com\/es\/wp-json\/wp\/v2\/product"}],"about":[{"href":"https:\/\/www.gourmandisedeluxe.com\/es\/wp-json\/wp\/v2\/types\/product"}],"replies":[{"embeddable":true,"href":"https:\/\/www.gourmandisedeluxe.com\/es\/wp-json\/wp\/v2\/comments?post=9478"}],"version-history":[{"count":0,"href":"https:\/\/www.gourmandisedeluxe.com\/es\/wp-json\/wp\/v2\/product\/9478\/revisions"}],"wp:featuredmedia":[{"embeddable":true,"href":"https:\/\/www.gourmandisedeluxe.com\/es\/wp-json\/wp\/v2\/media\/9480"}],"wp:attachment":[{"href":"https:\/\/www.gourmandisedeluxe.com\/es\/wp-json\/wp\/v2\/media?parent=9478"}],"wp:term":[{"taxonomy":"product_brand","embeddable":true,"href":"https:\/\/www.gourmandisedeluxe.com\/es\/wp-json\/wp\/v2\/product_brand?post=9478"},{"taxonomy":"product_cat","embeddable":true,"href":"https:\/\/www.gourmandisedeluxe.com\/es\/wp-json\/wp\/v2\/product_cat?post=9478"},{"taxonomy":"product_tag","embeddable":true,"href":"https:\/\/www.gourmandisedeluxe.com\/es\/wp-json\/wp\/v2\/product_tag?post=9478"}],"curies":[{"name":"wp","href":"https:\/\/api.w.org\/{rel}","templated":true}]}}