{"id":9472,"date":"2020-11-05T19:46:09","date_gmt":"2020-11-05T18:46:09","guid":{"rendered":"https:\/\/www.miel-montet.com\/kaspia_new\/product\/affiche-amoureux\/"},"modified":"2026-04-22T14:46:03","modified_gmt":"2026-04-22T12:46:03","slug":"cartel-del-amor","status":"publish","type":"product","link":"https:\/\/www.gourmandisedeluxe.com\/es\/affiche-amoureux\/","title":{"rendered":"Cartel \"Amantes"},"content":{"rendered":"<p>Dans l&#8217;univers de la Maison de la Truffe, m\u00eame les murs parlent de gourmandise. L&#8217;<strong>Affiche Amoureux<\/strong> est une illustration originale \u00e9dit\u00e9e par la Maison, \u00e0 la fois hommage po\u00e9tique \u00e0 la truffe et objet d&#8217;art accessible qui apporte une touche d&#8217;esprit \u00e0 n&#8217;importe quel int\u00e9rieur. Elle repr\u00e9sente avec finesse l&#8217;amour de la table et des belles choses \u2014 valeurs fondatrices de la maison depuis sa cr\u00e9ation.<\/p>\n<p>Format encadrable, imprim\u00e9e avec soin sur un papier de qualit\u00e9, elle s&#8217;int\u00e8gre aussi bien dans une cuisine design que dans un salon de style plus classique. Son graphisme chaleureux et son sujet f\u00e9d\u00e9rateur en font un cadeau id\u00e9al pour les amoureux de la truffe et de la bonne ch\u00e8re \u2014 \u00e0 <strong>10\u20ac<\/strong>, c&#8217;est l&#8217;un des meilleurs rapports plaisir-prix de notre s\u00e9lection.<\/p>\n<p>Glissez-la dans un tube de protection, associez-la \u00e0 une bouteille d&#8217;huile de truffe ou \u00e0 un coffret gourmand pour composer un cadeau original et personnalis\u00e9. Elle fera \u00e9galement merveille dans l&#8217;atelier d&#8217;un chef, le bureau d&#8217;un gastronome ou la biblioth\u00e8que d&#8217;un amoureux de la culture culinaire fran\u00e7aise.<\/p>","protected":false},"excerpt":{"rendered":"<p>\u00c3\u201a\u00c2\u00a1Viste tus paredes con los famosos carteles de la Maison de la Truffe!<\/p>","protected":false},"featured_media":9474,"comment_status":"closed","ping_status":"closed","template":"","meta":[],"product_brand":[],"product_cat":[153,110],"product_tag":[],"class_list":{"0":"post-9472","1":"product","2":"type-product","3":"status-publish","4":"has-post-thumbnail","6":"product_cat-coffrets-cadeaux-mdt","7":"product_cat-nos-idees-cadeaux","9":"first","10":"instock","11":"taxable","12":"shipping-taxable","13":"purchasable","14":"product-type-simple"},"_links":{"self":[{"href":"https:\/\/www.gourmandisedeluxe.com\/es\/wp-json\/wp\/v2\/product\/9472","targetHints":{"allow":["GET"]}}],"collection":[{"href":"https:\/\/www.gourmandisedeluxe.com\/es\/wp-json\/wp\/v2\/product"}],"about":[{"href":"https:\/\/www.gourmandisedeluxe.com\/es\/wp-json\/wp\/v2\/types\/product"}],"replies":[{"embeddable":true,"href":"https:\/\/www.gourmandisedeluxe.com\/es\/wp-json\/wp\/v2\/comments?post=9472"}],"version-history":[{"count":0,"href":"https:\/\/www.gourmandisedeluxe.com\/es\/wp-json\/wp\/v2\/product\/9472\/revisions"}],"wp:featuredmedia":[{"embeddable":true,"href":"https:\/\/www.gourmandisedeluxe.com\/es\/wp-json\/wp\/v2\/media\/9474"}],"wp:attachment":[{"href":"https:\/\/www.gourmandisedeluxe.com\/es\/wp-json\/wp\/v2\/media?parent=9472"}],"wp:term":[{"taxonomy":"product_brand","embeddable":true,"href":"https:\/\/www.gourmandisedeluxe.com\/es\/wp-json\/wp\/v2\/product_brand?post=9472"},{"taxonomy":"product_cat","embeddable":true,"href":"https:\/\/www.gourmandisedeluxe.com\/es\/wp-json\/wp\/v2\/product_cat?post=9472"},{"taxonomy":"product_tag","embeddable":true,"href":"https:\/\/www.gourmandisedeluxe.com\/es\/wp-json\/wp\/v2\/product_tag?post=9472"}],"curies":[{"name":"wp","href":"https:\/\/api.w.org\/{rel}","templated":true}]}}