{"id":9451,"date":"2020-11-05T19:46:09","date_gmt":"2020-11-05T18:46:09","guid":{"rendered":"https:\/\/www.miel-montet.com\/kaspia_new\/product\/preparation-au-miel-dacacia-et-a-la-truffe-15-80g\/"},"modified":"2026-04-22T14:30:51","modified_gmt":"2026-04-22T12:30:51","slug":"preparacion-con-miel-de-dacacia-y-trufa-15","status":"publish","type":"product","link":"https:\/\/www.gourmandisedeluxe.com\/es\/preparation-au-miel-dacacia-et-a-la-truffe-15\/","title":{"rendered":"Preparaci\u00f3n con miel de acacia y trufa negra 1,5%"},"content":{"rendered":"<p>La miel de acacia tiene un dulzor cristalino, casi transparente: una de las mieles m\u00e1s finas y discretas de la colmena, ideal para dejar que lo que la acompa\u00f1a sea el protagonista. En esta <strong>Preparaci\u00f3n de miel de acacia y trufa negra a 1.5%<\/strong>, es el <em>Tuber Melanosporum<\/em> robando el espect\u00e1culo... con garbo.<\/p>\n<p>El resultado es un condimento dulce de rara elegancia: el dulzor floral de la miel de acacia es el marco perfecto para los aromas profundos y terrosos de la trufa negra. Con 1,5%, el contenido de trufa es suficiente para que cada cucharada sea una revelaci\u00f3n. La botella de <strong>184 gramos<\/strong> Conservar a temperatura ambiente, protegido de la luz directa.<\/p>\n<p>Rociada sobre queso de cabra fresco, burrata, foie gras semicocido o simplemente untada en pan de masa madre crudo, esta miel trufada transforma cada momento en una experiencia gustativa. Tambi\u00e9n puede utilizarse sobre un plato de charcuter\u00eda fina, en yogur de leche de oveja o deslizada en una vinagreta. Un imprescindible de la charcuter\u00eda, para regalar o darse un capricho sin dudarlo lo m\u00e1s m\u00ednimo.<\/p>","protected":false},"excerpt":{"rendered":"<p>Esta miel combina a la perfecci\u00f3n con una degustaci\u00f3n de quesos de cabra y oveja, o con fruta cocida.<\/p>\n<p><strong>Composici\u00f3n: Miel de acacia (97,51 TP3T), trufas negras 1,51 TP3T (Tuber Melanosporum Vitt.), aroma.<\/strong><\/p>\n<p><em>Conservaci\u00f3n: En un lugar seco y fresco, protegido de la luz.<\/em><\/p>\n<p><em>Cantidad: 80 g<br \/>\n<\/em><em>Precio por kg: 200 \u20ac<\/em><\/p>","protected":false},"featured_media":17058,"comment_status":"closed","ping_status":"closed","template":"","meta":[],"product_brand":[],"product_cat":[76,72],"product_tag":[],"class_list":{"0":"post-9451","1":"product","2":"type-product","3":"status-publish","4":"has-post-thumbnail","6":"product_cat-douceurs-sucrees","7":"product_cat-epicerie-fine","9":"first","10":"instock","11":"taxable","12":"shipping-taxable","13":"purchasable","14":"product-type-simple"},"_links":{"self":[{"href":"https:\/\/www.gourmandisedeluxe.com\/es\/wp-json\/wp\/v2\/product\/9451","targetHints":{"allow":["GET"]}}],"collection":[{"href":"https:\/\/www.gourmandisedeluxe.com\/es\/wp-json\/wp\/v2\/product"}],"about":[{"href":"https:\/\/www.gourmandisedeluxe.com\/es\/wp-json\/wp\/v2\/types\/product"}],"replies":[{"embeddable":true,"href":"https:\/\/www.gourmandisedeluxe.com\/es\/wp-json\/wp\/v2\/comments?post=9451"}],"version-history":[{"count":0,"href":"https:\/\/www.gourmandisedeluxe.com\/es\/wp-json\/wp\/v2\/product\/9451\/revisions"}],"wp:featuredmedia":[{"embeddable":true,"href":"https:\/\/www.gourmandisedeluxe.com\/es\/wp-json\/wp\/v2\/media\/17058"}],"wp:attachment":[{"href":"https:\/\/www.gourmandisedeluxe.com\/es\/wp-json\/wp\/v2\/media?parent=9451"}],"wp:term":[{"taxonomy":"product_brand","embeddable":true,"href":"https:\/\/www.gourmandisedeluxe.com\/es\/wp-json\/wp\/v2\/product_brand?post=9451"},{"taxonomy":"product_cat","embeddable":true,"href":"https:\/\/www.gourmandisedeluxe.com\/es\/wp-json\/wp\/v2\/product_cat?post=9451"},{"taxonomy":"product_tag","embeddable":true,"href":"https:\/\/www.gourmandisedeluxe.com\/es\/wp-json\/wp\/v2\/product_tag?post=9451"}],"curies":[{"name":"wp","href":"https:\/\/api.w.org\/{rel}","templated":true}]}}