{"id":9445,"date":"2020-11-05T19:46:09","date_gmt":"2020-11-05T18:46:09","guid":{"rendered":"https:\/\/www.miel-montet.com\/kaspia_new\/product\/bonbons-de-chocolat-a-la-truffe-blanche-75g\/"},"modified":"2026-04-22T14:30:51","modified_gmt":"2026-04-22T12:30:51","slug":"bombones-de-chocolate-con-trufa-blanca","status":"publish","type":"product","link":"https:\/\/www.gourmandisedeluxe.com\/es\/bonbons-de-chocolat-a-la-truffe-blanche\/","title":{"rendered":"Bombones de chocolate con trufa blanca"},"content":{"rendered":"<p>La <strong>Trufa blanca de Alba<\/strong> est la plus pr\u00e9cieuse, la plus capricieuse, la plus envo\u00fbtante des truffes. Ses ar\u00f4mes uniques \u2014 ail sauvage, miel de for\u00eat, foin coup\u00e9 frais \u2014 sont intransposables et inimit\u00e9s. Ces <strong>Bombones de chocolate con trufa blanca<\/strong> repr\u00e9sentent le pari audacieux d&#8217;en capturer l&#8217;essence dans une ganache chocolat\u00e9e d&#8217;une finesse rare.<\/p>\n<p>Chaque pi\u00e8ce, d\u00e9licatement enrob\u00e9e, d\u00e9voile en bouche une premi\u00e8re vague de chocolat fondant, puis une mont\u00e9e lente et pers\u00e9v\u00e9rante des ar\u00f4mes de truffe blanche qui persistent bien apr\u00e8s la derni\u00e8re bouch\u00e9e. La bo\u00eete de <strong>132 grammes<\/strong> contient suffisamment de pi\u00e8ces pour partager \u2014 ou pour garder jalousement pour soi.<\/p>\n<p>Un cadeau gastronomique d&#8217;exception pour les connaisseurs : offrir ces bonbons, c&#8217;est offrir deux des plus grands luxes culinaires r\u00e9unis en un. \u00c0 d\u00e9guster sur un plateau de fromages affin\u00e9s, accompagn\u00e9 d&#8217;un verre de Champagne blanc de blancs millsim\u00e9 ou d&#8217;un Moscato d&#8217;Asti l\u00e9ger. Conservez entre 15 et 18\u00b0C, \u00e0 l&#8217;abri de la chaleur et de la lumi\u00e8re directe.<\/p>","protected":false},"excerpt":{"rendered":"<p>Descubra la suavidad de estos bombones, una creativa y sabrosa combinaci\u00f3n de chocolate blanco y trufa blanca. Para degustar con un caf\u00e9 o un t\u00e9.<\/p>\n<p><strong>Composici\u00f3n: Chocolate blanco (az\u00facar, manteca de cacao, leche entera en polvo, emulsionante: lecitina de soja E322, aromas) 28%, trufas blancas (Tuber Magnatum Pico) 3%, aromas. Contiene frutos secos.<\/strong><\/p>\n<p><em>Conservaci\u00f3n: En un lugar seco y fresco, protegido de la luz.<\/em><\/p>\n<p><em>Atenci\u00f3n: Fecha l\u00edmite de conservaci\u00f3n corta.<\/em><\/p>\n<p><em>Cantidad: 75 g<br \/>\n<\/em><em>Precio por kg: 200 \u20ac<\/em><\/p>","protected":false},"featured_media":16328,"comment_status":"closed","ping_status":"closed","template":"","meta":[],"product_brand":[],"product_cat":[76,72,110],"product_tag":[],"class_list":{"0":"post-9445","1":"product","2":"type-product","3":"status-publish","4":"has-post-thumbnail","6":"product_cat-douceurs-sucrees","7":"product_cat-epicerie-fine","8":"product_cat-nos-idees-cadeaux","10":"first","11":"instock","12":"taxable","13":"shipping-taxable","14":"purchasable","15":"product-type-simple"},"_links":{"self":[{"href":"https:\/\/www.gourmandisedeluxe.com\/es\/wp-json\/wp\/v2\/product\/9445","targetHints":{"allow":["GET"]}}],"collection":[{"href":"https:\/\/www.gourmandisedeluxe.com\/es\/wp-json\/wp\/v2\/product"}],"about":[{"href":"https:\/\/www.gourmandisedeluxe.com\/es\/wp-json\/wp\/v2\/types\/product"}],"replies":[{"embeddable":true,"href":"https:\/\/www.gourmandisedeluxe.com\/es\/wp-json\/wp\/v2\/comments?post=9445"}],"version-history":[{"count":0,"href":"https:\/\/www.gourmandisedeluxe.com\/es\/wp-json\/wp\/v2\/product\/9445\/revisions"}],"wp:featuredmedia":[{"embeddable":true,"href":"https:\/\/www.gourmandisedeluxe.com\/es\/wp-json\/wp\/v2\/media\/16328"}],"wp:attachment":[{"href":"https:\/\/www.gourmandisedeluxe.com\/es\/wp-json\/wp\/v2\/media?parent=9445"}],"wp:term":[{"taxonomy":"product_brand","embeddable":true,"href":"https:\/\/www.gourmandisedeluxe.com\/es\/wp-json\/wp\/v2\/product_brand?post=9445"},{"taxonomy":"product_cat","embeddable":true,"href":"https:\/\/www.gourmandisedeluxe.com\/es\/wp-json\/wp\/v2\/product_cat?post=9445"},{"taxonomy":"product_tag","embeddable":true,"href":"https:\/\/www.gourmandisedeluxe.com\/es\/wp-json\/wp\/v2\/product_tag?post=9445"}],"curies":[{"name":"wp","href":"https:\/\/api.w.org\/{rel}","templated":true}]}}