{"id":9373,"date":"2020-11-05T19:45:42","date_gmt":"2020-11-05T18:45:42","guid":{"rendered":"https:\/\/www.miel-montet.com\/kaspia_new\/product\/sauce-tomate-a-la-truffe-dete-tuber-aestivum-190g\/"},"modified":"2026-04-22T13:50:45","modified_gmt":"2026-04-22T11:50:45","slug":"salsa-de-tomate-trufada","status":"publish","type":"product","link":"https:\/\/www.gourmandisedeluxe.com\/es\/sauce-tomate-a-la-truffe-dete\/","title":{"rendered":"Salsa de tomate con trufa de verano"},"content":{"rendered":"<p>La Sauce Tomate \u00e0 la Truffe d&#8217;\u00c9t\u00e9 est l&#8217;un des grands classiques de la gamme Maison de la Truffe : une sauce tomate fraiche, compos\u00e9e \u00e0 78% de pulpe de tomate de qualit\u00e9 sup\u00e9rieure, arros\u00e9e d&#8217;huile extra vierge d&#8217;olive, parfum\u00e9e d&#8217;ail, de basilic, de persil et de sel de Gu\u00e9rande \u2014 puis enrichie de 3% de truffe d&#8217;\u00e9t\u00e9 <em>Tub\u00e9rculo Aestivum<\/em>, dont les notes de noisette et de champignon frais s&#8217;int\u00e8grent harmonieusement dans l&#8217;acidit\u00e9 naturelle de la tomate.<\/p>\n<p>La richesse de ce produit repose sur sa simplicit\u00e9 : pas d&#8217;additif, pas d&#8217;exhausteur de go\u00fbt, un assemblage d&#8217;ingr\u00e9dients qui se respectent mutuellement. La tomate reste le personnage principal \u2014 fra\u00eeche, vivace, l\u00e9g\u00e8rement sucr\u00e9e. La truffe est l&#8217;invit\u00e9e qui fait la diff\u00e9rence sans prendre toute la place.<\/p>\n<p>Utilis\u00e9e de mani\u00e8re classique sur des spaghetti ou des penne rigate, elle se r\u00e9v\u00e8le \u00e9galement d\u00e9licieuse en base de bruschetta sur du pain de campagne grill\u00e9 \u00e0 l&#8217;ail, en sauce d&#8217;accompagnement pour une pizza blanche sortie du four, ou pour dorer une escalope \u00e0 la milanaise. Quelques feuilles de basilic frais ajout\u00e9es \u00e0 la derni\u00e8re minute achvent parfaitement le plat.<\/p>\n<p>Conserver dans un endroit sec et frais. Apr\u00e8s ouverture, r\u00e9frig\u00e9rer et consommer sous 5 jours.<\/p>","protected":false},"excerpt":{"rendered":"<p>Esta salsa de tomate fresca estar\u00e1 deliciosa si se utiliza de forma cl\u00e1sica, como acompa\u00f1amiento de un plato de pasta, y tambi\u00e9n estar\u00e1 muy sabrosa en tostadas como aperitivo, en la preparaci\u00f3n de bruschettas o para acompa\u00f1ar carnes.<\/p>\n<p><strong>Composici\u00f3n: Pulpa de tomate 78%, concentrado de tomate 8%, aceite de oliva virgen extra, trufa de verano (Tuber Aestivum) 3%, ajo, az\u00facar, perejil, albahaca, sal de Gu\u00e9rande, aroma. Puede contener trazas de apio.<\/strong><\/p>\n<p><em>Conservaci\u00f3n: En un lugar seco y fresco, protegido de la luz.<\/em><\/p>\n<p><em>Cantidad: 190 g<br \/>\n<\/em><em>Precio por kg: 65,78 \u20ac<\/em><\/p>","protected":false},"featured_media":17061,"comment_status":"closed","ping_status":"closed","template":"","meta":[],"product_brand":[],"product_cat":[72],"product_tag":[],"class_list":{"0":"post-9373","1":"product","2":"type-product","3":"status-publish","4":"has-post-thumbnail","6":"product_cat-epicerie-fine","8":"first","9":"instock","10":"taxable","11":"shipping-taxable","12":"purchasable","13":"product-type-simple"},"_links":{"self":[{"href":"https:\/\/www.gourmandisedeluxe.com\/es\/wp-json\/wp\/v2\/product\/9373","targetHints":{"allow":["GET"]}}],"collection":[{"href":"https:\/\/www.gourmandisedeluxe.com\/es\/wp-json\/wp\/v2\/product"}],"about":[{"href":"https:\/\/www.gourmandisedeluxe.com\/es\/wp-json\/wp\/v2\/types\/product"}],"replies":[{"embeddable":true,"href":"https:\/\/www.gourmandisedeluxe.com\/es\/wp-json\/wp\/v2\/comments?post=9373"}],"version-history":[{"count":0,"href":"https:\/\/www.gourmandisedeluxe.com\/es\/wp-json\/wp\/v2\/product\/9373\/revisions"}],"wp:featuredmedia":[{"embeddable":true,"href":"https:\/\/www.gourmandisedeluxe.com\/es\/wp-json\/wp\/v2\/media\/17061"}],"wp:attachment":[{"href":"https:\/\/www.gourmandisedeluxe.com\/es\/wp-json\/wp\/v2\/media?parent=9373"}],"wp:term":[{"taxonomy":"product_brand","embeddable":true,"href":"https:\/\/www.gourmandisedeluxe.com\/es\/wp-json\/wp\/v2\/product_brand?post=9373"},{"taxonomy":"product_cat","embeddable":true,"href":"https:\/\/www.gourmandisedeluxe.com\/es\/wp-json\/wp\/v2\/product_cat?post=9373"},{"taxonomy":"product_tag","embeddable":true,"href":"https:\/\/www.gourmandisedeluxe.com\/es\/wp-json\/wp\/v2\/product_tag?post=9373"}],"curies":[{"name":"wp","href":"https:\/\/api.w.org\/{rel}","templated":true}]}}