{"id":9328,"date":"2020-11-05T19:45:42","date_gmt":"2020-11-05T18:45:42","guid":{"rendered":"https:\/\/www.miel-montet.com\/kaspia_new\/product\/verre-a-vodka\/"},"modified":"2026-04-22T14:41:30","modified_gmt":"2026-04-22T12:41:30","slug":"vaso-de-vodka","status":"publish","type":"product","link":"https:\/\/www.gourmandisedeluxe.com\/es\/verre-a-vodka\/","title":{"rendered":"Vaso de vodka"},"content":{"rendered":"<p>Le rituel de la vodka m\u00e9rite d&#8217;\u00eatre accompli avec les bons ustensiles. Ce <strong>Vaso de vodka Kaspia<\/strong> est con\u00e7u dans les r\u00e8gles de l&#8217;art : taille r\u00e9duite, parois \u00e9paisses pour maintenir le froid, bord fin pour ne pas interf\u00e9rer avec la d\u00e9gustation. Un outil de service aussi fonctionnel qu&#8217;\u00e9l\u00e9gant, \u00e0 l&#8217;image de la philosophie de la Maison Kaspia.<\/p>\n<p>Traditionnellement, la vodka se sert \u00e0 la temp\u00e9rature de cong\u00e9lation, dans un verre pr\u00e9alablement plac\u00e9 au congelateur une heure avant le service. Les parois \u00e9paisses de ce verre permettent de maintenir cette temp\u00e9rature id\u00e9ale le temps de la d\u00e9gustation, sans que la chaleur de la main ne se transmette trop rapidement au contenu. Le r\u00e9sultat : chaque gorg\u00e9e est servie dans des conditions optimales.<\/p>\n<p>Indispensable pour accompagner une bouteille de Vodka Kaspia offerte en cadeau, pour composer une table caviar-vodka dans les r\u00e8gles de l&#8217;art, ou pour compl\u00e9ter le service des grands moments conviviaux. Vendu \u00e0 l&#8217;unit\u00e9 pour 6\u20ac, il est facile \u00e0 composer en lot selon le nombre de convives. Lavage \u00e0 la main recommand\u00e9 pour pr\u00e9server sa qualit\u00e9.<\/p>","protected":false},"excerpt":{"rendered":"<p>Sirva sus vodkas helados con elegancia.<\/p>\n<p>&nbsp;<\/p>","protected":false},"featured_media":24489,"comment_status":"closed","ping_status":"closed","template":"","meta":[],"product_brand":[],"product_cat":[144,143,145],"product_tag":[],"class_list":{"0":"post-9328","1":"product","2":"type-product","3":"status-publish","4":"has-post-thumbnail","6":"product_cat-a-lapero-kaspia","7":"product_cat-fetes-kaspia","8":"product_cat-la-cave-kaspia","10":"first","11":"instock","12":"taxable","13":"shipping-taxable","14":"purchasable","15":"product-type-simple"},"_links":{"self":[{"href":"https:\/\/www.gourmandisedeluxe.com\/es\/wp-json\/wp\/v2\/product\/9328","targetHints":{"allow":["GET"]}}],"collection":[{"href":"https:\/\/www.gourmandisedeluxe.com\/es\/wp-json\/wp\/v2\/product"}],"about":[{"href":"https:\/\/www.gourmandisedeluxe.com\/es\/wp-json\/wp\/v2\/types\/product"}],"replies":[{"embeddable":true,"href":"https:\/\/www.gourmandisedeluxe.com\/es\/wp-json\/wp\/v2\/comments?post=9328"}],"version-history":[{"count":0,"href":"https:\/\/www.gourmandisedeluxe.com\/es\/wp-json\/wp\/v2\/product\/9328\/revisions"}],"wp:featuredmedia":[{"embeddable":true,"href":"https:\/\/www.gourmandisedeluxe.com\/es\/wp-json\/wp\/v2\/media\/24489"}],"wp:attachment":[{"href":"https:\/\/www.gourmandisedeluxe.com\/es\/wp-json\/wp\/v2\/media?parent=9328"}],"wp:term":[{"taxonomy":"product_brand","embeddable":true,"href":"https:\/\/www.gourmandisedeluxe.com\/es\/wp-json\/wp\/v2\/product_brand?post=9328"},{"taxonomy":"product_cat","embeddable":true,"href":"https:\/\/www.gourmandisedeluxe.com\/es\/wp-json\/wp\/v2\/product_cat?post=9328"},{"taxonomy":"product_tag","embeddable":true,"href":"https:\/\/www.gourmandisedeluxe.com\/es\/wp-json\/wp\/v2\/product_tag?post=9328"}],"curies":[{"name":"wp","href":"https:\/\/api.w.org\/{rel}","templated":true}]}}