{"id":9313,"date":"2020-11-05T19:45:26","date_gmt":"2020-11-05T18:45:26","guid":{"rendered":"https:\/\/www.miel-montet.com\/kaspia_new\/product\/cuillere-en-nacre-petit-modele-8cm\/"},"modified":"2026-04-22T15:05:43","modified_gmt":"2026-04-22T13:05:43","slug":"cuchara-pequena-de-nacar","status":"publish","type":"product","link":"https:\/\/www.gourmandisedeluxe.com\/es\/cuillere-en-nacre-petit-modele\/","title":{"rendered":"Cuchara de n\u00e1car, modelo peque\u00f1o"},"content":{"rendered":"<p>La cuill\u00e8re en nacre est l&#8217;instrument de d\u00e9gustation du caviar par excellence \u2014 une r\u00e8gle absolue partag\u00e9e par tous les amateurs \u00e9clair\u00e9s : ni argent, ni acier inoxydable, qui oxydent et alt\u00e8rent les ar\u00f4mes d\u00e9licats des oeufs d&#8217;esturgeon, mais la nacre, neutre, inerte, qui laisse le caviar s&#8217;exprimer pleinement. Cette <strong>Cuchara de n\u00e1car, modelo peque\u00f1o<\/strong> est l&#8217;outil indispensable de toute d\u00e9gustation de caviar qui se respecte.<\/p>\n<p>Son format petit est id\u00e9al pour une d\u00e9gustation d&#8217;une \u00e0 deux portions de caviar : on plonge d\u00e9licatement dans la bo\u00eete, on porte la cuill\u00e8re \u00e0 la main, on d\u00e9pose les grains sur le dos de cette m\u00eame main \u2014 c&#8217;est le rituel de d\u00e9gustation authentique que recommandent les plus grandes maisons de caviar au monde. Propos\u00e9e \u00e0 <strong>7\u20ac<\/strong>.<\/p>\n<p>Cadeau d&#8217;accompagnement id\u00e9al avec toute bo\u00eete de caviar Kaspia, elle compose \u00e9galement avec la cuill\u00e8re grand mod\u00e8le pour un service complet. \u00c0 glisser dans tout coffret caviar ou vodka-caviar. Un objet essentiel, modeste dans son prix, irremplacable dans sa fonction.<\/p>","protected":false},"excerpt":{"rendered":"<p><span style=\"vertical-align: inherit;\"><span style=\"vertical-align: inherit;\">Utensilio indispensable para cualquier degustaci\u00c3\u0192\u00c2\u00b3n de caviar, la peque\u00c3\u0192\u00c2\u00b1a cuchara de n\u00c3\u0192\u00c2\u00a1car Kaspia permite aprovechar toda la potencia del sabor yodado de las peque\u00c3\u0192\u00c2\u00b1as perlas del mar, sin riesgo de alterar su sabor.<\/span><\/span><\/p>","protected":false},"featured_media":24431,"comment_status":"closed","ping_status":"closed","template":"","meta":[],"product_brand":[],"product_cat":[104,142,143],"product_tag":[],"class_list":{"0":"post-9313","1":"product","2":"type-product","3":"status-publish","4":"has-post-thumbnail","6":"product_cat-accessoires-kaspia","7":"product_cat-arts-de-la-table-kaspia","8":"product_cat-fetes-kaspia","10":"first","11":"instock","12":"taxable","13":"shipping-taxable","14":"purchasable","15":"product-type-simple"},"_links":{"self":[{"href":"https:\/\/www.gourmandisedeluxe.com\/es\/wp-json\/wp\/v2\/product\/9313","targetHints":{"allow":["GET"]}}],"collection":[{"href":"https:\/\/www.gourmandisedeluxe.com\/es\/wp-json\/wp\/v2\/product"}],"about":[{"href":"https:\/\/www.gourmandisedeluxe.com\/es\/wp-json\/wp\/v2\/types\/product"}],"replies":[{"embeddable":true,"href":"https:\/\/www.gourmandisedeluxe.com\/es\/wp-json\/wp\/v2\/comments?post=9313"}],"version-history":[{"count":0,"href":"https:\/\/www.gourmandisedeluxe.com\/es\/wp-json\/wp\/v2\/product\/9313\/revisions"}],"wp:featuredmedia":[{"embeddable":true,"href":"https:\/\/www.gourmandisedeluxe.com\/es\/wp-json\/wp\/v2\/media\/24431"}],"wp:attachment":[{"href":"https:\/\/www.gourmandisedeluxe.com\/es\/wp-json\/wp\/v2\/media?parent=9313"}],"wp:term":[{"taxonomy":"product_brand","embeddable":true,"href":"https:\/\/www.gourmandisedeluxe.com\/es\/wp-json\/wp\/v2\/product_brand?post=9313"},{"taxonomy":"product_cat","embeddable":true,"href":"https:\/\/www.gourmandisedeluxe.com\/es\/wp-json\/wp\/v2\/product_cat?post=9313"},{"taxonomy":"product_tag","embeddable":true,"href":"https:\/\/www.gourmandisedeluxe.com\/es\/wp-json\/wp\/v2\/product_tag?post=9313"}],"curies":[{"name":"wp","href":"https:\/\/api.w.org\/{rel}","templated":true}]}}