{"id":9283,"date":"2020-11-05T19:45:26","date_gmt":"2020-11-05T18:45:26","guid":{"rendered":"https:\/\/www.miel-montet.com\/kaspia_new\/product\/tarama-selection-90g\/"},"modified":"2026-04-22T14:02:17","modified_gmt":"2026-04-22T12:02:17","slug":"seleccion-de-taramas","status":"publish","type":"product","link":"https:\/\/www.gourmandisedeluxe.com\/es\/tarama-selection\/","title":{"rendered":"Tarama Selecci\u00f3n"},"content":{"rendered":"<p>La Tarama Kaspia Selecci\u00f3n es la referencia de la casa, el punto de partida de una gama en la que cada variaci\u00f3n explora un territorio arom\u00e1tico diferente. Elaborada a partir de 40% de huevas de bacalao ahumadas y saladas, sin colorantes artificiales, tiene un luminoso color blanco nacarado que atestigua su proceso de producci\u00f3n sin adulterar. La textura es suave y ligera, con una cremosidad que se funde inmediatamente en la lengua.<\/p>\n<p>El sabor es el de las huevas de bacalao en su expresi\u00f3n m\u00e1s pura: ahumado, ligeramente yodado, con ese toque de lim\u00f3n concentrado que equilibra la grasa del aceite de colza y despierta el conjunto. Aqu\u00ed no hay nada que ocultar. El bacalao es la estrella del espect\u00e1culo, en una dosis que no deja lugar a dudas sobre el compromiso de la empresa con la calidad.<\/p>\n<p>Servido sobre blinis Kaspia ligeramente calientes, cubierto con una cucharada de cr\u00e8me fraiche espesa y espolvoreado con cebollino picado, es el aperitivo ideal para iniciar una sesi\u00f3n de degustaci\u00f3n de Kaspia. Tambi\u00e9n se puede untar en tostadas de centeno, galletas caseras o rodajas de pepino para una versi\u00f3n m\u00e1s ligera. Un cl\u00e1sico que nunca pasa de moda.<\/p>\n<p>Contenido: 90g. Conservar entre 0\u00b0C y +4\u00b0C. Utilizar en las 48 horas siguientes a su apertura.<\/p>","protected":false},"excerpt":{"rendered":"<p>Elaborado con huevas de bacalao y sin colorantes, nuestro Tarama S\u00e9lection Blanc, sabroso y cremoso, se puede degustar sobre blinis o pan tostado, como aperitivo o entrante.<\/p>\n<p>Composici\u00c3\u0192\u00c2\u00b3n: Aceite de colza, <strong>huevas de bacalao<\/strong> ahumados y salados 40% (<strong>huevas de bacalao<\/strong>sal), agua, pan rallado ( <strong>trigo<\/strong>, agua, sal, levadura), conservante E211, zumo de lim\u00f3n concentrado, <strong>huevas de bacalao<\/strong> 37%. Puede contener trazas de marisco.<\/p>\n<p><em>Conservaci\u00f3n: Entre 0 \u00b0C y +4 \u00b0C.<\/em><\/p>\n<p><em>Cantidad: 90 g<br \/>\n<\/em><em>Precio por kg: 72,22 \u20ac<\/em><\/p>","protected":false},"featured_media":24495,"comment_status":"closed","ping_status":"closed","template":"","meta":[],"product_brand":[],"product_cat":[144,194,146],"product_tag":[],"class_list":{"0":"post-9283","1":"product","2":"type-product","3":"status-publish","4":"has-post-thumbnail","6":"product_cat-a-lapero-kaspia","7":"product_cat-ads_fruits-de-mer","8":"product_cat-traiteur-kaspia","10":"first","11":"instock","12":"taxable","13":"shipping-taxable","14":"purchasable","15":"product-type-simple"},"_links":{"self":[{"href":"https:\/\/www.gourmandisedeluxe.com\/es\/wp-json\/wp\/v2\/product\/9283","targetHints":{"allow":["GET"]}}],"collection":[{"href":"https:\/\/www.gourmandisedeluxe.com\/es\/wp-json\/wp\/v2\/product"}],"about":[{"href":"https:\/\/www.gourmandisedeluxe.com\/es\/wp-json\/wp\/v2\/types\/product"}],"replies":[{"embeddable":true,"href":"https:\/\/www.gourmandisedeluxe.com\/es\/wp-json\/wp\/v2\/comments?post=9283"}],"version-history":[{"count":0,"href":"https:\/\/www.gourmandisedeluxe.com\/es\/wp-json\/wp\/v2\/product\/9283\/revisions"}],"wp:featuredmedia":[{"embeddable":true,"href":"https:\/\/www.gourmandisedeluxe.com\/es\/wp-json\/wp\/v2\/media\/24495"}],"wp:attachment":[{"href":"https:\/\/www.gourmandisedeluxe.com\/es\/wp-json\/wp\/v2\/media?parent=9283"}],"wp:term":[{"taxonomy":"product_brand","embeddable":true,"href":"https:\/\/www.gourmandisedeluxe.com\/es\/wp-json\/wp\/v2\/product_brand?post=9283"},{"taxonomy":"product_cat","embeddable":true,"href":"https:\/\/www.gourmandisedeluxe.com\/es\/wp-json\/wp\/v2\/product_cat?post=9283"},{"taxonomy":"product_tag","embeddable":true,"href":"https:\/\/www.gourmandisedeluxe.com\/es\/wp-json\/wp\/v2\/product_tag?post=9283"}],"curies":[{"name":"wp","href":"https:\/\/api.w.org\/{rel}","templated":true}]}}