{"id":9274,"date":"2020-11-05T19:52:26","date_gmt":"2020-11-05T18:52:26","guid":{"rendered":"https:\/\/www.miel-montet.com\/kaspia_new\/product\/caviar-beluga-reserve-a-partir-de-30g\/"},"modified":"2026-04-22T13:27:27","modified_gmt":"2026-04-22T11:27:27","slug":"caviar-beluga-reserva","status":"publish","type":"product","link":"https:\/\/www.gourmandisedeluxe.com\/es\/caviar-beluga-reserve\/","title":{"rendered":"Caviar Beluga Reserva"},"content":{"rendered":"<p>Parmi les tr\u00e9sors que Kaspia met \u00e0 l\u2019honneur depuis des d\u00e9cennies, le Caviar B\u00e9luga R\u00e9serve occupe une place souveraine. Issu exclusivement de l\u2019esturgeon <em>Huso huso<\/em>, ce g\u00e9ant des eaux qui peut vivre plus d\u2019un si\u00e8cle, il repr\u00e9sente ce que la nature offre de plus pr\u00e9cieux au gastronome exigeant.<\/p>\n<p>La maison Kaspia s\u00e9lectionne pour sa cuv\u00e9e R\u00e9serve uniquement les lots pr\u00e9sentant des crit\u00e8res de qualit\u00e9 sup\u00e9rieurs\u00a0: grains de grande taille, robe variant du gris clair au noir de jais, membrane parfaitement intacte. La d\u00e9gustation r\u00e9v\u00e8le un caviar d\u2019une finesse absolue \u2014 suave, d\u00e9licat, persistant \u2014 aux ar\u00f4mes riches qui \u00e9voluent entre beurre frais, noix et une l\u00e9g\u00e8re touche marine. Sa longueur en bouche est remarquable, laissant une impression durable bien apr\u00e8s la d\u00e9gustation.<\/p>\n<p>Compos\u00e9 uniquement d\u2019\u0153ufs d\u2019esturgeon <em>Huso huso<\/em>, de sel marin et d\u2019une infime quantit\u00e9 de conservateur (E285). \u00c0 conserver entre \u22122\u00b0C et +2\u00b0C. Disponible de 30\u00a0g \u00e0 1\u00a0kg, le B\u00e9luga R\u00e9serve Kaspia est l\u2019invit\u00e9 d\u2019honneur des tables d\u2019exception, un compagnon id\u00e9al pour un champagne de prestige ou un vin blanc de grande garde.<\/p>","protected":false},"excerpt":{"rendered":"<p>Su color var\u00eda entre el gris claro y el negro azabache. Sus particularidades gustativas lo convierten en un caviar fino, delicado, suave, persistente en boca y con un sabor ligeramente mantecoso, con aromas ricos y variados.<\/p>\n<p><strong>Composici\u00c3\u0192\u00c2\u00b3n: huevas de esturi\u00c3\u0192\u00c2\u00b3n Huso huso, sal, conservador E285.<\/strong><\/p>\n<p><em>Conservaci\u00f3n: Entre -2 \u00b0C y +2 \u00b0C.<\/em><\/p>\n<p><em>Seleccione la cantidad que desee a continuaci\u00f3n.<\/em><\/p>","protected":false},"featured_media":24393,"comment_status":"closed","ping_status":"closed","template":"","meta":[],"product_brand":[],"product_cat":[194,103,143],"product_tag":[],"class_list":{"0":"post-9274","1":"product","2":"type-product","3":"status-publish","4":"has-post-thumbnail","6":"product_cat-ads_fruits-de-mer","7":"product_cat-caviars-caviars","8":"product_cat-fetes-kaspia","10":"first","11":"instock","12":"taxable","13":"shipping-taxable","14":"purchasable","15":"product-type-variable"},"_links":{"self":[{"href":"https:\/\/www.gourmandisedeluxe.com\/es\/wp-json\/wp\/v2\/product\/9274","targetHints":{"allow":["GET"]}}],"collection":[{"href":"https:\/\/www.gourmandisedeluxe.com\/es\/wp-json\/wp\/v2\/product"}],"about":[{"href":"https:\/\/www.gourmandisedeluxe.com\/es\/wp-json\/wp\/v2\/types\/product"}],"replies":[{"embeddable":true,"href":"https:\/\/www.gourmandisedeluxe.com\/es\/wp-json\/wp\/v2\/comments?post=9274"}],"version-history":[{"count":0,"href":"https:\/\/www.gourmandisedeluxe.com\/es\/wp-json\/wp\/v2\/product\/9274\/revisions"}],"wp:featuredmedia":[{"embeddable":true,"href":"https:\/\/www.gourmandisedeluxe.com\/es\/wp-json\/wp\/v2\/media\/24393"}],"wp:attachment":[{"href":"https:\/\/www.gourmandisedeluxe.com\/es\/wp-json\/wp\/v2\/media?parent=9274"}],"wp:term":[{"taxonomy":"product_brand","embeddable":true,"href":"https:\/\/www.gourmandisedeluxe.com\/es\/wp-json\/wp\/v2\/product_brand?post=9274"},{"taxonomy":"product_cat","embeddable":true,"href":"https:\/\/www.gourmandisedeluxe.com\/es\/wp-json\/wp\/v2\/product_cat?post=9274"},{"taxonomy":"product_tag","embeddable":true,"href":"https:\/\/www.gourmandisedeluxe.com\/es\/wp-json\/wp\/v2\/product_tag?post=9274"}],"curies":[{"name":"wp","href":"https:\/\/api.w.org\/{rel}","templated":true}]}}