{"id":9259,"date":"2020-11-05T19:45:26","date_gmt":"2020-11-05T18:45:26","guid":{"rendered":"https:\/\/www.miel-montet.com\/kaspia_new\/product\/caviar-baeri-a-partir-de-30g\/"},"modified":"2025-12-19T22:13:15","modified_gmt":"2025-12-19T21:13:15","slug":"caviar-baeri","status":"publish","type":"product","link":"https:\/\/www.gourmandisedeluxe.com\/es\/caviar-baeri\/","title":{"rendered":"Caviar Baeri"},"content":{"rendered":"<h2>Caviar Baeri de Kaspia<\/h2>\n<p>Este excepcional caviar tiene un sabor fresco y un delicado toque yodado. La principal pesquer\u00eda de esta especie de\u2019<strong>esturi\u00c3\u0192\u00c2\u00b3n<\/strong> Se encuentra en Rusia y es la especie m\u00e1s extendida en las explotaciones ganaderas europeas, especialmente en Francia e Italia. Cada grano se distingue por su aspecto, sabor y textura.<br \/>\nLa variedad de platos en los que se puede utilizar el caviar Baeri es infinita. Desde las preparaciones m\u00e1s sencillas (huevos, una rebanada de pan tostado) hasta las recetas m\u00e1s elaboradas (tartar de beluga, brik de caviar o aperitivos creativos).<br \/>\nLe <strong>Caviar Baeri<\/strong> de <strong>Kaspia<\/strong> Es delicadamente suculento al paladar, con un fresco sabor a avellana. Impresione a sus invitados con el caviar Baeri hoy mismo.<\/p>\n<p>Origen: Italia o Francia.<\/p>","protected":false},"excerpt":{"rendered":"<p>Le <strong>Caviar Baeri Kaspia<\/strong> Proviene de una especie de esturi\u00f3n que vive en Rusia y se cr\u00eda en Italia o Bulgaria. De color oscuro, sus granos son de color gris antracita a marr\u00f3n dorado. Los delicados y peque\u00f1os granos del caviar Baeri tienen un sabor francamente yodado. Un sabor fino y delicado con un toque de avellana fresca.<\/p>\n<p><strong>Composici\u00c3\u0192\u00c2\u00b3n: huevas de esturi\u00c3\u0192\u00c2\u00b3n Acipencer baeri, sal, conservante E285.<\/strong><\/p>\n<p><em>Conservaci\u00f3n: Entre -2 \u00b0C y +2 \u00b0C.<\/em><\/p>\n<p><em>Seleccione la cantidad que desee a continuaci\u00f3n.<\/em><\/p>","protected":false},"featured_media":24369,"comment_status":"closed","ping_status":"closed","template":"","meta":[],"product_brand":[],"product_cat":[194,103,143],"product_tag":[],"class_list":{"0":"post-9259","1":"product","2":"type-product","3":"status-publish","4":"has-post-thumbnail","6":"product_cat-ads_fruits-de-mer","7":"product_cat-caviars-caviars","8":"product_cat-fetes-kaspia","10":"first","11":"instock","12":"taxable","13":"shipping-taxable","14":"purchasable","15":"product-type-variable"},"_links":{"self":[{"href":"https:\/\/www.gourmandisedeluxe.com\/es\/wp-json\/wp\/v2\/product\/9259","targetHints":{"allow":["GET"]}}],"collection":[{"href":"https:\/\/www.gourmandisedeluxe.com\/es\/wp-json\/wp\/v2\/product"}],"about":[{"href":"https:\/\/www.gourmandisedeluxe.com\/es\/wp-json\/wp\/v2\/types\/product"}],"replies":[{"embeddable":true,"href":"https:\/\/www.gourmandisedeluxe.com\/es\/wp-json\/wp\/v2\/comments?post=9259"}],"version-history":[{"count":0,"href":"https:\/\/www.gourmandisedeluxe.com\/es\/wp-json\/wp\/v2\/product\/9259\/revisions"}],"wp:featuredmedia":[{"embeddable":true,"href":"https:\/\/www.gourmandisedeluxe.com\/es\/wp-json\/wp\/v2\/media\/24369"}],"wp:attachment":[{"href":"https:\/\/www.gourmandisedeluxe.com\/es\/wp-json\/wp\/v2\/media?parent=9259"}],"wp:term":[{"taxonomy":"product_brand","embeddable":true,"href":"https:\/\/www.gourmandisedeluxe.com\/es\/wp-json\/wp\/v2\/product_brand?post=9259"},{"taxonomy":"product_cat","embeddable":true,"href":"https:\/\/www.gourmandisedeluxe.com\/es\/wp-json\/wp\/v2\/product_cat?post=9259"},{"taxonomy":"product_tag","embeddable":true,"href":"https:\/\/www.gourmandisedeluxe.com\/es\/wp-json\/wp\/v2\/product_tag?post=9259"}],"curies":[{"name":"wp","href":"https:\/\/api.w.org\/{rel}","templated":true}]}}